{"id":681,"date":"2010-06-12T13:51:44","date_gmt":"2010-06-12T13:51:44","guid":{"rendered":"http:\/\/pracownia52.pl\/www\/?page_id=681"},"modified":"2018-12-24T14:12:46","modified_gmt":"2018-12-24T14:12:46","slug":"recydywa-blues-band","status":"publish","type":"page","link":"https:\/\/pracownia52.pl\/www\/?page_id=681","title":{"rendered":"Recydywa (Blues Band)"},"content":{"rendered":"\n<p>zdj\u0119cia, projekty ok\u0142adek (<a href=\"http:\/\/www.polskirock.art.pl\/in-concert,recydywa,2837,plyta.html\"><strong>LP<\/strong><\/a>: gdzie\u015b mam orygina\u0142, musz\u0119 wskanowa\u0107, SP). te\u017c jakie\u015b druki reklamowe \u2013 i \u0142adne anegdoty.<br \/>mr m.<br \/>doda\u0142em te\u017c zdj\u0119cia z nagrywania (drugiej?) p\u0142yty, klub \u201eRura\u201d i okolice<\/p>\n\n\n\n<ul class=\"wp-block-gallery columns-3 is-cropped wp-block-gallery-1 is-layout-flex wp-block-gallery-is-layout-flex\"><li class=\"blocks-gallery-item\"><figure><a href=\"https:\/\/pracownia52.pl\/www\/wp-content\/uploads\/2018\/10\/01-1986-lu-7-Recydywa-421-fot-mr-makowski.jpg\"><img loading=\"lazy\" decoding=\"async\" width=\"1200\" height=\"820\" src=\"https:\/\/pracownia52.pl\/www\/wp-content\/uploads\/2018\/10\/01-1986-lu-7-Recydywa-421-fot-mr-makowski.jpg\" alt=\"\" data-id=\"7835\" class=\"wp-image-7835\" srcset=\"https:\/\/pracownia52.pl\/www\/wp-content\/uploads\/2018\/10\/01-1986-lu-7-Recydywa-421-fot-mr-makowski.jpg?v=1627123692 1200w, https:\/\/pracownia52.pl\/www\/wp-content\/uploads\/2018\/10\/01-1986-lu-7-Recydywa-421-fot-mr-makowski-300x205.jpg?v=1627123692 300w, https:\/\/pracownia52.pl\/www\/wp-content\/uploads\/2018\/10\/01-1986-lu-7-Recydywa-421-fot-mr-makowski-1024x700.jpg?v=1627123692 1024w, https:\/\/pracownia52.pl\/www\/wp-content\/uploads\/2018\/10\/01-1986-lu-7-Recydywa-421-fot-mr-makowski-768x525.jpg?v=1627123692 768w\" sizes=\"auto, (max-width: 767px) 89vw, (max-width: 1000px) 54vw, (max-width: 1071px) 543px, 580px\" \/><\/a><\/figure><\/li><li class=\"blocks-gallery-item\"><figure><a href=\"https:\/\/pracownia52.pl\/www\/wp-content\/uploads\/2018\/10\/02-1986-lu-7-Recydywa-423-fot-mr-makowski.jpg\"><img loading=\"lazy\" decoding=\"async\" width=\"1200\" height=\"787\" src=\"https:\/\/pracownia52.pl\/www\/wp-content\/uploads\/2018\/10\/02-1986-lu-7-Recydywa-423-fot-mr-makowski.jpg\" alt=\"\" data-id=\"7836\" class=\"wp-image-7836\" srcset=\"https:\/\/pracownia52.pl\/www\/wp-content\/uploads\/2018\/10\/02-1986-lu-7-Recydywa-423-fot-mr-makowski.jpg?v=1627123692 1200w, https:\/\/pracownia52.pl\/www\/wp-content\/uploads\/2018\/10\/02-1986-lu-7-Recydywa-423-fot-mr-makowski-300x197.jpg?v=1627123692 300w, https:\/\/pracownia52.pl\/www\/wp-content\/uploads\/2018\/10\/02-1986-lu-7-Recydywa-423-fot-mr-makowski-1024x672.jpg?v=1627123692 1024w, https:\/\/pracownia52.pl\/www\/wp-content\/uploads\/2018\/10\/02-1986-lu-7-Recydywa-423-fot-mr-makowski-768x504.jpg?v=1627123692 768w\" sizes=\"auto, (max-width: 767px) 89vw, (max-width: 1000px) 54vw, (max-width: 1071px) 543px, 580px\" \/><\/a><\/figure><\/li><li class=\"blocks-gallery-item\"><figure><a href=\"https:\/\/pracownia52.pl\/www\/wp-content\/uploads\/2010\/06\/Recydywa-1987-warszawa-3.jpg\"><img loading=\"lazy\" decoding=\"async\" width=\"800\" height=\"540\" src=\"https:\/\/pracownia52.pl\/www\/wp-content\/uploads\/2010\/06\/Recydywa-1987-warszawa-3.jpg\" alt=\"\" data-id=\"684\" class=\"wp-image-684\" srcset=\"https:\/\/pracownia52.pl\/www\/wp-content\/uploads\/2010\/06\/Recydywa-1987-warszawa-3.jpg?v=1627124298 800w, https:\/\/pracownia52.pl\/www\/wp-content\/uploads\/2010\/06\/Recydywa-1987-warszawa-3-300x203.jpg?v=1627124298 300w, https:\/\/pracownia52.pl\/www\/wp-content\/uploads\/2010\/06\/Recydywa-1987-warszawa-3-768x518.jpg?v=1627124298 768w\" sizes=\"auto, (max-width: 767px) 89vw, (max-width: 1000px) 54vw, (max-width: 1071px) 543px, 580px\" \/><\/a><\/figure><\/li><\/ul>\n\n\n\n<ul class=\"wp-block-gallery columns-3 is-cropped wp-block-gallery-2 is-layout-flex wp-block-gallery-is-layout-flex\"><li class=\"blocks-gallery-item\"><figure><a href=\"https:\/\/pracownia52.pl\/www\/wp-content\/uploads\/2010\/06\/recydywa-sp-01.jpg\"><img loading=\"lazy\" decoding=\"async\" width=\"500\" height=\"499\" src=\"https:\/\/pracownia52.pl\/www\/wp-content\/uploads\/2010\/06\/recydywa-sp-01.jpg\" alt=\"\" data-id=\"687\" class=\"wp-image-687\" srcset=\"https:\/\/pracownia52.pl\/www\/wp-content\/uploads\/2010\/06\/recydywa-sp-01.jpg?v=1662646158 500w, https:\/\/pracownia52.pl\/www\/wp-content\/uploads\/2010\/06\/recydywa-sp-01-300x300.jpg?v=1662646158 300w, https:\/\/pracownia52.pl\/www\/wp-content\/uploads\/2010\/06\/recydywa-sp-01-150x150.jpg?v=1662646158 150w, https:\/\/pracownia52.pl\/www\/wp-content\/uploads\/2010\/06\/recydywa-sp-01-75x75.jpg?v=1662646158 75w\" sizes=\"auto, (max-width: 500px) 100vw, 500px\" \/><\/a><\/figure><\/li><li class=\"blocks-gallery-item\"><figure><a href=\"https:\/\/pracownia52.pl\/www\/wp-content\/uploads\/2010\/06\/recydywa-VI-1986-002-mn.jpg\"><img loading=\"lazy\" decoding=\"async\" width=\"550\" height=\"369\" src=\"https:\/\/pracownia52.pl\/www\/wp-content\/uploads\/2010\/06\/recydywa-VI-1986-002-mn.jpg\" alt=\"\" data-id=\"5365\" class=\"wp-image-5365\" srcset=\"https:\/\/pracownia52.pl\/www\/wp-content\/uploads\/2010\/06\/recydywa-VI-1986-002-mn.jpg?v=1627123907 550w, https:\/\/pracownia52.pl\/www\/wp-content\/uploads\/2010\/06\/recydywa-VI-1986-002-mn-300x201.jpg?v=1627123907 300w\" sizes=\"auto, (max-width: 550px) 100vw, 550px\" \/><\/a><\/figure><\/li><li class=\"blocks-gallery-item\"><figure><a href=\"https:\/\/pracownia52.pl\/www\/wp-content\/uploads\/2010\/06\/recydywa-VI-1986-003-mn.jpg\"><img loading=\"lazy\" decoding=\"async\" width=\"550\" height=\"370\" src=\"https:\/\/pracownia52.pl\/www\/wp-content\/uploads\/2010\/06\/recydywa-VI-1986-003-mn.jpg\" alt=\"\" data-id=\"5366\" class=\"wp-image-5366\" srcset=\"https:\/\/pracownia52.pl\/www\/wp-content\/uploads\/2010\/06\/recydywa-VI-1986-003-mn.jpg?v=1627123907 550w, https:\/\/pracownia52.pl\/www\/wp-content\/uploads\/2010\/06\/recydywa-VI-1986-003-mn-300x202.jpg?v=1627123907 300w\" sizes=\"auto, (max-width: 550px) 100vw, 550px\" \/><\/a><\/figure><\/li><li class=\"blocks-gallery-item\"><figure><a href=\"https:\/\/pracownia52.pl\/www\/wp-content\/uploads\/2010\/06\/recydywa-VI-1986-004-mn.jpg\"><img loading=\"lazy\" decoding=\"async\" width=\"550\" height=\"371\" src=\"https:\/\/pracownia52.pl\/www\/wp-content\/uploads\/2010\/06\/recydywa-VI-1986-004-mn.jpg\" alt=\"\" data-id=\"5367\" class=\"wp-image-5367\" srcset=\"https:\/\/pracownia52.pl\/www\/wp-content\/uploads\/2010\/06\/recydywa-VI-1986-004-mn.jpg?v=1627123906 550w, https:\/\/pracownia52.pl\/www\/wp-content\/uploads\/2010\/06\/recydywa-VI-1986-004-mn-300x202.jpg?v=1627123906 300w\" sizes=\"auto, (max-width: 550px) 100vw, 550px\" \/><\/a><\/figure><\/li><li class=\"blocks-gallery-item\"><figure><a href=\"https:\/\/pracownia52.pl\/www\/wp-content\/uploads\/2010\/06\/rura-recydywa-1986-fot-mr-makowski-926-1200pxl.jpg\"><img loading=\"lazy\" decoding=\"async\" width=\"1200\" height=\"796\" src=\"https:\/\/pracownia52.pl\/www\/wp-content\/uploads\/2010\/06\/rura-recydywa-1986-fot-mr-makowski-926-1200pxl.jpg\" alt=\"\" data-id=\"6255\" class=\"wp-image-6255\" srcset=\"https:\/\/pracownia52.pl\/www\/wp-content\/uploads\/2010\/06\/rura-recydywa-1986-fot-mr-makowski-926-1200pxl.jpg?v=1627123762 1200w, https:\/\/pracownia52.pl\/www\/wp-content\/uploads\/2010\/06\/rura-recydywa-1986-fot-mr-makowski-926-1200pxl-300x199.jpg?v=1627123762 300w, https:\/\/pracownia52.pl\/www\/wp-content\/uploads\/2010\/06\/rura-recydywa-1986-fot-mr-makowski-926-1200pxl-1024x679.jpg?v=1627123762 1024w, https:\/\/pracownia52.pl\/www\/wp-content\/uploads\/2010\/06\/rura-recydywa-1986-fot-mr-makowski-926-1200pxl-768x509.jpg?v=1627123762 768w\" sizes=\"auto, (max-width: 767px) 89vw, (max-width: 1000px) 54vw, (max-width: 1071px) 543px, 580px\" \/><\/a><\/figure><\/li><li class=\"blocks-gallery-item\"><figure><a href=\"https:\/\/pracownia52.pl\/www\/wp-content\/uploads\/2010\/06\/recydywa-VI-1986-005-mn.jpg\"><img loading=\"lazy\" decoding=\"async\" width=\"550\" height=\"364\" src=\"https:\/\/pracownia52.pl\/www\/wp-content\/uploads\/2010\/06\/recydywa-VI-1986-005-mn.jpg\" alt=\"\" data-id=\"5368\" class=\"wp-image-5368\" srcset=\"https:\/\/pracownia52.pl\/www\/wp-content\/uploads\/2010\/06\/recydywa-VI-1986-005-mn.jpg?v=1627123906 550w, https:\/\/pracownia52.pl\/www\/wp-content\/uploads\/2010\/06\/recydywa-VI-1986-005-mn-300x199.jpg?v=1627123906 300w\" sizes=\"auto, (max-width: 550px) 100vw, 550px\" \/><\/a><\/figure><\/li><li class=\"blocks-gallery-item\"><figure><a href=\"https:\/\/pracownia52.pl\/www\/wp-content\/uploads\/2010\/06\/Recydywa-Wr-86.jpg\"><img loading=\"lazy\" decoding=\"async\" width=\"450\" height=\"668\" src=\"https:\/\/pracownia52.pl\/www\/wp-content\/uploads\/2010\/06\/Recydywa-Wr-86.jpg\" alt=\"\" data-id=\"688\" class=\"wp-image-688\" srcset=\"https:\/\/pracownia52.pl\/www\/wp-content\/uploads\/2010\/06\/Recydywa-Wr-86.jpg?v=1627124297 450w, https:\/\/pracownia52.pl\/www\/wp-content\/uploads\/2010\/06\/Recydywa-Wr-86-202x300.jpg?v=1627124297 202w\" sizes=\"auto, (max-width: 450px) 100vw, 450px\" \/><\/a><\/figure><\/li><li class=\"blocks-gallery-item\"><figure><a href=\"https:\/\/pracownia52.pl\/www\/wp-content\/uploads\/2010\/06\/recydywa-VI-1986-001-mn.jpg\"><img loading=\"lazy\" decoding=\"async\" width=\"321\" height=\"480\" src=\"https:\/\/pracownia52.pl\/www\/wp-content\/uploads\/2010\/06\/recydywa-VI-1986-001-mn.jpg\" alt=\"\" data-id=\"5364\" class=\"wp-image-5364\" srcset=\"https:\/\/pracownia52.pl\/www\/wp-content\/uploads\/2010\/06\/recydywa-VI-1986-001-mn.jpg?v=1627123907 321w, https:\/\/pracownia52.pl\/www\/wp-content\/uploads\/2010\/06\/recydywa-VI-1986-001-mn-201x300.jpg?v=1627123907 201w\" sizes=\"auto, (max-width: 321px) 100vw, 321px\" \/><\/a><\/figure><\/li><\/ul>\n","protected":false},"excerpt":{"rendered":"<p>zdj\u0119cia, projekty ok\u0142adek (LP: gdzie\u015b mam orygina\u0142, musz\u0119 wskanowa\u0107, SP). te\u017c jakie\u015b druki reklamowe \u2013 i \u0142adne anegdoty.mr m.doda\u0142em te\u017c zdj\u0119cia z nagrywania (drugiej?) p\u0142yty, klub \u201eRura\u201d i okolice<\/p>\n","protected":false},"author":1,"featured_media":0,"parent":0,"menu_order":0,"comment_status":"closed","ping_status":"open","template":"","meta":{"footnotes":""},"class_list":["post-681","page","type-page","status-publish","hentry"],"_links":{"self":[{"href":"https:\/\/pracownia52.pl\/www\/index.php?rest_route=\/wp\/v2\/pages\/681","targetHints":{"allow":["GET"]}}],"collection":[{"href":"https:\/\/pracownia52.pl\/www\/index.php?rest_route=\/wp\/v2\/pages"}],"about":[{"href":"https:\/\/pracownia52.pl\/www\/index.php?rest_route=\/wp\/v2\/types\/page"}],"author":[{"embeddable":true,"href":"https:\/\/pracownia52.pl\/www\/index.php?rest_route=\/wp\/v2\/users\/1"}],"replies":[{"embeddable":true,"href":"https:\/\/pracownia52.pl\/www\/index.php?rest_route=%2Fwp%2Fv2%2Fcomments&post=681"}],"version-history":[{"count":20,"href":"https:\/\/pracownia52.pl\/www\/index.php?rest_route=\/wp\/v2\/pages\/681\/revisions"}],"predecessor-version":[{"id":8331,"href":"https:\/\/pracownia52.pl\/www\/index.php?rest_route=\/wp\/v2\/pages\/681\/revisions\/8331"}],"wp:attachment":[{"href":"https:\/\/pracownia52.pl\/www\/index.php?rest_route=%2Fwp%2Fv2%2Fmedia&parent=681"}],"curies":[{"name":"wp","href":"https:\/\/api.w.org\/{rel}","templated":true}]}}