{"id":6940,"date":"2017-06-11T12:55:35","date_gmt":"2017-06-11T12:55:35","guid":{"rendered":"https:\/\/pracownia52.pl\/www\/?page_id=6940"},"modified":"2018-12-27T16:06:50","modified_gmt":"2018-12-27T16:06:50","slug":"jan-himilsbach","status":"publish","type":"page","link":"https:\/\/pracownia52.pl\/www\/?page_id=6940","title":{"rendered":"Jan Himilsbach"},"content":{"rendered":"\n<p>\u2026cho\u0107 nie mia\u0142em jakich\u015b wi\u0119kszych kontakt\u00f3w \u2013 Pan Jan zdecydowanie zas\u0142uguje na osobn\u0105 stron\u0119: lubi\u0119 te jego \\ moje zdj\u0119cia, kiedy\u015b w \u201e<a href=\"https:\/\/pracownia52.pl\/www\/?page_id=325\"><strong>itd<\/strong><\/a>\u201d.<br \/>mr m.<\/p>\n\n\n\n<ul class=\"wp-block-gallery columns-3 is-cropped wp-block-gallery-1 is-layout-flex wp-block-gallery-is-layout-flex\"><li class=\"blocks-gallery-item\"><figure><a href=\"https:\/\/pracownia52.pl\/www\/wp-content\/uploads\/2010\/06\/jan-himilsbach-1980-1-16.jpg\"><img loading=\"lazy\" decoding=\"async\" width=\"800\" height=\"531\" src=\"https:\/\/pracownia52.pl\/www\/wp-content\/uploads\/2010\/06\/jan-himilsbach-1980-1-16.jpg\" alt=\"\" data-id=\"328\" class=\"wp-image-328\" srcset=\"https:\/\/pracownia52.pl\/www\/wp-content\/uploads\/2010\/06\/jan-himilsbach-1980-1-16.jpg?v=1627124310 800w, https:\/\/pracownia52.pl\/www\/wp-content\/uploads\/2010\/06\/jan-himilsbach-1980-1-16-300x199.jpg?v=1627124310 300w, https:\/\/pracownia52.pl\/www\/wp-content\/uploads\/2010\/06\/jan-himilsbach-1980-1-16-768x510.jpg?v=1627124310 768w\" sizes=\"auto, (max-width: 767px) 89vw, (max-width: 1000px) 54vw, (max-width: 1071px) 543px, 580px\" \/><\/a><\/figure><\/li><li class=\"blocks-gallery-item\"><figure><a href=\"https:\/\/pracownia52.pl\/www\/wp-content\/uploads\/2010\/06\/jan-himilsbach-magneto-2f-31.jpg\"><img loading=\"lazy\" decoding=\"async\" width=\"525\" height=\"800\" src=\"https:\/\/pracownia52.pl\/www\/wp-content\/uploads\/2010\/06\/jan-himilsbach-magneto-2f-31.jpg\" alt=\"\" data-id=\"4859\" class=\"wp-image-4859\" srcset=\"https:\/\/pracownia52.pl\/www\/wp-content\/uploads\/2010\/06\/jan-himilsbach-magneto-2f-31.jpg?v=1627123946 525w, https:\/\/pracownia52.pl\/www\/wp-content\/uploads\/2010\/06\/jan-himilsbach-magneto-2f-31-197x300.jpg?v=1627123946 197w\" sizes=\"auto, (max-width: 525px) 100vw, 525px\" \/><\/a><\/figure><\/li><li class=\"blocks-gallery-item\"><figure><a href=\"https:\/\/pracownia52.pl\/www\/wp-content\/uploads\/2018\/04\/jan-himilsbach-papieros-1980-15-740x486.jpg\"><img loading=\"lazy\" decoding=\"async\" width=\"740\" height=\"486\" src=\"https:\/\/pracownia52.pl\/www\/wp-content\/uploads\/2018\/04\/jan-himilsbach-papieros-1980-15-740x486.jpg\" alt=\"\" data-id=\"7524\" class=\"wp-image-7524\" srcset=\"https:\/\/pracownia52.pl\/www\/wp-content\/uploads\/2018\/04\/jan-himilsbach-papieros-1980-15-740x486.jpg?v=1627123707 740w, https:\/\/pracownia52.pl\/www\/wp-content\/uploads\/2018\/04\/jan-himilsbach-papieros-1980-15-740x486-300x197.jpg?v=1627123707 300w\" sizes=\"auto, (max-width: 706px) 89vw, (max-width: 767px) 82vw, 740px\" \/><\/a><\/figure><\/li><\/ul>\n","protected":false},"excerpt":{"rendered":"<p>\u2026cho\u0107 nie mia\u0142em jakich\u015b wi\u0119kszych kontakt\u00f3w \u2013 Pan Jan zdecydowanie zas\u0142uguje na osobn\u0105 stron\u0119: lubi\u0119 te jego \\ moje zdj\u0119cia, kiedy\u015b w \u201eitd\u201d.mr m.<\/p>\n","protected":false},"author":1,"featured_media":328,"parent":0,"menu_order":3,"comment_status":"closed","ping_status":"closed","template":"","meta":{"footnotes":""},"class_list":["post-6940","page","type-page","status-publish","has-post-thumbnail","hentry"],"_links":{"self":[{"href":"https:\/\/pracownia52.pl\/www\/index.php?rest_route=\/wp\/v2\/pages\/6940","targetHints":{"allow":["GET"]}}],"collection":[{"href":"https:\/\/pracownia52.pl\/www\/index.php?rest_route=\/wp\/v2\/pages"}],"about":[{"href":"https:\/\/pracownia52.pl\/www\/index.php?rest_route=\/wp\/v2\/types\/page"}],"author":[{"embeddable":true,"href":"https:\/\/pracownia52.pl\/www\/index.php?rest_route=\/wp\/v2\/users\/1"}],"replies":[{"embeddable":true,"href":"https:\/\/pracownia52.pl\/www\/index.php?rest_route=%2Fwp%2Fv2%2Fcomments&post=6940"}],"version-history":[{"count":7,"href":"https:\/\/pracownia52.pl\/www\/index.php?rest_route=\/wp\/v2\/pages\/6940\/revisions"}],"predecessor-version":[{"id":8430,"href":"https:\/\/pracownia52.pl\/www\/index.php?rest_route=\/wp\/v2\/pages\/6940\/revisions\/8430"}],"wp:featuredmedia":[{"embeddable":true,"href":"https:\/\/pracownia52.pl\/www\/index.php?rest_route=\/wp\/v2\/media\/328"}],"wp:attachment":[{"href":"https:\/\/pracownia52.pl\/www\/index.php?rest_route=%2Fwp%2Fv2%2Fmedia&parent=6940"}],"curies":[{"name":"wp","href":"https:\/\/api.w.org\/{rel}","templated":true}]}}