{"id":698,"date":"2010-06-12T14:03:33","date_gmt":"2010-06-12T14:03:33","guid":{"rendered":"http:\/\/pracownia52.pl\/www\/?page_id=698"},"modified":"2018-12-05T13:09:27","modified_gmt":"2018-12-05T13:09:27","slug":"ryszard-%e2%80%9eskiba%e2%80%9d-skibinski","status":"publish","type":"page","link":"https:\/\/pracownia52.pl\/www\/?page_id=698","title":{"rendered":"Ryszard \u201eSkiba\u201d Skibi\u0144ski"},"content":{"rendered":"<p>zdj\u0119cia, ok\u0142adka do LP \u201e<a href=\"https:\/\/pracownia52.pl\/www\/?page_id=416\"><strong>ostatni koncert<\/strong><\/a>\u201d (z Krzakiem) \u2013 d\u0142ugoby opowiada\u0107\u2026 w 2006 \u2013 reedycja na CD.<br \/>\nzob. te\u017c: <a href=\"http:\/\/pracownia52.pl\/www\/?page_id=416\"><strong>Krzak<\/strong><\/a>, <a href=\"https:\/\/pracownia52.pl\/www\/?page_id=480\"><strong>Marcin Jacobson<\/strong><\/a>, <a href=\"https:\/\/pracownia52.pl\/www\/?page_id=390\"><strong>Kasa Chorych<\/strong><\/a> (a tam ok\u0142adki do CD\u2019s)<br \/>\nmr m.<\/p>\n","protected":false},"excerpt":{"rendered":"<p>zdj\u0119cia, ok\u0142adka do LP \u201eostatni koncert\u201d (z Krzakiem) \u2013 d\u0142ugoby opowiada\u0107\u2026 w 2006 \u2013 reedycja na CD. zob. te\u017c: Krzak, Marcin Jacobson, Kasa Chorych (a tam ok\u0142adki do CD\u2019s) mr m.<\/p>\n","protected":false},"author":1,"featured_media":701,"parent":0,"menu_order":0,"comment_status":"closed","ping_status":"open","template":"","meta":{"footnotes":""},"class_list":["post-698","page","type-page","status-publish","has-post-thumbnail","hentry"],"_links":{"self":[{"href":"https:\/\/pracownia52.pl\/www\/index.php?rest_route=\/wp\/v2\/pages\/698","targetHints":{"allow":["GET"]}}],"collection":[{"href":"https:\/\/pracownia52.pl\/www\/index.php?rest_route=\/wp\/v2\/pages"}],"about":[{"href":"https:\/\/pracownia52.pl\/www\/index.php?rest_route=\/wp\/v2\/types\/page"}],"author":[{"embeddable":true,"href":"https:\/\/pracownia52.pl\/www\/index.php?rest_route=\/wp\/v2\/users\/1"}],"replies":[{"embeddable":true,"href":"https:\/\/pracownia52.pl\/www\/index.php?rest_route=%2Fwp%2Fv2%2Fcomments&post=698"}],"version-history":[{"count":8,"href":"https:\/\/pracownia52.pl\/www\/index.php?rest_route=\/wp\/v2\/pages\/698\/revisions"}],"predecessor-version":[{"id":8022,"href":"https:\/\/pracownia52.pl\/www\/index.php?rest_route=\/wp\/v2\/pages\/698\/revisions\/8022"}],"wp:featuredmedia":[{"embeddable":true,"href":"https:\/\/pracownia52.pl\/www\/index.php?rest_route=\/wp\/v2\/media\/701"}],"wp:attachment":[{"href":"https:\/\/pracownia52.pl\/www\/index.php?rest_route=%2Fwp%2Fv2%2Fmedia&parent=698"}],"curies":[{"name":"wp","href":"https:\/\/api.w.org\/{rel}","templated":true}]}}