{"id":706,"date":"2010-06-12T14:11:21","date_gmt":"2010-06-12T14:11:21","guid":{"rendered":"http:\/\/pracownia52.pl\/www\/?page_id=706"},"modified":"2018-12-28T12:06:34","modified_gmt":"2018-12-28T12:06:34","slug":"sami-fashion-group","status":"publish","type":"page","link":"https:\/\/pracownia52.pl\/www\/?page_id=706","title":{"rendered":"Sami (Fashion Group)"},"content":{"rendered":"<p>Logo, projekt wszywki \u017cakardowej do ubra\u0144: firma szyj\u0105ca stroje \u2013 <strong>Janka Pospieszalskiego<\/strong> (lub jego \u017cony). Zob. <a href=\"http:\/\/pracownia52.pl\/www\/?page_id=845\">Voo Voo<\/a>.<br \/>\nmr m.<br \/>\n<img loading=\"lazy\" decoding=\"async\" class=\"alignnone size-full wp-image-708\" title=\"sami-fashion-group\" src=\"http:\/\/pracownia52.pl\/www\/wp-content\/uploads\/2010\/06\/sami-fashion-group.jpg\" alt=\"\" width=\"600\" height=\"300\" \/><\/p>\n","protected":false},"excerpt":{"rendered":"<p>Logo, projekt wszywki \u017cakardowej do ubra\u0144: firma szyj\u0105ca stroje \u2013 Janka Pospieszalskiego (lub jego \u017cony). Zob. Voo Voo. mr m.<\/p>\n","protected":false},"author":1,"featured_media":0,"parent":0,"menu_order":3,"comment_status":"closed","ping_status":"open","template":"","meta":{"footnotes":""},"class_list":["post-706","page","type-page","status-publish","hentry"],"_links":{"self":[{"href":"https:\/\/pracownia52.pl\/www\/index.php?rest_route=\/wp\/v2\/pages\/706","targetHints":{"allow":["GET"]}}],"collection":[{"href":"https:\/\/pracownia52.pl\/www\/index.php?rest_route=\/wp\/v2\/pages"}],"about":[{"href":"https:\/\/pracownia52.pl\/www\/index.php?rest_route=\/wp\/v2\/types\/page"}],"author":[{"embeddable":true,"href":"https:\/\/pracownia52.pl\/www\/index.php?rest_route=\/wp\/v2\/users\/1"}],"replies":[{"embeddable":true,"href":"https:\/\/pracownia52.pl\/www\/index.php?rest_route=%2Fwp%2Fv2%2Fcomments&post=706"}],"version-history":[{"count":10,"href":"https:\/\/pracownia52.pl\/www\/index.php?rest_route=\/wp\/v2\/pages\/706\/revisions"}],"predecessor-version":[{"id":8454,"href":"https:\/\/pracownia52.pl\/www\/index.php?rest_route=\/wp\/v2\/pages\/706\/revisions\/8454"}],"wp:attachment":[{"href":"https:\/\/pracownia52.pl\/www\/index.php?rest_route=%2Fwp%2Fv2%2Fmedia&parent=706"}],"curies":[{"name":"wp","href":"https:\/\/api.w.org\/{rel}","templated":true}]}}