{"id":7183,"date":"2017-09-25T16:17:25","date_gmt":"2017-09-25T16:17:25","guid":{"rendered":"https:\/\/pracownia52.pl\/www\/?page_id=7183"},"modified":"2019-01-10T11:15:14","modified_gmt":"2019-01-10T11:15:14","slug":"mragowo-country-piknik-1983","status":"publish","type":"page","link":"https:\/\/pracownia52.pl\/www\/?page_id=7183","title":{"rendered":"Mr\u0105gowo, country piknik, 1983"},"content":{"rendered":"\n<p>bardzo\u2026 pouczaj\u0105ca impreza. jedna z pierwszych, na kt\u00f3r\u0105 pojecha\u0142em ju\u017c jak <em>wa\u017cny-pan-kierownik<\/em> w \u201e<a href=\"https:\/\/pracownia52.pl\/www\/?page_id=461\"><strong>Magazynie<\/strong><\/a>\u2026\u201d du\u017co zabawy, mn\u00f3stwo ludzi; wspomnijmy tylko kilka nazwisk, tych fajniejszych: \u201eFlorek\u201d Ciborowski (g\u0142\u00f3wnie skrzypce, ale gra\u0142 chyba na wszystkich instrumentach), posta\u0107 nies\u0142usznie zapomniana chyba. i oczywi\u015bcie panowie ze zdj\u0119cia, od lewej: <a href=\"https:\/\/pracownia52.pl\/www\/?page_id=1639\"><strong>Rafa\u0142 R\u0119kosiewicz<\/strong><\/a> (siedzi), <a href=\"https:\/\/pracownia52.pl\/www\/?page_id=1275\"><strong>Wojtek Bellon<\/strong><\/a> (stoi) i <a href=\"https:\/\/pracownia52.pl\/www\/?page_id=487\"><strong>Marek \u015anie\u0107<\/strong><\/a> (te\u017c siedzi).<br \/>\u2026<br \/>do tego jakie\u015b t\u0142umy ludzi w mym pokoju (bo mia\u0142em, jako Kierownik! a \u0142atwo nie by\u0142o: p\u00f3\u0142 TVP na delegacyjnych wakacjach), p\u0142ci obojga \u2013 dzie\u0144, noc: spa\u0142em (niewiele) na materacach na balkonie, by\u0142o \u015bwietnie\u2026 no, muzyki troch\u0119 ma\u0142o, ale czego wymaga\u0107 od stanu wojennego.<br \/>mr m.<br \/>(a galeri\u0119 kiedy\u015b powi\u0119ksz\u0119, niewiele.)<\/p>\n\n\n\n<ul class=\"wp-block-gallery columns-1 is-cropped wp-block-gallery-1 is-layout-flex wp-block-gallery-is-layout-flex\"><li class=\"blocks-gallery-item\"><figure><img loading=\"lazy\" decoding=\"async\" width=\"1024\" height=\"700\" src=\"https:\/\/pracownia52.pl\/www\/wp-content\/uploads\/2017\/09\/mragowo-Country-1983-002-Rafal-Rek-Wojt-Belon-m-Sniec-1024x700.jpg\" alt=\"\" data-id=\"7189\" data-link=\"https:\/\/pracownia52.pl\/www\/?attachment_id=7189\" class=\"wp-image-7189\" srcset=\"https:\/\/pracownia52.pl\/www\/wp-content\/uploads\/2017\/09\/mragowo-Country-1983-002-Rafal-Rek-Wojt-Belon-m-Sniec-1024x700.jpg?v=1627123721 1024w, https:\/\/pracownia52.pl\/www\/wp-content\/uploads\/2017\/09\/mragowo-Country-1983-002-Rafal-Rek-Wojt-Belon-m-Sniec-300x205.jpg?v=1627123721 300w, https:\/\/pracownia52.pl\/www\/wp-content\/uploads\/2017\/09\/mragowo-Country-1983-002-Rafal-Rek-Wojt-Belon-m-Sniec-768x525.jpg?v=1627123721 768w, https:\/\/pracownia52.pl\/www\/wp-content\/uploads\/2017\/09\/mragowo-Country-1983-002-Rafal-Rek-Wojt-Belon-m-Sniec.jpg?v=1627123721 1200w\" sizes=\"auto, (max-width: 767px) 89vw, (max-width: 1000px) 54vw, (max-width: 1071px) 543px, 580px\" \/><\/figure><\/li><\/ul>\n\n\n\n<ul class=\"wp-block-gallery columns-3 is-cropped wp-block-gallery-2 is-layout-flex wp-block-gallery-is-layout-flex\"><li class=\"blocks-gallery-item\"><figure><img data-id=\"7189\" class=\"wp-image-7189\"\/><\/figure><\/li><\/ul>\n","protected":false},"excerpt":{"rendered":"<p>bardzo\u2026 pouczaj\u0105ca impreza. jedna z pierwszych, na kt\u00f3r\u0105 pojecha\u0142em ju\u017c jak wa\u017cny-pan-kierownik w \u201eMagazynie\u2026\u201d du\u017co zabawy, mn\u00f3stwo ludzi; wspomnijmy tylko kilka nazwisk, tych fajniejszych: \u201eFlorek\u201d Ciborowski (g\u0142\u00f3wnie skrzypce, ale gra\u0142 chyba na wszystkich instrumentach), posta\u0107 nies\u0142usznie zapomniana chyba. i oczywi\u015bcie panowie ze zdj\u0119cia, od lewej: Rafa\u0142 R\u0119kosiewicz (siedzi), Wojtek Bellon (stoi) i Marek \u015anie\u0107 (te\u017c &hellip; <\/p>\n<p class=\"link-more\"><a href=\"https:\/\/pracownia52.pl\/www\/?page_id=7183\" class=\"more-link\">Czytaj dalej<span class=\"screen-reader-text\"> \u201eMr\u0105gowo, country piknik, 1983\u201d<\/span><\/a><\/p>\n","protected":false},"author":1,"featured_media":7189,"parent":0,"menu_order":0,"comment_status":"closed","ping_status":"closed","template":"","meta":{"footnotes":""},"class_list":["post-7183","page","type-page","status-publish","has-post-thumbnail","hentry"],"_links":{"self":[{"href":"https:\/\/pracownia52.pl\/www\/index.php?rest_route=\/wp\/v2\/pages\/7183","targetHints":{"allow":["GET"]}}],"collection":[{"href":"https:\/\/pracownia52.pl\/www\/index.php?rest_route=\/wp\/v2\/pages"}],"about":[{"href":"https:\/\/pracownia52.pl\/www\/index.php?rest_route=\/wp\/v2\/types\/page"}],"author":[{"embeddable":true,"href":"https:\/\/pracownia52.pl\/www\/index.php?rest_route=\/wp\/v2\/users\/1"}],"replies":[{"embeddable":true,"href":"https:\/\/pracownia52.pl\/www\/index.php?rest_route=%2Fwp%2Fv2%2Fcomments&post=7183"}],"version-history":[{"count":10,"href":"https:\/\/pracownia52.pl\/www\/index.php?rest_route=\/wp\/v2\/pages\/7183\/revisions"}],"predecessor-version":[{"id":8706,"href":"https:\/\/pracownia52.pl\/www\/index.php?rest_route=\/wp\/v2\/pages\/7183\/revisions\/8706"}],"wp:featuredmedia":[{"embeddable":true,"href":"https:\/\/pracownia52.pl\/www\/index.php?rest_route=\/wp\/v2\/media\/7189"}],"wp:attachment":[{"href":"https:\/\/pracownia52.pl\/www\/index.php?rest_route=%2Fwp%2Fv2%2Fmedia&parent=7183"}],"curies":[{"name":"wp","href":"https:\/\/api.w.org\/{rel}","templated":true}]}}