{"id":7340,"date":"2017-12-03T10:09:04","date_gmt":"2017-12-03T10:09:04","guid":{"rendered":"https:\/\/pracownia52.pl\/www\/?page_id=7340"},"modified":"2020-02-21T09:55:46","modified_gmt":"2020-02-21T09:55:46","slug":"gdynska-nowa-scena-1988","status":"publish","type":"page","link":"https:\/\/pracownia52.pl\/www\/?page_id=7340","title":{"rendered":"Gdy\u0144ska \u201enowa scena\u201d (1988)"},"content":{"rendered":"\n<p><a href=\"https:\/\/pl.wikipedia.org\/wiki\/Nowa_Scena\"><strong>Waldemar Rudziecki<\/strong><\/a> to robi\u0142. Jedne z ostatnich moich zdj\u0119\u0107 przed przej\u015bciem z \u201e<a href=\"https:\/\/pracownia52.pl\/www\/?page_id=461\"><strong>MM<\/strong><\/a>\u201d (gdzie w\u0142a\u015bnie awansowa\u0142em, zn\u00f3w: ale tym razem na kierownika dz. krajowego, ha!) do <a href=\"https:\/\/pracownia52.pl\/www\/?page_id=13\"><strong>Non Stopu<\/strong><\/a>, inne role. <br \/>D\u0142u\u017csza opowie\u015b\u0107, dla Starc\u00f3w tylko, dzi\u015b. Niewiele zdj\u0119\u0107 (cho\u0107 jest np. <a href=\"https:\/\/pracownia52.pl\/www\/?page_id=7334\"><strong>Gardenia<\/strong><\/a>), zaj\u0119ty by\u0142em ju\u017c czym\u015b innym.<br \/> mr m.<\/p>\n\n\n\n<figure class=\"wp-block-gallery columns-3 is-cropped wp-block-gallery-1 is-layout-flex wp-block-gallery-is-layout-flex\"><ul class=\"blocks-gallery-grid\"><li class=\"blocks-gallery-item\"><figure><a href=\"https:\/\/pracownia52.pl\/www\/wp-content\/uploads\/2019\/05\/004-1988-II-gdynia-NowaScena-scena-oo3mnmod.jpg\"><img loading=\"lazy\" decoding=\"async\" width=\"800\" height=\"532\" src=\"https:\/\/pracownia52.pl\/www\/wp-content\/uploads\/2019\/05\/004-1988-II-gdynia-NowaScena-scena-oo3mnmod.jpg\" alt=\"\" data-id=\"9407\" data-full-url=\"https:\/\/pracownia52.pl\/www\/wp-content\/uploads\/2019\/05\/004-1988-II-gdynia-NowaScena-scena-oo3mnmod.jpg\" data-link=\"https:\/\/pracownia52.pl\/www\/?attachment_id=9407\" class=\"wp-image-9407\" srcset=\"https:\/\/pracownia52.pl\/www\/wp-content\/uploads\/2019\/05\/004-1988-II-gdynia-NowaScena-scena-oo3mnmod.jpg?v=1627123599 800w, https:\/\/pracownia52.pl\/www\/wp-content\/uploads\/2019\/05\/004-1988-II-gdynia-NowaScena-scena-oo3mnmod-300x200.jpg?v=1627123599 300w, https:\/\/pracownia52.pl\/www\/wp-content\/uploads\/2019\/05\/004-1988-II-gdynia-NowaScena-scena-oo3mnmod-768x511.jpg?v=1627123599 768w\" sizes=\"auto, (max-width: 767px) 89vw, (max-width: 1000px) 54vw, (max-width: 1071px) 543px, 580px\" \/><\/a><\/figure><\/li><li class=\"blocks-gallery-item\"><figure><a href=\"https:\/\/pracownia52.pl\/www\/wp-content\/uploads\/2017\/12\/gdynia-nowa-scena-II-fot-mr-makowski-low-res.jpg\"><img loading=\"lazy\" decoding=\"async\" width=\"1024\" height=\"683\" src=\"https:\/\/pracownia52.pl\/www\/wp-content\/uploads\/2017\/12\/gdynia-nowa-scena-II-fot-mr-makowski-low-res-1024x683.jpg\" alt=\"\" data-id=\"7343\" data-full-url=\"https:\/\/pracownia52.pl\/www\/wp-content\/uploads\/2017\/12\/gdynia-nowa-scena-II-fot-mr-makowski-low-res.jpg\" data-link=\"https:\/\/pracownia52.pl\/www\/?attachment_id=7343\" class=\"wp-image-7343\" srcset=\"https:\/\/pracownia52.pl\/www\/wp-content\/uploads\/2017\/12\/gdynia-nowa-scena-II-fot-mr-makowski-low-res-1024x683.jpg?v=1627123716 1024w, https:\/\/pracownia52.pl\/www\/wp-content\/uploads\/2017\/12\/gdynia-nowa-scena-II-fot-mr-makowski-low-res-300x200.jpg?v=1627123716 300w, https:\/\/pracownia52.pl\/www\/wp-content\/uploads\/2017\/12\/gdynia-nowa-scena-II-fot-mr-makowski-low-res-768x512.jpg?v=1627123716 768w, https:\/\/pracownia52.pl\/www\/wp-content\/uploads\/2017\/12\/gdynia-nowa-scena-II-fot-mr-makowski-low-res.jpg?v=1627123716 1200w\" sizes=\"auto, (max-width: 767px) 89vw, (max-width: 1000px) 54vw, (max-width: 1071px) 543px, 580px\" \/><\/a><figcaption class=\"blocks-gallery-item__caption\">\u201eCo Za Zesp\u00f3\u0142!?\u201d z Kwidzyna<\/figcaption><\/figure><\/li><li class=\"blocks-gallery-item\"><figure><a href=\"https:\/\/pracownia52.pl\/www\/wp-content\/uploads\/2017\/12\/Gardenia-1988-II-gdynia-Nowa-Scena-low-Alek.jpg\"><img loading=\"lazy\" decoding=\"async\" width=\"1024\" height=\"633\" src=\"https:\/\/pracownia52.pl\/www\/wp-content\/uploads\/2017\/12\/Gardenia-1988-II-gdynia-Nowa-Scena-low-Alek-1024x633.jpg\" alt=\"\" data-id=\"7336\" data-full-url=\"https:\/\/pracownia52.pl\/www\/wp-content\/uploads\/2017\/12\/Gardenia-1988-II-gdynia-Nowa-Scena-low-Alek.jpg\" data-link=\"https:\/\/pracownia52.pl\/www\/?attachment_id=7336\" class=\"wp-image-7336\" srcset=\"https:\/\/pracownia52.pl\/www\/wp-content\/uploads\/2017\/12\/Gardenia-1988-II-gdynia-Nowa-Scena-low-Alek-1024x633.jpg?v=1627123716 1024w, https:\/\/pracownia52.pl\/www\/wp-content\/uploads\/2017\/12\/Gardenia-1988-II-gdynia-Nowa-Scena-low-Alek-300x186.jpg?v=1627123716 300w, https:\/\/pracownia52.pl\/www\/wp-content\/uploads\/2017\/12\/Gardenia-1988-II-gdynia-Nowa-Scena-low-Alek-768x475.jpg?v=1627123716 768w, https:\/\/pracownia52.pl\/www\/wp-content\/uploads\/2017\/12\/Gardenia-1988-II-gdynia-Nowa-Scena-low-Alek.jpg?v=1627123716 1200w\" sizes=\"auto, (max-width: 767px) 89vw, (max-width: 1000px) 54vw, (max-width: 1071px) 543px, 580px\" \/><\/a><figcaption class=\"blocks-gallery-item__caption\">\u201eGardenia\u201d<\/figcaption><\/figure><\/li><\/ul><\/figure>\n","protected":false},"excerpt":{"rendered":"<p>Waldemar Rudziecki to robi\u0142. Jedne z ostatnich moich zdj\u0119\u0107 przed przej\u015bciem z \u201eMM\u201d (gdzie w\u0142a\u015bnie awansowa\u0142em, zn\u00f3w: ale tym razem na kierownika dz. krajowego, ha!) do Non Stopu, inne role. D\u0142u\u017csza opowie\u015b\u0107, dla Starc\u00f3w tylko, dzi\u015b. Niewiele zdj\u0119\u0107 (cho\u0107 jest np. Gardenia), zaj\u0119ty by\u0142em ju\u017c czym\u015b innym. mr m.<\/p>\n","protected":false},"author":1,"featured_media":7343,"parent":0,"menu_order":0,"comment_status":"closed","ping_status":"closed","template":"","meta":{"footnotes":""},"class_list":["post-7340","page","type-page","status-publish","has-post-thumbnail","hentry"],"_links":{"self":[{"href":"https:\/\/pracownia52.pl\/www\/index.php?rest_route=\/wp\/v2\/pages\/7340","targetHints":{"allow":["GET"]}}],"collection":[{"href":"https:\/\/pracownia52.pl\/www\/index.php?rest_route=\/wp\/v2\/pages"}],"about":[{"href":"https:\/\/pracownia52.pl\/www\/index.php?rest_route=\/wp\/v2\/types\/page"}],"author":[{"embeddable":true,"href":"https:\/\/pracownia52.pl\/www\/index.php?rest_route=\/wp\/v2\/users\/1"}],"replies":[{"embeddable":true,"href":"https:\/\/pracownia52.pl\/www\/index.php?rest_route=%2Fwp%2Fv2%2Fcomments&post=7340"}],"version-history":[{"count":7,"href":"https:\/\/pracownia52.pl\/www\/index.php?rest_route=\/wp\/v2\/pages\/7340\/revisions"}],"predecessor-version":[{"id":9699,"href":"https:\/\/pracownia52.pl\/www\/index.php?rest_route=\/wp\/v2\/pages\/7340\/revisions\/9699"}],"wp:featuredmedia":[{"embeddable":true,"href":"https:\/\/pracownia52.pl\/www\/index.php?rest_route=\/wp\/v2\/media\/7343"}],"wp:attachment":[{"href":"https:\/\/pracownia52.pl\/www\/index.php?rest_route=%2Fwp%2Fv2%2Fmedia&parent=7340"}],"curies":[{"name":"wp","href":"https:\/\/api.w.org\/{rel}","templated":true}]}}