{"id":7359,"date":"2017-12-03T10:44:18","date_gmt":"2017-12-03T10:44:18","guid":{"rendered":"https:\/\/pracownia52.pl\/www\/?page_id=7359"},"modified":"2019-01-14T13:40:20","modified_gmt":"2019-01-14T13:40:20","slug":"sztokholm-jazz-festiwal-1987","status":"publish","type":"page","link":"https:\/\/pracownia52.pl\/www\/?page_id=7359","title":{"rendered":"sztokholm, jazz festiwal (1987)"},"content":{"rendered":"\n<p>Z big bandem <a href=\"https:\/\/pracownia52.pl\/www\/?page_id=874\"><strong>Young Power<\/strong><\/a> \u2013 jazda. No: niez\u0142a\u2026 A dodatkowo <a href=\"https:\/\/pracownia52.pl\/www\/?page_id=1381\"><strong>Albert Collins<\/strong><\/a>, <a href=\"https:\/\/pracownia52.pl\/www\/?page_id=1358\"><strong>Stan Getz<\/strong><\/a> (genialny koncert, anegdoty: m.in. jedna z <a href=\"https:\/\/pracownia52.pl\/www\/?page_id=1045\"><strong>Alkiem Koreckim<\/strong><\/a>)), <a href=\"https:\/\/pracownia52.pl\/www\/?page_id=8854\"><strong>Dizzy Gillespie<\/strong><\/a>\u2026 Uczta, szkoda tylko, \u017ce za n\u0119dzne grosze.<br \/>Ale koncert <a href=\"https:\/\/pracownia52.pl\/www\/?page_id=1031\"><strong>Milesa Davisa<\/strong><\/a> w lunaparku (tam na zdj\u0119ciu wy\u017cej zobaczycie: malutki Miles na scenie\u2026), Tu\u017c przed zamkni\u0119ciem, prawie bia\u0142e noce\u2026 Warto by\u0142o.<br \/>mr m.<\/p>\n\n\n\n<ul class=\"wp-block-gallery columns-4 is-cropped wp-block-gallery-1 is-layout-flex wp-block-gallery-is-layout-flex\"><li class=\"blocks-gallery-item\"><figure><a href=\"https:\/\/pracownia52.pl\/www\/wp-content\/uploads\/2017\/12\/albert-collins-sztokholm-1987-lowx4-2.jpg\"><img loading=\"lazy\" decoding=\"async\" width=\"800\" height=\"527\" src=\"https:\/\/pracownia52.pl\/www\/wp-content\/uploads\/2017\/12\/albert-collins-sztokholm-1987-lowx4-2.jpg\" alt=\"\" data-id=\"7370\" data-link=\"https:\/\/pracownia52.pl\/www\/?attachment_id=7370\" class=\"wp-image-7370\" srcset=\"https:\/\/pracownia52.pl\/www\/wp-content\/uploads\/2017\/12\/albert-collins-sztokholm-1987-lowx4-2.jpg?v=1627123714 800w, https:\/\/pracownia52.pl\/www\/wp-content\/uploads\/2017\/12\/albert-collins-sztokholm-1987-lowx4-2-300x198.jpg?v=1627123714 300w, https:\/\/pracownia52.pl\/www\/wp-content\/uploads\/2017\/12\/albert-collins-sztokholm-1987-lowx4-2-768x506.jpg?v=1627123714 768w\" sizes=\"auto, (max-width: 767px) 89vw, (max-width: 1000px) 54vw, (max-width: 1071px) 543px, 580px\" \/><\/a><\/figure><\/li><li class=\"blocks-gallery-item\"><figure><a href=\"https:\/\/pracownia52.pl\/www\/wp-content\/uploads\/2017\/12\/1987-YP-sztokholm-konc-dizzy-low-1-1.jpg\"><img loading=\"lazy\" decoding=\"async\" width=\"800\" height=\"532\" src=\"https:\/\/pracownia52.pl\/www\/wp-content\/uploads\/2017\/12\/1987-YP-sztokholm-konc-dizzy-low-1-1.jpg\" alt=\"\" data-id=\"7369\" data-link=\"https:\/\/pracownia52.pl\/www\/?attachment_id=7369\" class=\"wp-image-7369\" srcset=\"https:\/\/pracownia52.pl\/www\/wp-content\/uploads\/2017\/12\/1987-YP-sztokholm-konc-dizzy-low-1-1.jpg?v=1627123714 800w, https:\/\/pracownia52.pl\/www\/wp-content\/uploads\/2017\/12\/1987-YP-sztokholm-konc-dizzy-low-1-1-300x200.jpg?v=1627123714 300w, https:\/\/pracownia52.pl\/www\/wp-content\/uploads\/2017\/12\/1987-YP-sztokholm-konc-dizzy-low-1-1-768x511.jpg?v=1627123714 768w\" sizes=\"auto, (max-width: 767px) 89vw, (max-width: 1000px) 54vw, (max-width: 1071px) 543px, 580px\" \/><\/a><\/figure><\/li><li class=\"blocks-gallery-item\"><figure><a href=\"https:\/\/pracownia52.pl\/www\/wp-content\/uploads\/2017\/12\/1987-sztokholm-YP-kinior-ziut-low-mv4-1024x678.jpg\"><img loading=\"lazy\" decoding=\"async\" width=\"1024\" height=\"678\" src=\"https:\/\/pracownia52.pl\/www\/wp-content\/uploads\/2017\/12\/1987-sztokholm-YP-kinior-ziut-low-mv4-1024x678.jpg\" alt=\"\" data-id=\"7368\" data-link=\"https:\/\/pracownia52.pl\/www\/?attachment_id=7368\" class=\"wp-image-7368\" srcset=\"https:\/\/pracownia52.pl\/www\/wp-content\/uploads\/2017\/12\/1987-sztokholm-YP-kinior-ziut-low-mv4-1024x678.jpg?v=1627123715 1024w, https:\/\/pracownia52.pl\/www\/wp-content\/uploads\/2017\/12\/1987-sztokholm-YP-kinior-ziut-low-mv4-300x198.jpg?v=1627123715 300w, https:\/\/pracownia52.pl\/www\/wp-content\/uploads\/2017\/12\/1987-sztokholm-YP-kinior-ziut-low-mv4-768x508.jpg?v=1627123715 768w, https:\/\/pracownia52.pl\/www\/wp-content\/uploads\/2017\/12\/1987-sztokholm-YP-kinior-ziut-low-mv4.jpg?v=1627123715 1132w\" sizes=\"auto, (max-width: 767px) 89vw, (max-width: 1000px) 54vw, (max-width: 1071px) 543px, 580px\" \/><\/a><\/figure><\/li><li class=\"blocks-gallery-item\"><figure><a href=\"https:\/\/pracownia52.pl\/www\/wp-content\/uploads\/2017\/12\/1987-sztokholm-dizzy-drummer-low-10.jpg\"><img loading=\"lazy\" decoding=\"async\" width=\"800\" height=\"528\" src=\"https:\/\/pracownia52.pl\/www\/wp-content\/uploads\/2017\/12\/1987-sztokholm-dizzy-drummer-low-10.jpg\" alt=\"\" data-id=\"7364\" data-link=\"https:\/\/pracownia52.pl\/www\/?attachment_id=7364\" class=\"wp-image-7364\" srcset=\"https:\/\/pracownia52.pl\/www\/wp-content\/uploads\/2017\/12\/1987-sztokholm-dizzy-drummer-low-10.jpg?v=1627123715 800w, https:\/\/pracownia52.pl\/www\/wp-content\/uploads\/2017\/12\/1987-sztokholm-dizzy-drummer-low-10-300x198.jpg?v=1627123715 300w, https:\/\/pracownia52.pl\/www\/wp-content\/uploads\/2017\/12\/1987-sztokholm-dizzy-drummer-low-10-768x507.jpg?v=1627123715 768w\" sizes=\"auto, (max-width: 767px) 89vw, (max-width: 1000px) 54vw, (max-width: 1071px) 543px, 580px\" \/><\/a><\/figure><\/li><li class=\"blocks-gallery-item\"><figure><a href=\"https:\/\/pracownia52.pl\/www\/wp-content\/uploads\/2017\/12\/miles-davis-sztokholm-1987-1-low-681x1024.jpg\"><img loading=\"lazy\" decoding=\"async\" width=\"681\" height=\"1024\" src=\"https:\/\/pracownia52.pl\/www\/wp-content\/uploads\/2017\/12\/miles-davis-sztokholm-1987-1-low-681x1024.jpg\" alt=\"\" data-id=\"7375\" data-link=\"https:\/\/pracownia52.pl\/www\/?attachment_id=7375\" class=\"wp-image-7375\" srcset=\"https:\/\/pracownia52.pl\/www\/wp-content\/uploads\/2017\/12\/miles-davis-sztokholm-1987-1-low-681x1024.jpg?v=1627123713 681w, https:\/\/pracownia52.pl\/www\/wp-content\/uploads\/2017\/12\/miles-davis-sztokholm-1987-1-low-200x300.jpg?v=1627123713 200w, https:\/\/pracownia52.pl\/www\/wp-content\/uploads\/2017\/12\/miles-davis-sztokholm-1987-1-low-768x1155.jpg?v=1627123713 768w, https:\/\/pracownia52.pl\/www\/wp-content\/uploads\/2017\/12\/miles-davis-sztokholm-1987-1-low.jpg?v=1627123713 798w\" sizes=\"auto, (max-width: 681px) 100vw, 681px\" \/><\/a><\/figure><\/li><li class=\"blocks-gallery-item\"><figure><a href=\"https:\/\/pracownia52.pl\/www\/wp-content\/uploads\/2017\/12\/kiniorski-sztokholm-87-w.jpg\"><img loading=\"lazy\" decoding=\"async\" width=\"450\" height=\"670\" src=\"https:\/\/pracownia52.pl\/www\/wp-content\/uploads\/2017\/12\/kiniorski-sztokholm-87-w.jpg\" alt=\"\" data-id=\"7373\" data-link=\"https:\/\/pracownia52.pl\/www\/?attachment_id=7373\" class=\"wp-image-7373\" srcset=\"https:\/\/pracownia52.pl\/www\/wp-content\/uploads\/2017\/12\/kiniorski-sztokholm-87-w.jpg?v=1627123714 450w, https:\/\/pracownia52.pl\/www\/wp-content\/uploads\/2017\/12\/kiniorski-sztokholm-87-w-201x300.jpg?v=1627123714 201w\" sizes=\"auto, (max-width: 450px) 100vw, 450px\" \/><\/a><\/figure><\/li><li class=\"blocks-gallery-item\"><figure><a href=\"https:\/\/pracownia52.pl\/www\/wp-content\/uploads\/2017\/12\/stan-getz-diap-sztokholm-1987-low-1-681x1024.jpg\"><img loading=\"lazy\" decoding=\"async\" width=\"681\" height=\"1024\" src=\"https:\/\/pracownia52.pl\/www\/wp-content\/uploads\/2017\/12\/stan-getz-diap-sztokholm-1987-low-1-681x1024.jpg\" alt=\"\" data-id=\"7376\" data-link=\"https:\/\/pracownia52.pl\/www\/?attachment_id=7376\" class=\"wp-image-7376\" srcset=\"https:\/\/pracownia52.pl\/www\/wp-content\/uploads\/2017\/12\/stan-getz-diap-sztokholm-1987-low-1-681x1024.jpg?v=1627123713 681w, https:\/\/pracownia52.pl\/www\/wp-content\/uploads\/2017\/12\/stan-getz-diap-sztokholm-1987-low-1-200x300.jpg?v=1627123713 200w, https:\/\/pracownia52.pl\/www\/wp-content\/uploads\/2017\/12\/stan-getz-diap-sztokholm-1987-low-1-768x1155.jpg?v=1627123713 768w, https:\/\/pracownia52.pl\/www\/wp-content\/uploads\/2017\/12\/stan-getz-diap-sztokholm-1987-low-1.jpg?v=1627123713 798w\" sizes=\"auto, (max-width: 681px) 100vw, 681px\" \/><\/a><\/figure><\/li><li class=\"blocks-gallery-item\"><figure><a href=\"https:\/\/pracownia52.pl\/www\/wp-content\/uploads\/2017\/12\/getz-1987-sztoklohm-MM-mrm-low.jpg\"><img loading=\"lazy\" decoding=\"async\" width=\"600\" height=\"826\" src=\"https:\/\/pracownia52.pl\/www\/wp-content\/uploads\/2017\/12\/getz-1987-sztoklohm-MM-mrm-low.jpg\" alt=\"\" data-id=\"7372\" data-link=\"https:\/\/pracownia52.pl\/www\/?attachment_id=7372\" class=\"wp-image-7372\" srcset=\"https:\/\/pracownia52.pl\/www\/wp-content\/uploads\/2017\/12\/getz-1987-sztoklohm-MM-mrm-low.jpg?v=1628007905 600w, https:\/\/pracownia52.pl\/www\/wp-content\/uploads\/2017\/12\/getz-1987-sztoklohm-MM-mrm-low-218x300.jpg?v=1628007905 218w\" sizes=\"auto, (max-width: 600px) 100vw, 600px\" \/><\/a><\/figure><\/li><\/ul>\n","protected":false},"excerpt":{"rendered":"<p>Z big bandem Young Power \u2013 jazda. No: niez\u0142a\u2026 A dodatkowo Albert Collins, Stan Getz (genialny koncert, anegdoty: m.in. jedna z Alkiem Koreckim)), Dizzy Gillespie\u2026 Uczta, szkoda tylko, \u017ce za n\u0119dzne grosze.Ale koncert Milesa Davisa w lunaparku (tam na zdj\u0119ciu wy\u017cej zobaczycie: malutki Miles na scenie\u2026), Tu\u017c przed zamkni\u0119ciem, prawie bia\u0142e noce\u2026 Warto by\u0142o.mr m.<\/p>\n","protected":false},"author":1,"featured_media":7361,"parent":0,"menu_order":0,"comment_status":"closed","ping_status":"closed","template":"","meta":{"footnotes":""},"class_list":["post-7359","page","type-page","status-publish","has-post-thumbnail","hentry"],"_links":{"self":[{"href":"https:\/\/pracownia52.pl\/www\/index.php?rest_route=\/wp\/v2\/pages\/7359","targetHints":{"allow":["GET"]}}],"collection":[{"href":"https:\/\/pracownia52.pl\/www\/index.php?rest_route=\/wp\/v2\/pages"}],"about":[{"href":"https:\/\/pracownia52.pl\/www\/index.php?rest_route=\/wp\/v2\/types\/page"}],"author":[{"embeddable":true,"href":"https:\/\/pracownia52.pl\/www\/index.php?rest_route=\/wp\/v2\/users\/1"}],"replies":[{"embeddable":true,"href":"https:\/\/pracownia52.pl\/www\/index.php?rest_route=%2Fwp%2Fv2%2Fcomments&post=7359"}],"version-history":[{"count":17,"href":"https:\/\/pracownia52.pl\/www\/index.php?rest_route=\/wp\/v2\/pages\/7359\/revisions"}],"predecessor-version":[{"id":8858,"href":"https:\/\/pracownia52.pl\/www\/index.php?rest_route=\/wp\/v2\/pages\/7359\/revisions\/8858"}],"wp:featuredmedia":[{"embeddable":true,"href":"https:\/\/pracownia52.pl\/www\/index.php?rest_route=\/wp\/v2\/media\/7361"}],"wp:attachment":[{"href":"https:\/\/pracownia52.pl\/www\/index.php?rest_route=%2Fwp%2Fv2%2Fmedia&parent=7359"}],"curies":[{"name":"wp","href":"https:\/\/api.w.org\/{rel}","templated":true}]}}