{"id":740,"date":"2010-06-12T16:14:45","date_gmt":"2010-06-12T16:14:45","guid":{"rendered":"http:\/\/pracownia52.pl\/www\/?page_id=740"},"modified":"2010-06-13T07:01:50","modified_gmt":"2010-06-13T07:01:50","slug":"skibinski-winder-super-sessions","status":"publish","type":"page","link":"https:\/\/pracownia52.pl\/www\/?page_id=740","title":{"rendered":"Skibi\u0144ski-Winder Super Sessions"},"content":{"rendered":"<p>bodaj wiosn\u0105 1982 roku <strong>Leszek Winder<\/strong> i <strong>Rysiek Skibi\u0144ski<\/strong> wymy\u015blili sobie, \u017ce b\u0119d\u0105 razem gra\u0107. powsta\u0142y z tego nagrania, kt\u00f3re dopiero dzi\u015b si\u0119 pojawiaj\u0105.<br \/>\nzob. te\u017c: Krzak, Leszek winder \u2013 \u201ebezdomne psy&#8221;, Ryszard Skibi\u0144ski, oraz B\u0142\u0119dowski-Winder band<br \/>\n[mrm]<br \/>\n<img loading=\"lazy\" decoding=\"async\" src=\"http:\/\/pracownia52.pl\/www\/wp-content\/uploads\/2010\/06\/skib-winder-012-001-mn.jpg\" alt=\"\" title=\"skib-winder-012-001-mn\" width=\"770\" height=\"400\" class=\"alignnone size-full wp-image-745\" srcset=\"https:\/\/pracownia52.pl\/www\/wp-content\/uploads\/2010\/06\/skib-winder-012-001-mn.jpg?v=1627124295 770w, https:\/\/pracownia52.pl\/www\/wp-content\/uploads\/2010\/06\/skib-winder-012-001-mn-300x156.jpg?v=1627124295 300w, https:\/\/pracownia52.pl\/www\/wp-content\/uploads\/2010\/06\/skib-winder-012-001-mn-768x399.jpg?v=1627124295 768w\" sizes=\"auto, (max-width: 767px) 89vw, (max-width: 1000px) 54vw, (max-width: 1071px) 543px, 580px\" \/><\/p>\n","protected":false},"excerpt":{"rendered":"<p>bodaj wiosn\u0105 1982 roku Leszek Winder i Rysiek Skibi\u0144ski wymy\u015blili sobie, \u017ce b\u0119d\u0105 razem gra\u0107. powsta\u0142y z tego nagrania, kt\u00f3re dopiero dzi\u015b si\u0119 pojawiaj\u0105. zob. te\u017c: Krzak, Leszek winder \u2013 \u201ebezdomne psy&#8221;, Ryszard Skibi\u0144ski, oraz B\u0142\u0119dowski-Winder band [mrm]<\/p>\n","protected":false},"author":1,"featured_media":0,"parent":0,"menu_order":0,"comment_status":"closed","ping_status":"open","template":"","meta":{"footnotes":""},"class_list":["post-740","page","type-page","status-publish","hentry"],"_links":{"self":[{"href":"https:\/\/pracownia52.pl\/www\/index.php?rest_route=\/wp\/v2\/pages\/740","targetHints":{"allow":["GET"]}}],"collection":[{"href":"https:\/\/pracownia52.pl\/www\/index.php?rest_route=\/wp\/v2\/pages"}],"about":[{"href":"https:\/\/pracownia52.pl\/www\/index.php?rest_route=\/wp\/v2\/types\/page"}],"author":[{"embeddable":true,"href":"https:\/\/pracownia52.pl\/www\/index.php?rest_route=\/wp\/v2\/users\/1"}],"replies":[{"embeddable":true,"href":"https:\/\/pracownia52.pl\/www\/index.php?rest_route=%2Fwp%2Fv2%2Fcomments&post=740"}],"version-history":[{"count":8,"href":"https:\/\/pracownia52.pl\/www\/index.php?rest_route=\/wp\/v2\/pages\/740\/revisions"}],"predecessor-version":[{"id":968,"href":"https:\/\/pracownia52.pl\/www\/index.php?rest_route=\/wp\/v2\/pages\/740\/revisions\/968"}],"wp:attachment":[{"href":"https:\/\/pracownia52.pl\/www\/index.php?rest_route=%2Fwp%2Fv2%2Fmedia&parent=740"}],"curies":[{"name":"wp","href":"https:\/\/api.w.org\/{rel}","templated":true}]}}