{"id":7406,"date":"2017-12-03T17:52:24","date_gmt":"2017-12-03T17:52:24","guid":{"rendered":"https:\/\/pracownia52.pl\/www\/?page_id=7406"},"modified":"2017-12-03T17:53:03","modified_gmt":"2017-12-03T17:53:03","slug":"jazz-forum-2","status":"publish","type":"page","link":"https:\/\/pracownia52.pl\/www\/?page_id=7406","title":{"rendered":"Jazz Forum"},"content":{"rendered":"<p>zrobi\u0142em im ze 2 czy 3 ok\u0142adki ledwo, nie sz\u0142o.<br \/>\n(i ten logogram: b\u00f3l.)<br \/>\nmr m.<\/p>\n","protected":false},"excerpt":{"rendered":"<p>zrobi\u0142em im ze 2 czy 3 ok\u0142adki ledwo, nie sz\u0142o. (i ten logogram: b\u00f3l.) mr m.<\/p>\n","protected":false},"author":1,"featured_media":7407,"parent":0,"menu_order":0,"comment_status":"closed","ping_status":"closed","template":"","meta":{"footnotes":""},"class_list":["post-7406","page","type-page","status-publish","has-post-thumbnail","hentry"],"_links":{"self":[{"href":"https:\/\/pracownia52.pl\/www\/index.php?rest_route=\/wp\/v2\/pages\/7406","targetHints":{"allow":["GET"]}}],"collection":[{"href":"https:\/\/pracownia52.pl\/www\/index.php?rest_route=\/wp\/v2\/pages"}],"about":[{"href":"https:\/\/pracownia52.pl\/www\/index.php?rest_route=\/wp\/v2\/types\/page"}],"author":[{"embeddable":true,"href":"https:\/\/pracownia52.pl\/www\/index.php?rest_route=\/wp\/v2\/users\/1"}],"replies":[{"embeddable":true,"href":"https:\/\/pracownia52.pl\/www\/index.php?rest_route=%2Fwp%2Fv2%2Fcomments&post=7406"}],"version-history":[{"count":2,"href":"https:\/\/pracownia52.pl\/www\/index.php?rest_route=\/wp\/v2\/pages\/7406\/revisions"}],"predecessor-version":[{"id":7409,"href":"https:\/\/pracownia52.pl\/www\/index.php?rest_route=\/wp\/v2\/pages\/7406\/revisions\/7409"}],"wp:featuredmedia":[{"embeddable":true,"href":"https:\/\/pracownia52.pl\/www\/index.php?rest_route=\/wp\/v2\/media\/7407"}],"wp:attachment":[{"href":"https:\/\/pracownia52.pl\/www\/index.php?rest_route=%2Fwp%2Fv2%2Fmedia&parent=7406"}],"curies":[{"name":"wp","href":"https:\/\/api.w.org\/{rel}","templated":true}]}}