{"id":749,"date":"2010-06-12T16:19:20","date_gmt":"2010-06-12T16:19:20","guid":{"rendered":"http:\/\/pracownia52.pl\/www\/?page_id=749"},"modified":"2016-06-24T14:40:49","modified_gmt":"2016-06-24T14:40:49","slug":"strony-www","status":"publish","type":"page","link":"https:\/\/pracownia52.pl\/www\/?page_id=749","title":{"rendered":"strony www"},"content":{"rendered":"<p>robili\u015bmy te\u017c dla innych. oto kilka z nich.<br \/>\n\u2022 dla <strong>Aiwa<\/strong> Poland (wraz ze sklepem internetowym; obecnie nieistniej\u0105ca)<br \/>\n\u2022 <strong>BATU<\/strong>; galeria wyrob\u00f3w z azjatyckich kamieni naturalnych; oraz dla tego samego zleceniodawcy: strona dla <strong>Media Consulting Group<\/strong><br \/>\n\u2022 <strong>Funai<\/strong> Poland (2007); r\u00f3wnie\u017c w wersji dla przedstawicielstw firmy wWielkiej Brytanii, Francji oraz Niemiec (dzi\u015b zmienione)<br \/>\n\u2022 technicznie: <strong>Haier<\/strong> Poland (2008);<br \/>\n\u2022 <strong>Marcin Jacobson<\/strong> (obecnie nieistniej\u0105ca)<br \/>\n\u2022 <a href=\"http:\/\/www.mh.waw.pl\/\"><strong>Micha\u0142 zwany He\u0144kiem<\/strong><\/a>; wizyt\u00f3wka + galeria, wraz ze zdj\u0119ciami, logo (zaprojektowane jako znak do wypalania w drewnie)<br \/>\n\u2022 <strong>RayArt<\/strong><br \/>\n\u2022 <strong>Well&#038;Fit<\/strong> \u2013 wizyt\u00f3wka dla si\u0142owni<br \/>\n\u2022 <strong>Vetto<\/strong>, gabinet weterynaryjny, strona i <a href=\"http:\/\/www.vetto.pl\/\">logo<\/a><br \/>\ni inne\u2026<\/p>\n","protected":false},"excerpt":{"rendered":"<p>robili\u015bmy te\u017c dla innych. oto kilka z nich. \u2022 dla Aiwa Poland (wraz ze sklepem internetowym; obecnie nieistniej\u0105ca) \u2022 BATU; galeria wyrob\u00f3w z azjatyckich kamieni naturalnych; oraz dla tego samego zleceniodawcy: strona dla Media Consulting Group \u2022 Funai Poland (2007); r\u00f3wnie\u017c w wersji dla przedstawicielstw firmy wWielkiej Brytanii, Francji oraz Niemiec (dzi\u015b zmienione) \u2022 technicznie: &hellip; <\/p>\n<p class=\"link-more\"><a href=\"https:\/\/pracownia52.pl\/www\/?page_id=749\" class=\"more-link\">Czytaj dalej<span class=\"screen-reader-text\"> \u201estrony www\u201d<\/span><\/a><\/p>\n","protected":false},"author":1,"featured_media":0,"parent":0,"menu_order":3,"comment_status":"closed","ping_status":"open","template":"","meta":{"footnotes":""},"class_list":["post-749","page","type-page","status-publish","hentry"],"_links":{"self":[{"href":"https:\/\/pracownia52.pl\/www\/index.php?rest_route=\/wp\/v2\/pages\/749","targetHints":{"allow":["GET"]}}],"collection":[{"href":"https:\/\/pracownia52.pl\/www\/index.php?rest_route=\/wp\/v2\/pages"}],"about":[{"href":"https:\/\/pracownia52.pl\/www\/index.php?rest_route=\/wp\/v2\/types\/page"}],"author":[{"embeddable":true,"href":"https:\/\/pracownia52.pl\/www\/index.php?rest_route=\/wp\/v2\/users\/1"}],"replies":[{"embeddable":true,"href":"https:\/\/pracownia52.pl\/www\/index.php?rest_route=%2Fwp%2Fv2%2Fcomments&post=749"}],"version-history":[{"count":10,"href":"https:\/\/pracownia52.pl\/www\/index.php?rest_route=\/wp\/v2\/pages\/749\/revisions"}],"predecessor-version":[{"id":5421,"href":"https:\/\/pracownia52.pl\/www\/index.php?rest_route=\/wp\/v2\/pages\/749\/revisions\/5421"}],"wp:attachment":[{"href":"https:\/\/pracownia52.pl\/www\/index.php?rest_route=%2Fwp%2Fv2%2Fmedia&parent=749"}],"curies":[{"name":"wp","href":"https:\/\/api.w.org\/{rel}","templated":true}]}}