{"id":758,"date":"2010-06-12T16:26:05","date_gmt":"2010-06-12T16:26:05","guid":{"rendered":"http:\/\/pracownia52.pl\/www\/?page_id=758"},"modified":"2017-02-04T15:35:03","modified_gmt":"2017-02-04T15:35:03","slug":"super-express","status":"publish","type":"page","link":"https:\/\/pracownia52.pl\/www\/?page_id=758","title":{"rendered":"Super Express"},"content":{"rendered":"<p>pierwsze logo, makieta \u2013 jeszcze w tzw. sk\u0142adzie gor\u0105cym: no \u2013 linotypy. kwadraty, cicera\u2026 o\u0142\u00f3w. fajna praca \u2013 ale m\u0119cz\u0105ca. tym bardziej, \u017ce na pocz\u0105tku by\u0142em sam: cho\u0107 czytam dzi\u015b co\u015b innego, te\u017c zabawne\u2026<\/p>\n<blockquote><p>Z tego powodu gazeta by\u0142a ilustrowana rycinami, kt\u00f3re wykonywa\u0142o pi\u0119ciu etatowych rysownik\u00f3w.<br \/>\nOlga Bogumi\u0142a Bia\u0142ek-Szwed \u201e<a href=\"http:\/\/www.ujk.edu.pl\/infotezy\/ojs\/index.php\/infotezy\/article\/view\/38\/141\">Super Express\u201d \u2013 pierwszy polski tabloid (studium przypadku)<\/a><\/p><\/blockquote>\n<p>tych \u201epi\u0119ciu\u201d to by\u0142em na pocz\u0105tku tylko ja, jednoosobowy dyrektor artystyczny i sw\u00f3j w\u0142asny pracownik + moja prywatna drukarka HP II p, plus r\u0119czny skaner o szeroko\u015bci lasera ok. 10,5 cm. no i (te\u017c prywatny, niedaleko redakcji) komputer: PC 486 chyba\u2026 i st\u0105d \u201eryciny\u201d, zdj\u0119cia wychodzi\u0142y marnie, wymy\u015bli\u0142em to ich rastrowanie z pomoc\u0105 drukarki; \u201eGW\u201d, kt\u00f3rej boxy by\u0142y obok naszych w drukarni p\u00f3\u017aniej to po nas powtarza\u0142a.<br \/>\nszybko mnie to jednak zm\u0119czy\u0142o, bowiem  na skutek akcji \u201emilion za dow\u00f3d\u201d (zob. ni\u017cej zajawk\u0119 na I stronie), szalonego pomys\u0142u Grzegorza L. i jego zakolegowanych matematyk\u00f3w \u2013 gazeta omal nie pad\u0142a; o komputerach do pracy nie wspominaj\u0105c, te: przysz\u0142y sporo p\u00f3\u017aniej, gdy ju\u017c mnie tam nie by\u0142o.<br \/>\na tylko one mnie wtedy interesowa\u0142y, b\u0142\u0105d.<br \/>\nmr m.<br \/>\n<div id='gallery-1' class='gallery galleryid-758 gallery-columns-2 gallery-size-large'><figure class='gallery-item'>\n\t\t\t<div class='gallery-icon landscape'>\n\t\t\t\t<img loading=\"lazy\" decoding=\"async\" width=\"450\" height=\"450\" src=\"https:\/\/pracownia52.pl\/www\/wp-content\/uploads\/2010\/06\/super-express-01-w.jpg?v=1712248624\" class=\"attachment-large size-large\" alt=\"\" srcset=\"https:\/\/pracownia52.pl\/www\/wp-content\/uploads\/2010\/06\/super-express-01-w.jpg?v=1712248624 450w, https:\/\/pracownia52.pl\/www\/wp-content\/uploads\/2010\/06\/super-express-01-w-150x150.jpg?v=1712248624 150w, https:\/\/pracownia52.pl\/www\/wp-content\/uploads\/2010\/06\/super-express-01-w-300x300.jpg?v=1712248624 300w, https:\/\/pracownia52.pl\/www\/wp-content\/uploads\/2010\/06\/super-express-01-w-75x75.jpg?v=1712248624 75w\" sizes=\"auto, 100vw\" \/>\n\t\t\t<\/div><\/figure><figure class='gallery-item'>\n\t\t\t<div class='gallery-icon portrait'>\n\t\t\t\t<img loading=\"lazy\" decoding=\"async\" width=\"525\" height=\"736\" src=\"https:\/\/pracownia52.pl\/www\/wp-content\/uploads\/2010\/06\/super-express-26-II-1992-low-res.jpg?v=1712248588\" class=\"attachment-large size-large\" alt=\"\" srcset=\"https:\/\/pracownia52.pl\/www\/wp-content\/uploads\/2010\/06\/super-express-26-II-1992-low-res.jpg?v=1712248588 550w, https:\/\/pracownia52.pl\/www\/wp-content\/uploads\/2010\/06\/super-express-26-II-1992-low-res-214x300.jpg?v=1712248588 214w\" sizes=\"auto, 100vw\" \/>\n\t\t\t<\/div><\/figure>\n\t\t<\/div>\n<\/p>\n","protected":false},"excerpt":{"rendered":"<p>pierwsze logo, makieta \u2013 jeszcze w tzw. sk\u0142adzie gor\u0105cym: no \u2013 linotypy. kwadraty, cicera\u2026 o\u0142\u00f3w. fajna praca \u2013 ale m\u0119cz\u0105ca. tym bardziej, \u017ce na pocz\u0105tku by\u0142em sam: cho\u0107 czytam dzi\u015b co\u015b innego, te\u017c zabawne\u2026 Z tego powodu gazeta by\u0142a ilustrowana rycinami, kt\u00f3re wykonywa\u0142o pi\u0119ciu etatowych rysownik\u00f3w. Olga Bogumi\u0142a Bia\u0142ek-Szwed \u201eSuper Express\u201d \u2013 pierwszy polski tabloid &hellip; <\/p>\n<p class=\"link-more\"><a href=\"https:\/\/pracownia52.pl\/www\/?page_id=758\" class=\"more-link\">Czytaj dalej<span class=\"screen-reader-text\"> \u201eSuper Express\u201d<\/span><\/a><\/p>\n","protected":false},"author":1,"featured_media":0,"parent":0,"menu_order":3,"comment_status":"closed","ping_status":"open","template":"","meta":{"footnotes":""},"class_list":["post-758","page","type-page","status-publish","hentry"],"_links":{"self":[{"href":"https:\/\/pracownia52.pl\/www\/index.php?rest_route=\/wp\/v2\/pages\/758","targetHints":{"allow":["GET"]}}],"collection":[{"href":"https:\/\/pracownia52.pl\/www\/index.php?rest_route=\/wp\/v2\/pages"}],"about":[{"href":"https:\/\/pracownia52.pl\/www\/index.php?rest_route=\/wp\/v2\/types\/page"}],"author":[{"embeddable":true,"href":"https:\/\/pracownia52.pl\/www\/index.php?rest_route=\/wp\/v2\/users\/1"}],"replies":[{"embeddable":true,"href":"https:\/\/pracownia52.pl\/www\/index.php?rest_route=%2Fwp%2Fv2%2Fcomments&post=758"}],"version-history":[{"count":21,"href":"https:\/\/pracownia52.pl\/www\/index.php?rest_route=\/wp\/v2\/pages\/758\/revisions"}],"predecessor-version":[{"id":6351,"href":"https:\/\/pracownia52.pl\/www\/index.php?rest_route=\/wp\/v2\/pages\/758\/revisions\/6351"}],"wp:attachment":[{"href":"https:\/\/pracownia52.pl\/www\/index.php?rest_route=%2Fwp%2Fv2%2Fmedia&parent=758"}],"curies":[{"name":"wp","href":"https:\/\/api.w.org\/{rel}","templated":true}]}}