{"id":765,"date":"2010-06-12T16:30:39","date_gmt":"2010-06-12T16:30:39","guid":{"rendered":"http:\/\/pracownia52.pl\/www\/?page_id=765"},"modified":"2018-12-27T16:02:06","modified_gmt":"2018-12-27T16:02:06","slug":"tabula-rasa","status":"publish","type":"page","link":"https:\/\/pracownia52.pl\/www\/?page_id=765","title":{"rendered":"Tabula Rasa"},"content":{"rendered":"\n<p>wydany przez <a href=\"http:\/\/www.nonstop.waw.pl\/\">nas<\/a>, na zlecenie \u2013 pierwszy debiutancki CD grupy. a na obrazku: strona A oraz \u201erozk\u0142ad\u00f3wka&#8221; digipaku.<br \/>\nzob. te\u017c \u201e<a href=\"https:\/\/pracownia52.pl\/www\/?page_id=297\"><strong>immanuel<\/strong><\/a>\u201d<br \/>\nmr m.<br \/>\n<\/p>\n\n\n\n<ul class=\"wp-block-gallery columns-3 is-cropped wp-block-gallery-1 is-layout-flex wp-block-gallery-is-layout-flex\"><li class=\"blocks-gallery-item\"><figure><a href=\"https:\/\/pracownia52.pl\/www\/wp-content\/uploads\/2010\/06\/tabula-rasa-niczego-mn.jpg\"><img loading=\"lazy\" decoding=\"async\" width=\"600\" height=\"547\" src=\"https:\/\/pracownia52.pl\/www\/wp-content\/uploads\/2010\/06\/tabula-rasa-niczego-mn.jpg\" alt=\"\" data-id=\"768\" class=\"wp-image-768\" srcset=\"https:\/\/pracownia52.pl\/www\/wp-content\/uploads\/2010\/06\/tabula-rasa-niczego-mn.jpg?v=1627124295 600w, https:\/\/pracownia52.pl\/www\/wp-content\/uploads\/2010\/06\/tabula-rasa-niczego-mn-300x274.jpg?v=1627124295 300w\" sizes=\"auto, (max-width: 600px) 100vw, 600px\" \/><\/a><\/figure><\/li><li class=\"blocks-gallery-item\"><figure><a href=\"https:\/\/pracownia52.pl\/www\/wp-content\/uploads\/2010\/06\/tabula-rasa-booklet-Vegart-low-1-5-6.jpg\"><img loading=\"lazy\" decoding=\"async\" width=\"1200\" height=\"352\" src=\"https:\/\/pracownia52.pl\/www\/wp-content\/uploads\/2010\/06\/tabula-rasa-booklet-Vegart-low-1-5-6.jpg\" alt=\"\" data-id=\"767\" class=\"wp-image-767\" srcset=\"https:\/\/pracownia52.pl\/www\/wp-content\/uploads\/2010\/06\/tabula-rasa-booklet-Vegart-low-1-5-6.jpg?v=1628149176 1200w, https:\/\/pracownia52.pl\/www\/wp-content\/uploads\/2010\/06\/tabula-rasa-booklet-Vegart-low-1-5-6-300x88.jpg?v=1628149176 300w, https:\/\/pracownia52.pl\/www\/wp-content\/uploads\/2010\/06\/tabula-rasa-booklet-Vegart-low-1-5-6-1024x300.jpg?v=1628149176 1024w, https:\/\/pracownia52.pl\/www\/wp-content\/uploads\/2010\/06\/tabula-rasa-booklet-Vegart-low-1-5-6-768x225.jpg?v=1628149176 768w\" sizes=\"auto, (max-width: 767px) 89vw, (max-width: 1000px) 54vw, (max-width: 1071px) 543px, 580px\" \/><\/a><\/figure><\/li><\/ul>\n","protected":false},"excerpt":{"rendered":"<p>wydany przez nas, na zlecenie \u2013 pierwszy debiutancki CD grupy. a na obrazku: strona A oraz \u201erozk\u0142ad\u00f3wka&#8221; digipaku. zob. te\u017c \u201eimmanuel\u201d mr m.<\/p>\n","protected":false},"author":1,"featured_media":7325,"parent":0,"menu_order":0,"comment_status":"closed","ping_status":"open","template":"","meta":{"footnotes":""},"class_list":["post-765","page","type-page","status-publish","has-post-thumbnail","hentry"],"_links":{"self":[{"href":"https:\/\/pracownia52.pl\/www\/index.php?rest_route=\/wp\/v2\/pages\/765","targetHints":{"allow":["GET"]}}],"collection":[{"href":"https:\/\/pracownia52.pl\/www\/index.php?rest_route=\/wp\/v2\/pages"}],"about":[{"href":"https:\/\/pracownia52.pl\/www\/index.php?rest_route=\/wp\/v2\/types\/page"}],"author":[{"embeddable":true,"href":"https:\/\/pracownia52.pl\/www\/index.php?rest_route=\/wp\/v2\/users\/1"}],"replies":[{"embeddable":true,"href":"https:\/\/pracownia52.pl\/www\/index.php?rest_route=%2Fwp%2Fv2%2Fcomments&post=765"}],"version-history":[{"count":14,"href":"https:\/\/pracownia52.pl\/www\/index.php?rest_route=\/wp\/v2\/pages\/765\/revisions"}],"predecessor-version":[{"id":8426,"href":"https:\/\/pracownia52.pl\/www\/index.php?rest_route=\/wp\/v2\/pages\/765\/revisions\/8426"}],"wp:featuredmedia":[{"embeddable":true,"href":"https:\/\/pracownia52.pl\/www\/index.php?rest_route=\/wp\/v2\/media\/7325"}],"wp:attachment":[{"href":"https:\/\/pracownia52.pl\/www\/index.php?rest_route=%2Fwp%2Fv2%2Fmedia&parent=765"}],"curies":[{"name":"wp","href":"https:\/\/api.w.org\/{rel}","templated":true}]}}