{"id":779,"date":"2010-06-12T16:34:26","date_gmt":"2010-06-12T16:34:26","guid":{"rendered":"http:\/\/pracownia52.pl\/www\/?page_id=779"},"modified":"2019-01-10T12:52:00","modified_gmt":"2019-01-10T12:52:00","slug":"telbank-sa","status":"publish","type":"page","link":"https:\/\/pracownia52.pl\/www\/?page_id=779","title":{"rendered":"TELBANK SA"},"content":{"rendered":"<p>Sporo rzeczy, kilka lat. R\u00f3\u017cne druki: reklamy do gazet, raport roczny, ksi\u0105\u017cki z telefonami, plansze. Ok\u0142adka do reklamowego CD. Ale nie logo: to kto\u015b inny.<br \/>\nmr m.<br \/>\n<img loading=\"lazy\" decoding=\"async\" class=\"alignnone size-full wp-image-781\" title=\"telbank-cd-1i2-str\" src=\"http:\/\/pracownia52.pl\/www\/wp-content\/uploads\/2010\/06\/telbank-cd-1i2-str.jpg\" alt=\"\" width=\"800\" height=\"400\" srcset=\"https:\/\/pracownia52.pl\/www\/wp-content\/uploads\/2010\/06\/telbank-cd-1i2-str.jpg?v=1628149589 800w, https:\/\/pracownia52.pl\/www\/wp-content\/uploads\/2010\/06\/telbank-cd-1i2-str-300x150.jpg?v=1628149589 300w, https:\/\/pracownia52.pl\/www\/wp-content\/uploads\/2010\/06\/telbank-cd-1i2-str-768x384.jpg?v=1628149589 768w\" sizes=\"auto, (max-width: 767px) 89vw, (max-width: 1000px) 54vw, (max-width: 1071px) 543px, 580px\" \/><\/p>\n","protected":false},"excerpt":{"rendered":"<p>Sporo rzeczy, kilka lat. R\u00f3\u017cne druki: reklamy do gazet, raport roczny, ksi\u0105\u017cki z telefonami, plansze. Ok\u0142adka do reklamowego CD. Ale nie logo: to kto\u015b inny. mr m.<\/p>\n","protected":false},"author":1,"featured_media":0,"parent":0,"menu_order":3,"comment_status":"closed","ping_status":"open","template":"","meta":{"footnotes":""},"class_list":["post-779","page","type-page","status-publish","hentry"],"_links":{"self":[{"href":"https:\/\/pracownia52.pl\/www\/index.php?rest_route=\/wp\/v2\/pages\/779","targetHints":{"allow":["GET"]}}],"collection":[{"href":"https:\/\/pracownia52.pl\/www\/index.php?rest_route=\/wp\/v2\/pages"}],"about":[{"href":"https:\/\/pracownia52.pl\/www\/index.php?rest_route=\/wp\/v2\/types\/page"}],"author":[{"embeddable":true,"href":"https:\/\/pracownia52.pl\/www\/index.php?rest_route=\/wp\/v2\/users\/1"}],"replies":[{"embeddable":true,"href":"https:\/\/pracownia52.pl\/www\/index.php?rest_route=%2Fwp%2Fv2%2Fcomments&post=779"}],"version-history":[{"count":4,"href":"https:\/\/pracownia52.pl\/www\/index.php?rest_route=\/wp\/v2\/pages\/779\/revisions"}],"predecessor-version":[{"id":8731,"href":"https:\/\/pracownia52.pl\/www\/index.php?rest_route=\/wp\/v2\/pages\/779\/revisions\/8731"}],"wp:attachment":[{"href":"https:\/\/pracownia52.pl\/www\/index.php?rest_route=%2Fwp%2Fv2%2Fmedia&parent=779"}],"curies":[{"name":"wp","href":"https:\/\/api.w.org\/{rel}","templated":true}]}}