{"id":7830,"date":"2018-10-21T07:44:33","date_gmt":"2018-10-21T07:44:33","guid":{"rendered":"https:\/\/pracownia52.pl\/www\/?page_id=7830"},"modified":"2025-03-28T09:32:20","modified_gmt":"2025-03-28T09:32:20","slug":"teatr-ochoty-i-jan-machulski","status":"publish","type":"page","link":"https:\/\/pracownia52.pl\/www\/?page_id=7830","title":{"rendered":"Teatr Ochoty i Jan Machulski"},"content":{"rendered":"\n<p>Robi\u0142em tam zdj\u0119cia, rodzaj dokumentacji. R\u00f3wnie\u017c tych spektakli \u201em\u0142odzie\u017cowych\u201d, bardzo ciekawe dzieciaki. A nawet portrety: jeden \u2013 Bo\u017cena Stryjek \u2013 ni\u017cej. Rok, dwa czy mo\u017ce i wi\u0119cej (1978?\u201380?); a w tym: sporo z <a href=\"http:\/\/www.zamosciopedia.pl\/index.php\/ta-ti\/item\/5976-teatr-ochoty-w-warszawie\"><strong>Zamo\u015bcia, przedstawie\u0144 plenerowych<\/strong><\/a>. Ciekawe do\u015bwiadczenie, sporo si\u0119 nauczy\u0142em. Jedna <strong><a href=\"https:\/\/encyklopediateatru.pl\/artykuly\/334215\/krzywa-plaska-na-poczatek#\" data-type=\"link\" data-id=\"https:\/\/encyklopediateatru.pl\/artykuly\/334215\/krzywa-plaska-na-poczatek#\">wystawa<\/a><\/strong>: ca\u0142a, tylko jedna wielka \u015bciana, matowe odbitki, niekadrowane, z fragmentami perforacji \u2013 przybijane gwo\u017adziami. Forma taka. (Ni\u017cej te\u017c wycinek prasowy, ot: ciekawostka, bo przypomnia\u0142o mi to Zosi\u0119 Manowieck\u0105, mam jej <strong><a href=\"https:\/\/pracownia52.pl\/www\/?p=4411\" data-type=\"link\" data-id=\"https:\/\/pracownia52.pl\/www\/?p=4411\">wiele zdj\u0119\u0107<\/a><\/strong>.)<br \/> mr m.<br \/><\/p>\n\n\n\n<figure class=\"wp-block-gallery has-nested-images columns-2 is-cropped wp-block-gallery-1 is-layout-flex wp-block-gallery-is-layout-flex\">\n<figure class=\"wp-block-image\"><a href=\"https:\/\/pracownia52.pl\/www\/wp-content\/uploads\/2018\/10\/001-1978-9-teart-ochoty-sen-nocy-letniej-410-fot-mr-makowski.jpg\"><img loading=\"lazy\" decoding=\"async\" width=\"1024\" height=\"670\" data-id=\"7839\" src=\"https:\/\/pracownia52.pl\/www\/wp-content\/uploads\/2018\/10\/001-1978-9-teart-ochoty-sen-nocy-letniej-410-fot-mr-makowski-1024x670.jpg?v=1627123692\" alt=\"\" class=\"wp-image-7839\" srcset=\"https:\/\/pracownia52.pl\/www\/wp-content\/uploads\/2018\/10\/001-1978-9-teart-ochoty-sen-nocy-letniej-410-fot-mr-makowski-1024x670.jpg?v=1627123692 1024w, https:\/\/pracownia52.pl\/www\/wp-content\/uploads\/2018\/10\/001-1978-9-teart-ochoty-sen-nocy-letniej-410-fot-mr-makowski-300x196.jpg?v=1627123692 300w, https:\/\/pracownia52.pl\/www\/wp-content\/uploads\/2018\/10\/001-1978-9-teart-ochoty-sen-nocy-letniej-410-fot-mr-makowski-768x502.jpg?v=1627123692 768w, https:\/\/pracownia52.pl\/www\/wp-content\/uploads\/2018\/10\/001-1978-9-teart-ochoty-sen-nocy-letniej-410-fot-mr-makowski.jpg?v=1627123692 1200w\" sizes=\"auto, (max-width: 767px) 89vw, (max-width: 1000px) 54vw, (max-width: 1071px) 543px, 580px\" \/><\/a><figcaption class=\"wp-element-caption\">\u201eSen nocy letniej\u201d<\/figcaption><\/figure>\n\n\n\n<figure class=\"wp-block-image\"><a href=\"https:\/\/pracownia52.pl\/www\/wp-content\/uploads\/2019\/02\/1977-TO-Rasmus-i-wloczega-Katarzyna-Figura-fot-mr-makowski-908.jpg\"><img loading=\"lazy\" decoding=\"async\" width=\"1024\" height=\"707\" data-id=\"9032\" src=\"https:\/\/pracownia52.pl\/www\/wp-content\/uploads\/2019\/02\/1977-TO-Rasmus-i-wloczega-Katarzyna-Figura-fot-mr-makowski-908-1024x707.jpg?v=1627123627\" alt=\"\" class=\"wp-image-9032\" srcset=\"https:\/\/pracownia52.pl\/www\/wp-content\/uploads\/2019\/02\/1977-TO-Rasmus-i-wloczega-Katarzyna-Figura-fot-mr-makowski-908-1024x707.jpg?v=1627123627 1024w, https:\/\/pracownia52.pl\/www\/wp-content\/uploads\/2019\/02\/1977-TO-Rasmus-i-wloczega-Katarzyna-Figura-fot-mr-makowski-908-300x207.jpg?v=1627123627 300w, https:\/\/pracownia52.pl\/www\/wp-content\/uploads\/2019\/02\/1977-TO-Rasmus-i-wloczega-Katarzyna-Figura-fot-mr-makowski-908-768x531.jpg?v=1627123627 768w, https:\/\/pracownia52.pl\/www\/wp-content\/uploads\/2019\/02\/1977-TO-Rasmus-i-wloczega-Katarzyna-Figura-fot-mr-makowski-908.jpg?v=1627123627 1200w\" sizes=\"auto, (max-width: 767px) 89vw, (max-width: 1000px) 54vw, (max-width: 1071px) 543px, 580px\" \/><\/a><figcaption class=\"wp-element-caption\">Astrid Lindgren \u201eRasmus i w\u0142\u00f3cz\u0119ga\u201d (1978?)<\/figcaption><\/figure>\n<\/figure>\n\n\n\n<figure class=\"wp-block-gallery has-nested-images columns-4 is-cropped wp-block-gallery-2 is-layout-flex wp-block-gallery-is-layout-flex\">\n<figure class=\"wp-block-image\"><a href=\"https:\/\/pracownia52.pl\/www\/wp-content\/uploads\/2018\/11\/proba-1979-Zamosc-TO-proba670.jpg\"><img loading=\"lazy\" decoding=\"async\" width=\"1024\" height=\"673\" data-id=\"7952\" src=\"https:\/\/pracownia52.pl\/www\/wp-content\/uploads\/2018\/11\/proba-1979-Zamosc-TO-proba670-1024x673.jpg?v=1627123680\" alt=\"\" class=\"wp-image-7952\" srcset=\"https:\/\/pracownia52.pl\/www\/wp-content\/uploads\/2018\/11\/proba-1979-Zamosc-TO-proba670-1024x673.jpg?v=1627123680 1024w, https:\/\/pracownia52.pl\/www\/wp-content\/uploads\/2018\/11\/proba-1979-Zamosc-TO-proba670-300x197.jpg?v=1627123680 300w, https:\/\/pracownia52.pl\/www\/wp-content\/uploads\/2018\/11\/proba-1979-Zamosc-TO-proba670-768x505.jpg?v=1627123680 768w, https:\/\/pracownia52.pl\/www\/wp-content\/uploads\/2018\/11\/proba-1979-Zamosc-TO-proba670.jpg?v=1627123680 1200w\" sizes=\"auto, (max-width: 767px) 89vw, (max-width: 1000px) 54vw, (max-width: 1071px) 543px, 580px\" \/><\/a><\/figure>\n\n\n\n<figure class=\"wp-block-image\"><a href=\"https:\/\/pracownia52.pl\/www\/wp-content\/uploads\/2018\/10\/proba-01-1979-Zamosc-TO-proba668.jpg\"><img loading=\"lazy\" decoding=\"async\" width=\"682\" height=\"1024\" data-id=\"7885\" src=\"https:\/\/pracownia52.pl\/www\/wp-content\/uploads\/2018\/10\/proba-01-1979-Zamosc-TO-proba668-682x1024.jpg?v=1627123688\" alt=\"\" class=\"wp-image-7885\" srcset=\"https:\/\/pracownia52.pl\/www\/wp-content\/uploads\/2018\/10\/proba-01-1979-Zamosc-TO-proba668-682x1024.jpg?v=1627123688 682w, https:\/\/pracownia52.pl\/www\/wp-content\/uploads\/2018\/10\/proba-01-1979-Zamosc-TO-proba668-200x300.jpg?v=1627123688 200w, https:\/\/pracownia52.pl\/www\/wp-content\/uploads\/2018\/10\/proba-01-1979-Zamosc-TO-proba668-768x1153.jpg?v=1627123688 768w, https:\/\/pracownia52.pl\/www\/wp-content\/uploads\/2018\/10\/proba-01-1979-Zamosc-TO-proba668.jpg?v=1627123688 799w\" sizes=\"auto, (max-width: 682px) 100vw, 682px\" \/><\/a><\/figure>\n\n\n\n<figure class=\"wp-block-image\"><a href=\"https:\/\/pracownia52.pl\/www\/wp-content\/uploads\/2018\/11\/001-1979-lub-80-teatr-Ochoty-861-fot-mr-makowski.jpg\"><img loading=\"lazy\" decoding=\"async\" width=\"1024\" height=\"707\" data-id=\"8009\" src=\"https:\/\/pracownia52.pl\/www\/wp-content\/uploads\/2018\/11\/001-1979-lub-80-teatr-Ochoty-861-fot-mr-makowski-1024x707.jpg?v=1627123673\" alt=\"\" class=\"wp-image-8009\" srcset=\"https:\/\/pracownia52.pl\/www\/wp-content\/uploads\/2018\/11\/001-1979-lub-80-teatr-Ochoty-861-fot-mr-makowski-1024x707.jpg?v=1627123673 1024w, https:\/\/pracownia52.pl\/www\/wp-content\/uploads\/2018\/11\/001-1979-lub-80-teatr-Ochoty-861-fot-mr-makowski-300x207.jpg?v=1627123673 300w, https:\/\/pracownia52.pl\/www\/wp-content\/uploads\/2018\/11\/001-1979-lub-80-teatr-Ochoty-861-fot-mr-makowski-768x530.jpg?v=1627123673 768w, https:\/\/pracownia52.pl\/www\/wp-content\/uploads\/2018\/11\/001-1979-lub-80-teatr-Ochoty-861-fot-mr-makowski.jpg?v=1627123673 1200w\" sizes=\"auto, (max-width: 767px) 89vw, (max-width: 1000px) 54vw, (max-width: 1071px) 543px, 580px\" \/><\/a><\/figure>\n\n\n\n<figure class=\"wp-block-image\"><a href=\"https:\/\/encyklopediateatru.pl\/artykuly\/334215\/krzywa-plaska-na-poczatek#\"><img loading=\"lazy\" decoding=\"async\" width=\"345\" height=\"1024\" data-id=\"10495\" src=\"https:\/\/pracownia52.pl\/www\/wp-content\/uploads\/2025\/03\/IMG_5935-1-345x1024.jpeg\" alt=\"\" class=\"wp-image-10495\" srcset=\"https:\/\/pracownia52.pl\/www\/wp-content\/uploads\/2025\/03\/IMG_5935-1-345x1024.jpeg 345w, https:\/\/pracownia52.pl\/www\/wp-content\/uploads\/2025\/03\/IMG_5935-1-101x300.jpeg 101w, https:\/\/pracownia52.pl\/www\/wp-content\/uploads\/2025\/03\/IMG_5935-1-518x1536.jpeg 518w, https:\/\/pracownia52.pl\/www\/wp-content\/uploads\/2025\/03\/IMG_5935-1.jpeg 607w\" sizes=\"auto, (max-width: 345px) 100vw, 345px\" \/><\/a><\/figure>\n<\/figure>\n\n\n\n<p><\/p>\n","protected":false},"excerpt":{"rendered":"<p>Robi\u0142em tam zdj\u0119cia, rodzaj dokumentacji. R\u00f3wnie\u017c tych spektakli \u201em\u0142odzie\u017cowych\u201d, bardzo ciekawe dzieciaki. A nawet portrety: jeden \u2013 Bo\u017cena Stryjek \u2013 ni\u017cej. Rok, dwa czy mo\u017ce i wi\u0119cej (1978?\u201380?); a w tym: sporo z Zamo\u015bcia, przedstawie\u0144 plenerowych. Ciekawe do\u015bwiadczenie, sporo si\u0119 nauczy\u0142em. Jedna wystawa: ca\u0142a, tylko jedna wielka \u015bciana, matowe odbitki, niekadrowane, z fragmentami perforacji \u2013 &hellip; <\/p>\n<p class=\"link-more\"><a href=\"https:\/\/pracownia52.pl\/www\/?page_id=7830\" class=\"more-link\">Czytaj dalej<span class=\"screen-reader-text\"> \u201eTeatr Ochoty i Jan Machulski\u201d<\/span><\/a><\/p>\n","protected":false},"author":1,"featured_media":7832,"parent":0,"menu_order":3,"comment_status":"closed","ping_status":"closed","template":"","meta":{"footnotes":""},"class_list":["post-7830","page","type-page","status-publish","has-post-thumbnail","hentry"],"_links":{"self":[{"href":"https:\/\/pracownia52.pl\/www\/index.php?rest_route=\/wp\/v2\/pages\/7830","targetHints":{"allow":["GET"]}}],"collection":[{"href":"https:\/\/pracownia52.pl\/www\/index.php?rest_route=\/wp\/v2\/pages"}],"about":[{"href":"https:\/\/pracownia52.pl\/www\/index.php?rest_route=\/wp\/v2\/types\/page"}],"author":[{"embeddable":true,"href":"https:\/\/pracownia52.pl\/www\/index.php?rest_route=\/wp\/v2\/users\/1"}],"replies":[{"embeddable":true,"href":"https:\/\/pracownia52.pl\/www\/index.php?rest_route=%2Fwp%2Fv2%2Fcomments&post=7830"}],"version-history":[{"count":24,"href":"https:\/\/pracownia52.pl\/www\/index.php?rest_route=\/wp\/v2\/pages\/7830\/revisions"}],"predecessor-version":[{"id":10509,"href":"https:\/\/pracownia52.pl\/www\/index.php?rest_route=\/wp\/v2\/pages\/7830\/revisions\/10509"}],"wp:featuredmedia":[{"embeddable":true,"href":"https:\/\/pracownia52.pl\/www\/index.php?rest_route=\/wp\/v2\/media\/7832"}],"wp:attachment":[{"href":"https:\/\/pracownia52.pl\/www\/index.php?rest_route=%2Fwp%2Fv2%2Fmedia&parent=7830"}],"curies":[{"name":"wp","href":"https:\/\/api.w.org\/{rel}","templated":true}]}}