{"id":7847,"date":"2018-10-22T11:56:37","date_gmt":"2018-10-22T11:56:37","guid":{"rendered":"https:\/\/pracownia52.pl\/www\/?page_id=7847"},"modified":"2019-04-04T07:07:55","modified_gmt":"2019-04-04T07:07:55","slug":"elektricni-orgazam","status":"publish","type":"page","link":"https:\/\/pracownia52.pl\/www\/?page_id=7847","title":{"rendered":"Elektri\u010dni Orgazam"},"content":{"rendered":"\n<p>\u2026 w Warszawie (1987).<br \/>Jaki\u015b zestaw w \u201e<a href=\"https:\/\/pracownia52.pl\/www\/?page_id=461\"><strong>Magazynie Muzycznym<\/strong><\/a>\u201d, troch\u0119 innych zdj\u0119\u0107 grupy (serb. <a href=\"https:\/\/pl.wikipedia.org\/wiki\/Elektri\u010dni_Orgazam\"><strong>\u0415\u043b\u0435\u043a\u0442\u0440\u0438\u0447\u043d\u0438 O\u0440\u0433\u0430\u0437\u0430\u043c<\/strong><\/a>), niestety negatyw lekko z<a href=\"https:\/\/pl.wikipedia.org\/wiki\/Solaryzacja\"><strong>solaryzowany<\/strong><\/a>, z niewiadomych powod\u00f3w (psychodelia?).<br \/>By\u0142 kupowany na lewo (jak wiele d\u00f3br w Peerelu) od operator\u00f3w pa\u0144stwowej wytw\u00f3rni filmowej, nie wymieni\u0119 jakiej, bo jednak kradli (a ja kupowa\u0142em kradzione). Dobrze, \u017ce to nie by\u0142a jaka\u015b cha\u0142tura z obrabiarkami (\u201ewary\u0144ski\u201d) z kt\u00f3rych \u017cyli Starsi Koledzy; a grupa rokendrollowa: tu to nawet pasuje.<br \/>tak\u017ce tak.<br \/>mr m.<\/p>\n\n\n\n<ul class=\"wp-block-gallery columns-2 is-cropped wp-block-gallery-1 is-layout-flex wp-block-gallery-is-layout-flex\"><li class=\"blocks-gallery-item\"><figure><a href=\"https:\/\/pracownia52.pl\/www\/wp-content\/uploads\/2018\/10\/03-1987-Elektricni-Orgazam-fot-mr-makowski-429.jpg\"><img loading=\"lazy\" decoding=\"async\" width=\"798\" height=\"1200\" src=\"https:\/\/pracownia52.pl\/www\/wp-content\/uploads\/2018\/10\/03-1987-Elektricni-Orgazam-fot-mr-makowski-429.jpg\" alt=\"\" data-id=\"7854\" class=\"wp-image-7854\" srcset=\"https:\/\/pracownia52.pl\/www\/wp-content\/uploads\/2018\/10\/03-1987-Elektricni-Orgazam-fot-mr-makowski-429.jpg?v=1627123690 798w, https:\/\/pracownia52.pl\/www\/wp-content\/uploads\/2018\/10\/03-1987-Elektricni-Orgazam-fot-mr-makowski-429-200x300.jpg?v=1627123690 200w, https:\/\/pracownia52.pl\/www\/wp-content\/uploads\/2018\/10\/03-1987-Elektricni-Orgazam-fot-mr-makowski-429-681x1024.jpg?v=1627123690 681w, https:\/\/pracownia52.pl\/www\/wp-content\/uploads\/2018\/10\/03-1987-Elektricni-Orgazam-fot-mr-makowski-429-768x1155.jpg?v=1627123690 768w\" sizes=\"auto, (max-width: 767px) 89vw, (max-width: 1000px) 54vw, (max-width: 1071px) 543px, 580px\" \/><\/a><\/figure><\/li><li class=\"blocks-gallery-item\"><figure><a href=\"https:\/\/pracownia52.pl\/www\/wp-content\/uploads\/2018\/10\/03-1987-Elektricni-Orgazam-fot-mr-makowski-433.jpg\"><img loading=\"lazy\" decoding=\"async\" width=\"806\" height=\"1200\" src=\"https:\/\/pracownia52.pl\/www\/wp-content\/uploads\/2018\/10\/03-1987-Elektricni-Orgazam-fot-mr-makowski-433.jpg\" alt=\"\" data-id=\"7855\" class=\"wp-image-7855\" srcset=\"https:\/\/pracownia52.pl\/www\/wp-content\/uploads\/2018\/10\/03-1987-Elektricni-Orgazam-fot-mr-makowski-433.jpg?v=1627123690 806w, https:\/\/pracownia52.pl\/www\/wp-content\/uploads\/2018\/10\/03-1987-Elektricni-Orgazam-fot-mr-makowski-433-202x300.jpg?v=1627123690 202w, https:\/\/pracownia52.pl\/www\/wp-content\/uploads\/2018\/10\/03-1987-Elektricni-Orgazam-fot-mr-makowski-433-688x1024.jpg?v=1627123690 688w, https:\/\/pracownia52.pl\/www\/wp-content\/uploads\/2018\/10\/03-1987-Elektricni-Orgazam-fot-mr-makowski-433-768x1143.jpg?v=1627123690 768w\" sizes=\"auto, (max-width: 767px) 89vw, (max-width: 1000px) 54vw, (max-width: 1071px) 543px, 580px\" \/><\/a><\/figure><\/li><\/ul>\n\n\n\n<ul class=\"wp-block-gallery columns-5 is-cropped wp-block-gallery-2 is-layout-flex wp-block-gallery-is-layout-flex\"><li class=\"blocks-gallery-item\"><figure><a href=\"https:\/\/pracownia52.pl\/www\/wp-content\/uploads\/2018\/10\/201-1987-Elektricni-Org-662.jpg\"><img loading=\"lazy\" decoding=\"async\" width=\"805\" height=\"1200\" src=\"https:\/\/pracownia52.pl\/www\/wp-content\/uploads\/2018\/10\/201-1987-Elektricni-Org-662.jpg\" alt=\"\" data-id=\"7887\" class=\"wp-image-7887\" srcset=\"https:\/\/pracownia52.pl\/www\/wp-content\/uploads\/2018\/10\/201-1987-Elektricni-Org-662.jpg?v=1627123688 805w, https:\/\/pracownia52.pl\/www\/wp-content\/uploads\/2018\/10\/201-1987-Elektricni-Org-662-201x300.jpg?v=1627123688 201w, https:\/\/pracownia52.pl\/www\/wp-content\/uploads\/2018\/10\/201-1987-Elektricni-Org-662-687x1024.jpg?v=1627123688 687w, https:\/\/pracownia52.pl\/www\/wp-content\/uploads\/2018\/10\/201-1987-Elektricni-Org-662-768x1145.jpg?v=1627123688 768w\" sizes=\"auto, (max-width: 767px) 89vw, (max-width: 1000px) 54vw, (max-width: 1071px) 543px, 580px\" \/><\/a><\/figure><\/li><li class=\"blocks-gallery-item\"><figure><a href=\"https:\/\/pracownia52.pl\/www\/wp-content\/uploads\/2018\/10\/202-1987-Elektricni-Org-660.jpg\"><img loading=\"lazy\" decoding=\"async\" width=\"787\" height=\"1200\" src=\"https:\/\/pracownia52.pl\/www\/wp-content\/uploads\/2018\/10\/202-1987-Elektricni-Org-660.jpg\" alt=\"\" data-id=\"7888\" class=\"wp-image-7888\" srcset=\"https:\/\/pracownia52.pl\/www\/wp-content\/uploads\/2018\/10\/202-1987-Elektricni-Org-660.jpg?v=1627123687 787w, https:\/\/pracownia52.pl\/www\/wp-content\/uploads\/2018\/10\/202-1987-Elektricni-Org-660-197x300.jpg?v=1627123687 197w, https:\/\/pracownia52.pl\/www\/wp-content\/uploads\/2018\/10\/202-1987-Elektricni-Org-660-672x1024.jpg?v=1627123687 672w, https:\/\/pracownia52.pl\/www\/wp-content\/uploads\/2018\/10\/202-1987-Elektricni-Org-660-768x1171.jpg?v=1627123687 768w\" sizes=\"auto, (max-width: 767px) 89vw, (max-width: 1000px) 54vw, (max-width: 1071px) 543px, 580px\" \/><\/a><\/figure><\/li><li class=\"blocks-gallery-item\"><figure><a href=\"https:\/\/pracownia52.pl\/www\/wp-content\/uploads\/2018\/10\/203-1987-Elektricni-Org-657.jpg\"><img loading=\"lazy\" decoding=\"async\" width=\"786\" height=\"1200\" src=\"https:\/\/pracownia52.pl\/www\/wp-content\/uploads\/2018\/10\/203-1987-Elektricni-Org-657.jpg\" alt=\"\" data-id=\"7889\" class=\"wp-image-7889\" srcset=\"https:\/\/pracownia52.pl\/www\/wp-content\/uploads\/2018\/10\/203-1987-Elektricni-Org-657.jpg?v=1627123686 786w, https:\/\/pracownia52.pl\/www\/wp-content\/uploads\/2018\/10\/203-1987-Elektricni-Org-657-197x300.jpg?v=1627123686 197w, https:\/\/pracownia52.pl\/www\/wp-content\/uploads\/2018\/10\/203-1987-Elektricni-Org-657-671x1024.jpg?v=1627123686 671w, https:\/\/pracownia52.pl\/www\/wp-content\/uploads\/2018\/10\/203-1987-Elektricni-Org-657-768x1173.jpg?v=1627123686 768w\" sizes=\"auto, (max-width: 767px) 89vw, (max-width: 1000px) 54vw, (max-width: 1071px) 543px, 580px\" \/><\/a><\/figure><\/li><li class=\"blocks-gallery-item\"><figure><a href=\"https:\/\/pracownia52.pl\/www\/wp-content\/uploads\/2018\/10\/204-1987-Elektricni-Org-659.jpg\"><img loading=\"lazy\" decoding=\"async\" width=\"806\" height=\"1200\" src=\"https:\/\/pracownia52.pl\/www\/wp-content\/uploads\/2018\/10\/204-1987-Elektricni-Org-659.jpg\" alt=\"\" data-id=\"7890\" class=\"wp-image-7890\" srcset=\"https:\/\/pracownia52.pl\/www\/wp-content\/uploads\/2018\/10\/204-1987-Elektricni-Org-659.jpg?v=1627123686 806w, https:\/\/pracownia52.pl\/www\/wp-content\/uploads\/2018\/10\/204-1987-Elektricni-Org-659-202x300.jpg?v=1627123686 202w, https:\/\/pracownia52.pl\/www\/wp-content\/uploads\/2018\/10\/204-1987-Elektricni-Org-659-688x1024.jpg?v=1627123686 688w, https:\/\/pracownia52.pl\/www\/wp-content\/uploads\/2018\/10\/204-1987-Elektricni-Org-659-768x1143.jpg?v=1627123686 768w\" sizes=\"auto, (max-width: 767px) 89vw, (max-width: 1000px) 54vw, (max-width: 1071px) 543px, 580px\" \/><\/a><\/figure><\/li><li class=\"blocks-gallery-item\"><figure><a href=\"https:\/\/pracownia52.pl\/www\/wp-content\/uploads\/2018\/10\/205-1987-Elektricni-Org-664.jpg\"><img loading=\"lazy\" decoding=\"async\" width=\"790\" height=\"1200\" src=\"https:\/\/pracownia52.pl\/www\/wp-content\/uploads\/2018\/10\/205-1987-Elektricni-Org-664.jpg\" alt=\"\" data-id=\"7891\" class=\"wp-image-7891\" srcset=\"https:\/\/pracownia52.pl\/www\/wp-content\/uploads\/2018\/10\/205-1987-Elektricni-Org-664.jpg?v=1627123686 790w, https:\/\/pracownia52.pl\/www\/wp-content\/uploads\/2018\/10\/205-1987-Elektricni-Org-664-198x300.jpg?v=1627123686 198w, https:\/\/pracownia52.pl\/www\/wp-content\/uploads\/2018\/10\/205-1987-Elektricni-Org-664-674x1024.jpg?v=1627123686 674w, https:\/\/pracownia52.pl\/www\/wp-content\/uploads\/2018\/10\/205-1987-Elektricni-Org-664-768x1167.jpg?v=1627123686 768w\" sizes=\"auto, (max-width: 767px) 89vw, (max-width: 1000px) 54vw, (max-width: 1071px) 543px, 580px\" \/><\/a><\/figure><\/li><\/ul>\n\n\n\n<ul class=\"wp-block-gallery columns-3 is-cropped wp-block-gallery-3 is-layout-flex wp-block-gallery-is-layout-flex\"><li class=\"blocks-gallery-item\"><figure><a href=\"https:\/\/pracownia52.pl\/www\/wp-content\/uploads\/2018\/10\/301-1987-Elektricni-Org-664.jpg\"><img loading=\"lazy\" decoding=\"async\" width=\"1200\" height=\"794\" src=\"https:\/\/pracownia52.pl\/www\/wp-content\/uploads\/2018\/10\/301-1987-Elektricni-Org-664.jpg\" alt=\"\" data-id=\"7895\" class=\"wp-image-7895\" srcset=\"https:\/\/pracownia52.pl\/www\/wp-content\/uploads\/2018\/10\/301-1987-Elektricni-Org-664.jpg?v=1627123686 1200w, https:\/\/pracownia52.pl\/www\/wp-content\/uploads\/2018\/10\/301-1987-Elektricni-Org-664-300x199.jpg?v=1627123686 300w, https:\/\/pracownia52.pl\/www\/wp-content\/uploads\/2018\/10\/301-1987-Elektricni-Org-664-1024x678.jpg?v=1627123686 1024w, https:\/\/pracownia52.pl\/www\/wp-content\/uploads\/2018\/10\/301-1987-Elektricni-Org-664-768x508.jpg?v=1627123686 768w\" sizes=\"auto, (max-width: 767px) 89vw, (max-width: 1000px) 54vw, (max-width: 1071px) 543px, 580px\" \/><\/a><\/figure><\/li><li class=\"blocks-gallery-item\"><figure><a href=\"https:\/\/pracownia52.pl\/www\/wp-content\/uploads\/2018\/10\/Grzegorz-Brzozowicz-i-1987-Elektricni-Org-658.jpg\"><img loading=\"lazy\" decoding=\"async\" width=\"1200\" height=\"792\" src=\"https:\/\/pracownia52.pl\/www\/wp-content\/uploads\/2018\/10\/Grzegorz-Brzozowicz-i-1987-Elektricni-Org-658.jpg\" alt=\"\" data-id=\"7896\" class=\"wp-image-7896\" srcset=\"https:\/\/pracownia52.pl\/www\/wp-content\/uploads\/2018\/10\/Grzegorz-Brzozowicz-i-1987-Elektricni-Org-658.jpg?v=1627123685 1200w, https:\/\/pracownia52.pl\/www\/wp-content\/uploads\/2018\/10\/Grzegorz-Brzozowicz-i-1987-Elektricni-Org-658-300x198.jpg?v=1627123685 300w, https:\/\/pracownia52.pl\/www\/wp-content\/uploads\/2018\/10\/Grzegorz-Brzozowicz-i-1987-Elektricni-Org-658-1024x676.jpg?v=1627123685 1024w, https:\/\/pracownia52.pl\/www\/wp-content\/uploads\/2018\/10\/Grzegorz-Brzozowicz-i-1987-Elektricni-Org-658-768x507.jpg?v=1627123685 768w\" sizes=\"auto, (max-width: 767px) 89vw, (max-width: 1000px) 54vw, (max-width: 1071px) 543px, 580px\" \/><\/a><\/figure><\/li><\/ul>\n","protected":false},"excerpt":{"rendered":"<p>\u2026 w Warszawie (1987).Jaki\u015b zestaw w \u201eMagazynie Muzycznym\u201d, troch\u0119 innych zdj\u0119\u0107 grupy (serb. \u0415\u043b\u0435\u043a\u0442\u0440\u0438\u0447\u043d\u0438 O\u0440\u0433\u0430\u0437\u0430\u043c), niestety negatyw lekko zsolaryzowany, z niewiadomych powod\u00f3w (psychodelia?).By\u0142 kupowany na lewo (jak wiele d\u00f3br w Peerelu) od operator\u00f3w pa\u0144stwowej wytw\u00f3rni filmowej, nie wymieni\u0119 jakiej, bo jednak kradli (a ja kupowa\u0142em kradzione). Dobrze, \u017ce to nie by\u0142a jaka\u015b cha\u0142tura z obrabiarkami &hellip; <\/p>\n<p class=\"link-more\"><a href=\"https:\/\/pracownia52.pl\/www\/?page_id=7847\" class=\"more-link\">Czytaj dalej<span class=\"screen-reader-text\"> \u201eElektri\u010dni Orgazam\u201d<\/span><\/a><\/p>\n","protected":false},"author":1,"featured_media":7851,"parent":0,"menu_order":0,"comment_status":"closed","ping_status":"closed","template":"","meta":{"footnotes":""},"class_list":["post-7847","page","type-page","status-publish","has-post-thumbnail","hentry"],"_links":{"self":[{"href":"https:\/\/pracownia52.pl\/www\/index.php?rest_route=\/wp\/v2\/pages\/7847","targetHints":{"allow":["GET"]}}],"collection":[{"href":"https:\/\/pracownia52.pl\/www\/index.php?rest_route=\/wp\/v2\/pages"}],"about":[{"href":"https:\/\/pracownia52.pl\/www\/index.php?rest_route=\/wp\/v2\/types\/page"}],"author":[{"embeddable":true,"href":"https:\/\/pracownia52.pl\/www\/index.php?rest_route=\/wp\/v2\/users\/1"}],"replies":[{"embeddable":true,"href":"https:\/\/pracownia52.pl\/www\/index.php?rest_route=%2Fwp%2Fv2%2Fcomments&post=7847"}],"version-history":[{"count":12,"href":"https:\/\/pracownia52.pl\/www\/index.php?rest_route=\/wp\/v2\/pages\/7847\/revisions"}],"predecessor-version":[{"id":9340,"href":"https:\/\/pracownia52.pl\/www\/index.php?rest_route=\/wp\/v2\/pages\/7847\/revisions\/9340"}],"wp:featuredmedia":[{"embeddable":true,"href":"https:\/\/pracownia52.pl\/www\/index.php?rest_route=\/wp\/v2\/media\/7851"}],"wp:attachment":[{"href":"https:\/\/pracownia52.pl\/www\/index.php?rest_route=%2Fwp%2Fv2%2Fmedia&parent=7847"}],"curies":[{"name":"wp","href":"https:\/\/api.w.org\/{rel}","templated":true}]}}