{"id":794,"date":"2010-06-12T16:40:29","date_gmt":"2010-06-12T16:40:29","guid":{"rendered":"http:\/\/pracownia52.pl\/www\/?page_id=794"},"modified":"2019-01-10T12:55:51","modified_gmt":"2019-01-10T12:55:51","slug":"tomasz-matkowski","status":"publish","type":"page","link":"https:\/\/pracownia52.pl\/www\/?page_id=794","title":{"rendered":"Tomasz Matkowski"},"content":{"rendered":"<p>Ok\u0142adka do powie\u015bci; z cudzego zdj\u0119cia, negatyw (cz\u0119\u015bciowo; lizak \u2013 pozytywem). RGB separowane z programu PhotoStyler; chyba tak si\u0119 nazywa\u0142. Kompletna prehistoria.<br \/>\nmr m.<br \/>\n<img loading=\"lazy\" decoding=\"async\" class=\"alignnone size-medium wp-image-796\" title=\"tomasz-matkowski-1\" src=\"http:\/\/pracownia52.pl\/www\/wp-content\/uploads\/2010\/06\/tomasz-matkowski-1-201x300.jpg\" alt=\"\" width=\"201\" height=\"300\" srcset=\"https:\/\/pracownia52.pl\/www\/wp-content\/uploads\/2010\/06\/tomasz-matkowski-1-201x300.jpg?v=1627124294 201w, https:\/\/pracownia52.pl\/www\/wp-content\/uploads\/2010\/06\/tomasz-matkowski-1.jpg?v=1627124294 450w\" sizes=\"auto, (max-width: 201px) 100vw, 201px\" \/><\/p>\n","protected":false},"excerpt":{"rendered":"<p>Ok\u0142adka do powie\u015bci; z cudzego zdj\u0119cia, negatyw (cz\u0119\u015bciowo; lizak \u2013 pozytywem). RGB separowane z programu PhotoStyler; chyba tak si\u0119 nazywa\u0142. Kompletna prehistoria. mr m.<\/p>\n","protected":false},"author":1,"featured_media":0,"parent":0,"menu_order":3,"comment_status":"closed","ping_status":"open","template":"","meta":{"footnotes":""},"class_list":["post-794","page","type-page","status-publish","hentry"],"_links":{"self":[{"href":"https:\/\/pracownia52.pl\/www\/index.php?rest_route=\/wp\/v2\/pages\/794","targetHints":{"allow":["GET"]}}],"collection":[{"href":"https:\/\/pracownia52.pl\/www\/index.php?rest_route=\/wp\/v2\/pages"}],"about":[{"href":"https:\/\/pracownia52.pl\/www\/index.php?rest_route=\/wp\/v2\/types\/page"}],"author":[{"embeddable":true,"href":"https:\/\/pracownia52.pl\/www\/index.php?rest_route=\/wp\/v2\/users\/1"}],"replies":[{"embeddable":true,"href":"https:\/\/pracownia52.pl\/www\/index.php?rest_route=%2Fwp%2Fv2%2Fcomments&post=794"}],"version-history":[{"count":5,"href":"https:\/\/pracownia52.pl\/www\/index.php?rest_route=\/wp\/v2\/pages\/794\/revisions"}],"predecessor-version":[{"id":8738,"href":"https:\/\/pracownia52.pl\/www\/index.php?rest_route=\/wp\/v2\/pages\/794\/revisions\/8738"}],"wp:attachment":[{"href":"https:\/\/pracownia52.pl\/www\/index.php?rest_route=%2Fwp%2Fv2%2Fmedia&parent=794"}],"curies":[{"name":"wp","href":"https:\/\/api.w.org\/{rel}","templated":true}]}}