{"id":7979,"date":"2018-11-26T12:56:57","date_gmt":"2018-11-26T12:56:57","guid":{"rendered":"https:\/\/pracownia52.pl\/www\/?page_id=7979"},"modified":"2018-11-26T12:56:57","modified_gmt":"2018-11-26T12:56:57","slug":"bratyslawa-1987","status":"publish","type":"page","link":"https:\/\/pracownia52.pl\/www\/?page_id=7979","title":{"rendered":"Bratys\u0142awa, 1987"},"content":{"rendered":"<p>Wyjazd sporej cz\u0119\u015bci redakcji <a href=\"https:\/\/pracownia52.pl\/www\/?page_id=461\"><strong>Magazynu Muzycznego<\/strong><\/a> do B. Polski o\u015brodek kultury, Marian Butrym przemawia\u0142, Adam Halber puszcza\u0142 p\u0142yty\u2026 A m\u0142odzi S\u0142owacy \u017calili si\u0119 mi, \u017ce: \u2013 <em>u was to jest wolno\u015b\u0107, nie to co u nas\u2026<\/em> Ot, paradoksy i perspektywy.<br \/>\nmr m.<br \/>\n<div id='gallery-1' class='gallery galleryid-7979 gallery-columns-3 gallery-size-full'><figure class='gallery-item'>\n\t\t\t<div class='gallery-icon landscape'>\n\t\t\t\t<a href='https:\/\/pracownia52.pl\/www\/wp-content\/uploads\/2018\/11\/302-1987-Slowacja-MM-956-fot-mr-makowski.jpg'><img loading=\"lazy\" decoding=\"async\" width=\"1200\" height=\"794\" src=\"https:\/\/pracownia52.pl\/www\/wp-content\/uploads\/2018\/11\/302-1987-Slowacja-MM-956-fot-mr-makowski.jpg?v=1627123677\" class=\"attachment-full size-full\" alt=\"\" srcset=\"https:\/\/pracownia52.pl\/www\/wp-content\/uploads\/2018\/11\/302-1987-Slowacja-MM-956-fot-mr-makowski.jpg?v=1627123677 1200w, https:\/\/pracownia52.pl\/www\/wp-content\/uploads\/2018\/11\/302-1987-Slowacja-MM-956-fot-mr-makowski-300x199.jpg?v=1627123677 300w, https:\/\/pracownia52.pl\/www\/wp-content\/uploads\/2018\/11\/302-1987-Slowacja-MM-956-fot-mr-makowski-1024x678.jpg?v=1627123677 1024w, https:\/\/pracownia52.pl\/www\/wp-content\/uploads\/2018\/11\/302-1987-Slowacja-MM-956-fot-mr-makowski-768x508.jpg?v=1627123677 768w\" sizes=\"auto, 100vw\" \/><\/a>\n\t\t\t<\/div><\/figure><figure class='gallery-item'>\n\t\t\t<div class='gallery-icon portrait'>\n\t\t\t\t<a href='https:\/\/pracownia52.pl\/www\/wp-content\/uploads\/2018\/11\/201-1987-Slowacja-MM-960-fot-mr-makowski.jpg'><img loading=\"lazy\" decoding=\"async\" width=\"798\" height=\"1200\" src=\"https:\/\/pracownia52.pl\/www\/wp-content\/uploads\/2018\/11\/201-1987-Slowacja-MM-960-fot-mr-makowski.jpg?v=1627123678\" class=\"attachment-full size-full\" alt=\"\" srcset=\"https:\/\/pracownia52.pl\/www\/wp-content\/uploads\/2018\/11\/201-1987-Slowacja-MM-960-fot-mr-makowski.jpg?v=1627123678 798w, https:\/\/pracownia52.pl\/www\/wp-content\/uploads\/2018\/11\/201-1987-Slowacja-MM-960-fot-mr-makowski-200x300.jpg?v=1627123678 200w, https:\/\/pracownia52.pl\/www\/wp-content\/uploads\/2018\/11\/201-1987-Slowacja-MM-960-fot-mr-makowski-681x1024.jpg?v=1627123678 681w, https:\/\/pracownia52.pl\/www\/wp-content\/uploads\/2018\/11\/201-1987-Slowacja-MM-960-fot-mr-makowski-768x1155.jpg?v=1627123678 768w\" sizes=\"auto, 100vw\" \/><\/a>\n\t\t\t<\/div><\/figure><figure class='gallery-item'>\n\t\t\t<div class='gallery-icon landscape'>\n\t\t\t\t<a href='https:\/\/pracownia52.pl\/www\/wp-content\/uploads\/2018\/11\/301-1987-Slowacja-MM-957-fot-mr-makowski.jpg'><img loading=\"lazy\" decoding=\"async\" width=\"1200\" height=\"794\" src=\"https:\/\/pracownia52.pl\/www\/wp-content\/uploads\/2018\/11\/301-1987-Slowacja-MM-957-fot-mr-makowski.jpg?v=1627123678\" class=\"attachment-full size-full\" alt=\"\" srcset=\"https:\/\/pracownia52.pl\/www\/wp-content\/uploads\/2018\/11\/301-1987-Slowacja-MM-957-fot-mr-makowski.jpg?v=1627123678 1200w, https:\/\/pracownia52.pl\/www\/wp-content\/uploads\/2018\/11\/301-1987-Slowacja-MM-957-fot-mr-makowski-300x199.jpg?v=1627123678 300w, https:\/\/pracownia52.pl\/www\/wp-content\/uploads\/2018\/11\/301-1987-Slowacja-MM-957-fot-mr-makowski-1024x678.jpg?v=1627123678 1024w, https:\/\/pracownia52.pl\/www\/wp-content\/uploads\/2018\/11\/301-1987-Slowacja-MM-957-fot-mr-makowski-768x508.jpg?v=1627123678 768w\" sizes=\"auto, 100vw\" \/><\/a>\n\t\t\t<\/div><\/figure>\n\t\t<\/div>\n<\/p>\n","protected":false},"excerpt":{"rendered":"<p>Wyjazd sporej cz\u0119\u015bci redakcji Magazynu Muzycznego do B. Polski o\u015brodek kultury, Marian Butrym przemawia\u0142, Adam Halber puszcza\u0142 p\u0142yty\u2026 A m\u0142odzi S\u0142owacy \u017calili si\u0119 mi, \u017ce: \u2013 u was to jest wolno\u015b\u0107, nie to co u nas\u2026 Ot, paradoksy i perspektywy. mr m.<\/p>\n","protected":false},"author":1,"featured_media":0,"parent":0,"menu_order":3,"comment_status":"closed","ping_status":"closed","template":"","meta":{"footnotes":""},"class_list":["post-7979","page","type-page","status-publish","hentry"],"_links":{"self":[{"href":"https:\/\/pracownia52.pl\/www\/index.php?rest_route=\/wp\/v2\/pages\/7979","targetHints":{"allow":["GET"]}}],"collection":[{"href":"https:\/\/pracownia52.pl\/www\/index.php?rest_route=\/wp\/v2\/pages"}],"about":[{"href":"https:\/\/pracownia52.pl\/www\/index.php?rest_route=\/wp\/v2\/types\/page"}],"author":[{"embeddable":true,"href":"https:\/\/pracownia52.pl\/www\/index.php?rest_route=\/wp\/v2\/users\/1"}],"replies":[{"embeddable":true,"href":"https:\/\/pracownia52.pl\/www\/index.php?rest_route=%2Fwp%2Fv2%2Fcomments&post=7979"}],"version-history":[{"count":2,"href":"https:\/\/pracownia52.pl\/www\/index.php?rest_route=\/wp\/v2\/pages\/7979\/revisions"}],"predecessor-version":[{"id":7984,"href":"https:\/\/pracownia52.pl\/www\/index.php?rest_route=\/wp\/v2\/pages\/7979\/revisions\/7984"}],"wp:attachment":[{"href":"https:\/\/pracownia52.pl\/www\/index.php?rest_route=%2Fwp%2Fv2%2Fmedia&parent=7979"}],"curies":[{"name":"wp","href":"https:\/\/api.w.org\/{rel}","templated":true}]}}