{"id":8038,"date":"2018-12-11T16:11:35","date_gmt":"2018-12-11T16:11:35","guid":{"rendered":"https:\/\/pracownia52.pl\/www\/?page_id=8038"},"modified":"2018-12-11T16:11:35","modified_gmt":"2018-12-11T16:11:35","slug":"jaszczury-klub","status":"publish","type":"page","link":"https:\/\/pracownia52.pl\/www\/?page_id=8038","title":{"rendered":"Jaszczury (klub)"},"content":{"rendered":"\n<p>\u015awietne miejsce, szkoda, \u017ce tak niecz\u0119sto bywa\u0142em. Ale za to niekiedy \u201ez okazji\u201d: na zdj\u0119ciach ni\u017cej \u2013 koncert z 1980 roku, 20.rocznica powstania.<\/p>\n\n\n\n<p>Tam te\u017c zrobi\u0142em sporo zdj\u0119\u0107 do plakatu <strong><a href=\"https:\/\/pracownia52.pl\/www\/?page_id=3808\">Jaros\u0142awa \u015amietany<\/a><\/strong>, musz\u0119 odszuka\u0107, \u015bmieszny by\u0142: wi\u0119cej perforacji jak muzyk\u00f3w\u2026.<\/p>\n\n\n\n<p>mr m.<\/p>\n\n\n\n<ul class=\"wp-block-gallery columns-3 is-cropped wp-block-gallery-1 is-layout-flex wp-block-gallery-is-layout-flex\"><li class=\"blocks-gallery-item\"><figure><a href=\"https:\/\/pracownia52.pl\/www\/wp-content\/uploads\/2018\/12\/1980-20-lat-Jaszczury-113-fot-mr-makowski-1024x667.jpg\"><img loading=\"lazy\" decoding=\"async\" width=\"1024\" height=\"667\" src=\"https:\/\/pracownia52.pl\/www\/wp-content\/uploads\/2018\/12\/1980-20-lat-Jaszczury-113-fot-mr-makowski-1024x667.jpg\" alt=\"\" data-id=\"8039\" data-link=\"https:\/\/pracownia52.pl\/www\/?attachment_id=8039\" class=\"wp-image-8039\" srcset=\"https:\/\/pracownia52.pl\/www\/wp-content\/uploads\/2018\/12\/1980-20-lat-Jaszczury-113-fot-mr-makowski-1024x667.jpg?v=1627123672 1024w, https:\/\/pracownia52.pl\/www\/wp-content\/uploads\/2018\/12\/1980-20-lat-Jaszczury-113-fot-mr-makowski-300x196.jpg?v=1627123672 300w, https:\/\/pracownia52.pl\/www\/wp-content\/uploads\/2018\/12\/1980-20-lat-Jaszczury-113-fot-mr-makowski-768x500.jpg?v=1627123672 768w, https:\/\/pracownia52.pl\/www\/wp-content\/uploads\/2018\/12\/1980-20-lat-Jaszczury-113-fot-mr-makowski.jpg?v=1627123672 1200w\" sizes=\"auto, (max-width: 767px) 89vw, (max-width: 1000px) 54vw, (max-width: 1071px) 543px, 580px\" \/><\/a><\/figure><\/li><li class=\"blocks-gallery-item\"><figure><a href=\"https:\/\/pracownia52.pl\/www\/wp-content\/uploads\/2018\/12\/1980-20-lat-Jaszczury-116-fot-mr-makowski-689x1024.jpg\"><img loading=\"lazy\" decoding=\"async\" width=\"689\" height=\"1024\" src=\"https:\/\/pracownia52.pl\/www\/wp-content\/uploads\/2018\/12\/1980-20-lat-Jaszczury-116-fot-mr-makowski-689x1024.jpg\" alt=\"\" data-id=\"8040\" data-link=\"https:\/\/pracownia52.pl\/www\/?attachment_id=8040\" class=\"wp-image-8040\" srcset=\"https:\/\/pracownia52.pl\/www\/wp-content\/uploads\/2018\/12\/1980-20-lat-Jaszczury-116-fot-mr-makowski-689x1024.jpg?v=1627123672 689w, https:\/\/pracownia52.pl\/www\/wp-content\/uploads\/2018\/12\/1980-20-lat-Jaszczury-116-fot-mr-makowski-202x300.jpg?v=1627123672 202w, https:\/\/pracownia52.pl\/www\/wp-content\/uploads\/2018\/12\/1980-20-lat-Jaszczury-116-fot-mr-makowski-768x1141.jpg?v=1627123672 768w, https:\/\/pracownia52.pl\/www\/wp-content\/uploads\/2018\/12\/1980-20-lat-Jaszczury-116-fot-mr-makowski.jpg?v=1627123672 808w\" sizes=\"auto, (max-width: 689px) 100vw, 689px\" \/><\/a><\/figure><\/li><li class=\"blocks-gallery-item\"><figure><a href=\"https:\/\/pracownia52.pl\/www\/wp-content\/uploads\/2018\/12\/1980-20-lat-Jaszczury-125-fot-mr-makowski-1024x682.jpg\"><img loading=\"lazy\" decoding=\"async\" width=\"1024\" height=\"682\" src=\"https:\/\/pracownia52.pl\/www\/wp-content\/uploads\/2018\/12\/1980-20-lat-Jaszczury-125-fot-mr-makowski-1024x682.jpg\" alt=\"\" data-id=\"8041\" data-link=\"https:\/\/pracownia52.pl\/www\/?attachment_id=8041\" class=\"wp-image-8041\" srcset=\"https:\/\/pracownia52.pl\/www\/wp-content\/uploads\/2018\/12\/1980-20-lat-Jaszczury-125-fot-mr-makowski-1024x682.jpg?v=1627123671 1024w, https:\/\/pracownia52.pl\/www\/wp-content\/uploads\/2018\/12\/1980-20-lat-Jaszczury-125-fot-mr-makowski-300x200.jpg?v=1627123671 300w, https:\/\/pracownia52.pl\/www\/wp-content\/uploads\/2018\/12\/1980-20-lat-Jaszczury-125-fot-mr-makowski-768x511.jpg?v=1627123671 768w, https:\/\/pracownia52.pl\/www\/wp-content\/uploads\/2018\/12\/1980-20-lat-Jaszczury-125-fot-mr-makowski.jpg?v=1627123671 1200w\" sizes=\"auto, (max-width: 767px) 89vw, (max-width: 1000px) 54vw, (max-width: 1071px) 543px, 580px\" \/><\/a><\/figure><\/li><\/ul>\n\n\n","protected":false},"excerpt":{"rendered":"<p>\u015awietne miejsce, szkoda, \u017ce tak niecz\u0119sto bywa\u0142em. Ale za to niekiedy \u201ez okazji\u201d: na zdj\u0119ciach ni\u017cej \u2013 koncert z 1980 roku, 20.rocznica powstania. Tam te\u017c zrobi\u0142em sporo zdj\u0119\u0107 do plakatu Jaros\u0142awa \u015amietany, musz\u0119 odszuka\u0107, \u015bmieszny by\u0142: wi\u0119cej perforacji jak muzyk\u00f3w\u2026. mr m.<\/p>\n","protected":false},"author":1,"featured_media":0,"parent":0,"menu_order":0,"comment_status":"closed","ping_status":"closed","template":"","meta":{"footnotes":""},"class_list":["post-8038","page","type-page","status-publish","hentry"],"_links":{"self":[{"href":"https:\/\/pracownia52.pl\/www\/index.php?rest_route=\/wp\/v2\/pages\/8038","targetHints":{"allow":["GET"]}}],"collection":[{"href":"https:\/\/pracownia52.pl\/www\/index.php?rest_route=\/wp\/v2\/pages"}],"about":[{"href":"https:\/\/pracownia52.pl\/www\/index.php?rest_route=\/wp\/v2\/types\/page"}],"author":[{"embeddable":true,"href":"https:\/\/pracownia52.pl\/www\/index.php?rest_route=\/wp\/v2\/users\/1"}],"replies":[{"embeddable":true,"href":"https:\/\/pracownia52.pl\/www\/index.php?rest_route=%2Fwp%2Fv2%2Fcomments&post=8038"}],"version-history":[{"count":5,"href":"https:\/\/pracownia52.pl\/www\/index.php?rest_route=\/wp\/v2\/pages\/8038\/revisions"}],"predecessor-version":[{"id":8047,"href":"https:\/\/pracownia52.pl\/www\/index.php?rest_route=\/wp\/v2\/pages\/8038\/revisions\/8047"}],"wp:attachment":[{"href":"https:\/\/pracownia52.pl\/www\/index.php?rest_route=%2Fwp%2Fv2%2Fmedia&parent=8038"}],"curies":[{"name":"wp","href":"https:\/\/api.w.org\/{rel}","templated":true}]}}