{"id":808,"date":"2010-06-12T16:48:47","date_gmt":"2010-06-12T16:48:47","guid":{"rendered":"http:\/\/pracownia52.pl\/www\/?page_id=808"},"modified":"2010-06-12T16:48:47","modified_gmt":"2010-06-12T16:48:47","slug":"uniwersytecki-klub-karate-azs-uw","status":"publish","type":"page","link":"https:\/\/pracownia52.pl\/www\/?page_id=808","title":{"rendered":"Uniwersytecki Klub Karate AZS UW"},"content":{"rendered":"<p>logo.<br \/>\nzob. te\u017c strona www; kt\u00f3r\u0105 sponsorujemy, lecz nie projektujemy\u2026 zabawne.<br \/>\n[mrm]<br \/>\n<img loading=\"lazy\" decoding=\"async\" src=\"http:\/\/pracownia52.pl\/www\/wp-content\/uploads\/2010\/06\/karate-do.png\" alt=\"\" title=\"karate-do\" width=\"400\" height=\"503\" class=\"alignnone size-full wp-image-812\" srcset=\"https:\/\/pracownia52.pl\/www\/wp-content\/uploads\/2010\/06\/karate-do.png?v=1650180771 400w, https:\/\/pracownia52.pl\/www\/wp-content\/uploads\/2010\/06\/karate-do-239x300.png?v=1650180771 239w\" sizes=\"auto, (max-width: 400px) 100vw, 400px\" \/><\/p>\n","protected":false},"excerpt":{"rendered":"<p>logo. zob. te\u017c strona www; kt\u00f3r\u0105 sponsorujemy, lecz nie projektujemy\u2026 zabawne. [mrm]<\/p>\n","protected":false},"author":1,"featured_media":0,"parent":0,"menu_order":3,"comment_status":"closed","ping_status":"open","template":"","meta":{"footnotes":""},"class_list":["post-808","page","type-page","status-publish","hentry"],"_links":{"self":[{"href":"https:\/\/pracownia52.pl\/www\/index.php?rest_route=\/wp\/v2\/pages\/808","targetHints":{"allow":["GET"]}}],"collection":[{"href":"https:\/\/pracownia52.pl\/www\/index.php?rest_route=\/wp\/v2\/pages"}],"about":[{"href":"https:\/\/pracownia52.pl\/www\/index.php?rest_route=\/wp\/v2\/types\/page"}],"author":[{"embeddable":true,"href":"https:\/\/pracownia52.pl\/www\/index.php?rest_route=\/wp\/v2\/users\/1"}],"replies":[{"embeddable":true,"href":"https:\/\/pracownia52.pl\/www\/index.php?rest_route=%2Fwp%2Fv2%2Fcomments&post=808"}],"version-history":[{"count":5,"href":"https:\/\/pracownia52.pl\/www\/index.php?rest_route=\/wp\/v2\/pages\/808\/revisions"}],"predecessor-version":[{"id":814,"href":"https:\/\/pracownia52.pl\/www\/index.php?rest_route=\/wp\/v2\/pages\/808\/revisions\/814"}],"wp:attachment":[{"href":"https:\/\/pracownia52.pl\/www\/index.php?rest_route=%2Fwp%2Fv2%2Fmedia&parent=808"}],"curies":[{"name":"wp","href":"https:\/\/api.w.org\/{rel}","templated":true}]}}