{"id":8084,"date":"2018-12-18T13:38:15","date_gmt":"2018-12-18T13:38:15","guid":{"rendered":"https:\/\/pracownia52.pl\/www\/?page_id=8084"},"modified":"2018-12-18T13:38:15","modified_gmt":"2018-12-18T13:38:15","slug":"paczkow-1979","status":"publish","type":"page","link":"https:\/\/pracownia52.pl\/www\/?page_id=8084","title":{"rendered":"Paczk\u00f3w (1979)"},"content":{"rendered":"\n<p>Prawie ca\u0142e stare miasto na zdj\u0119ciach, mniej lub wi\u0119cej wartych, dwa bodaj wyjazdy. mr m.<\/p>\n\n\n\n<ul class=\"wp-block-gallery columns-2 is-cropped wp-block-gallery-1 is-layout-flex wp-block-gallery-is-layout-flex\"><li class=\"blocks-gallery-item\"><figure><img loading=\"lazy\" decoding=\"async\" width=\"678\" height=\"1024\" src=\"https:\/\/pracownia52.pl\/www\/wp-content\/uploads\/2018\/12\/002-1979-paczkow-fot-mr-makowski-307-678x1024.jpg\" alt=\"\" data-id=\"8085\" data-link=\"https:\/\/pracownia52.pl\/www\/?attachment_id=8085\" class=\"wp-image-8085\" srcset=\"https:\/\/pracownia52.pl\/www\/wp-content\/uploads\/2018\/12\/002-1979-paczkow-fot-mr-makowski-307-678x1024.jpg?v=1627123669 678w, https:\/\/pracownia52.pl\/www\/wp-content\/uploads\/2018\/12\/002-1979-paczkow-fot-mr-makowski-307-199x300.jpg?v=1627123669 199w, https:\/\/pracownia52.pl\/www\/wp-content\/uploads\/2018\/12\/002-1979-paczkow-fot-mr-makowski-307-768x1161.jpg?v=1627123669 768w, https:\/\/pracownia52.pl\/www\/wp-content\/uploads\/2018\/12\/002-1979-paczkow-fot-mr-makowski-307.jpg?v=1627123669 794w\" sizes=\"auto, (max-width: 678px) 100vw, 678px\" \/><\/figure><\/li><li class=\"blocks-gallery-item\"><figure><img loading=\"lazy\" decoding=\"async\" width=\"681\" height=\"1024\" src=\"https:\/\/pracownia52.pl\/www\/wp-content\/uploads\/2018\/12\/003-1979-paczkow-fot-mr-makowski-315-681x1024.jpg\" alt=\"\" data-id=\"8086\" data-link=\"https:\/\/pracownia52.pl\/www\/?attachment_id=8086\" class=\"wp-image-8086\" srcset=\"https:\/\/pracownia52.pl\/www\/wp-content\/uploads\/2018\/12\/003-1979-paczkow-fot-mr-makowski-315-681x1024.jpg?v=1627123669 681w, https:\/\/pracownia52.pl\/www\/wp-content\/uploads\/2018\/12\/003-1979-paczkow-fot-mr-makowski-315-200x300.jpg?v=1627123669 200w, https:\/\/pracownia52.pl\/www\/wp-content\/uploads\/2018\/12\/003-1979-paczkow-fot-mr-makowski-315-768x1155.jpg?v=1627123669 768w, https:\/\/pracownia52.pl\/www\/wp-content\/uploads\/2018\/12\/003-1979-paczkow-fot-mr-makowski-315.jpg?v=1627123669 798w\" sizes=\"auto, (max-width: 681px) 100vw, 681px\" \/><\/figure><\/li><\/ul>\n","protected":false},"excerpt":{"rendered":"<p>Prawie ca\u0142e stare miasto na zdj\u0119ciach, mniej lub wi\u0119cej wartych, dwa bodaj wyjazdy. mr m.<\/p>\n","protected":false},"author":1,"featured_media":0,"parent":0,"menu_order":3,"comment_status":"closed","ping_status":"closed","template":"","meta":{"footnotes":""},"class_list":["post-8084","page","type-page","status-publish","hentry"],"_links":{"self":[{"href":"https:\/\/pracownia52.pl\/www\/index.php?rest_route=\/wp\/v2\/pages\/8084","targetHints":{"allow":["GET"]}}],"collection":[{"href":"https:\/\/pracownia52.pl\/www\/index.php?rest_route=\/wp\/v2\/pages"}],"about":[{"href":"https:\/\/pracownia52.pl\/www\/index.php?rest_route=\/wp\/v2\/types\/page"}],"author":[{"embeddable":true,"href":"https:\/\/pracownia52.pl\/www\/index.php?rest_route=\/wp\/v2\/users\/1"}],"replies":[{"embeddable":true,"href":"https:\/\/pracownia52.pl\/www\/index.php?rest_route=%2Fwp%2Fv2%2Fcomments&post=8084"}],"version-history":[{"count":1,"href":"https:\/\/pracownia52.pl\/www\/index.php?rest_route=\/wp\/v2\/pages\/8084\/revisions"}],"predecessor-version":[{"id":8087,"href":"https:\/\/pracownia52.pl\/www\/index.php?rest_route=\/wp\/v2\/pages\/8084\/revisions\/8087"}],"wp:attachment":[{"href":"https:\/\/pracownia52.pl\/www\/index.php?rest_route=%2Fwp%2Fv2%2Fmedia&parent=8084"}],"curies":[{"name":"wp","href":"https:\/\/api.w.org\/{rel}","templated":true}]}}