{"id":81,"date":"2010-06-11T07:06:37","date_gmt":"2010-06-11T07:06:37","guid":{"rendered":"http:\/\/pracownia52.pl\/www\/?page_id=81"},"modified":"2019-03-10T08:26:08","modified_gmt":"2019-03-10T08:26:08","slug":"atomkraft","status":"publish","type":"page","link":"https:\/\/pracownia52.pl\/www\/?page_id=81","title":{"rendered":"Atomkraft \/ Metal Battle (1988)"},"content":{"rendered":"<p>Atomkraft: ok\u0142adka na LP dla Tonpressu (198\u2026?), z <strong><a href=\"http:\/\/www.cultmetal.com\/atomkraft-atomkraft\">ich zdj\u0119\u0107<\/a><\/strong>; cho\u0107 mia\u0142em jakie\u015b w\u0142asne, z koncertu zbiorowego pt. \u201eMetal Battle\u201d. Ale nie moja bajka.<br \/>mr m.<\/p>\n\n\n<figure class=\"wp-block-image\"><img loading=\"lazy\" decoding=\"async\" width=\"1024\" height=\"686\" src=\"https:\/\/pracownia52.pl\/www\/wp-content\/uploads\/2019\/03\/welcome-Metal-Battle-1988-fot-mr-makowski-542-1024x686.jpg\" alt=\"\" class=\"wp-image-9253\" srcset=\"https:\/\/pracownia52.pl\/www\/wp-content\/uploads\/2019\/03\/welcome-Metal-Battle-1988-fot-mr-makowski-542-1024x686.jpg?v=1627123608 1024w, https:\/\/pracownia52.pl\/www\/wp-content\/uploads\/2019\/03\/welcome-Metal-Battle-1988-fot-mr-makowski-542-300x201.jpg?v=1627123608 300w, https:\/\/pracownia52.pl\/www\/wp-content\/uploads\/2019\/03\/welcome-Metal-Battle-1988-fot-mr-makowski-542-768x515.jpg?v=1627123608 768w, https:\/\/pracownia52.pl\/www\/wp-content\/uploads\/2019\/03\/welcome-Metal-Battle-1988-fot-mr-makowski-542.jpg?v=1627123608 1200w\" sizes=\"auto, (max-width: 767px) 89vw, (max-width: 1000px) 54vw, (max-width: 1071px) 543px, 580px\" \/><\/figure>\n","protected":false},"excerpt":{"rendered":"<p>Atomkraft: ok\u0142adka na LP dla Tonpressu (198\u2026?), z ich zdj\u0119\u0107; cho\u0107 mia\u0142em jakie\u015b w\u0142asne, z koncertu zbiorowego pt. \u201eMetal Battle\u201d. Ale nie moja bajka.mr m.<\/p>\n","protected":false},"author":1,"featured_media":9233,"parent":0,"menu_order":0,"comment_status":"closed","ping_status":"open","template":"","meta":{"footnotes":""},"class_list":["post-81","page","type-page","status-publish","has-post-thumbnail","hentry"],"_links":{"self":[{"href":"https:\/\/pracownia52.pl\/www\/index.php?rest_route=\/wp\/v2\/pages\/81","targetHints":{"allow":["GET"]}}],"collection":[{"href":"https:\/\/pracownia52.pl\/www\/index.php?rest_route=\/wp\/v2\/pages"}],"about":[{"href":"https:\/\/pracownia52.pl\/www\/index.php?rest_route=\/wp\/v2\/types\/page"}],"author":[{"embeddable":true,"href":"https:\/\/pracownia52.pl\/www\/index.php?rest_route=\/wp\/v2\/users\/1"}],"replies":[{"embeddable":true,"href":"https:\/\/pracownia52.pl\/www\/index.php?rest_route=%2Fwp%2Fv2%2Fcomments&post=81"}],"version-history":[{"count":9,"href":"https:\/\/pracownia52.pl\/www\/index.php?rest_route=\/wp\/v2\/pages\/81\/revisions"}],"predecessor-version":[{"id":9255,"href":"https:\/\/pracownia52.pl\/www\/index.php?rest_route=\/wp\/v2\/pages\/81\/revisions\/9255"}],"wp:featuredmedia":[{"embeddable":true,"href":"https:\/\/pracownia52.pl\/www\/index.php?rest_route=\/wp\/v2\/media\/9233"}],"wp:attachment":[{"href":"https:\/\/pracownia52.pl\/www\/index.php?rest_route=%2Fwp%2Fv2%2Fmedia&parent=81"}],"curies":[{"name":"wp","href":"https:\/\/api.w.org\/{rel}","templated":true}]}}