{"id":828,"date":"2010-06-12T16:58:39","date_gmt":"2010-06-12T16:58:39","guid":{"rendered":"http:\/\/pracownia52.pl\/www\/?page_id=828"},"modified":"2022-01-18T17:28:30","modified_gmt":"2022-01-18T17:28:30","slug":"voo-boo-doo","status":"publish","type":"page","link":"https:\/\/pracownia52.pl\/www\/?page_id=828","title":{"rendered":"Woo Boo Doo"},"content":{"rendered":"\n<p>\u201eJa mam fijo\u0142a\u2026\u201d \u201emajkeld\u017cekson\u201d\u2026 Efemeryczna kapela \u2013 ale jaka fajna: i do dzi\u015b cz\u0119sto <a href=\"http:\/\/tollerblogspotcom-toller.blogspot.com\/2009\/10\/woo-boo-doo.html\"><strong>wspominana<\/strong><\/a>. Szkoda, \u017ce z samych indywidualist\u00f3w. I czasy ju\u017c nie by\u0142y na takie granie.<br \/>mr m.<\/p>\n\n\n\n<blockquote><p>Oto jak sam <a href=\"http:\/\/www.dziennik.pl\/kultura\/muzyka\/article406998\/Ironiczny_hold_Pospieszalskiego_dla_Jacko.html\"><strong>Jan Pospieszalski<\/strong> t\u0142umaczy pomys\u0142 nagrania piosenki<\/a>:<\/p><ol>Kiedy okaza\u0142o si\u0119, \u017ce nasza pr\u00f3ba nawi\u0105zania jakiegokolwiek kontaktu z publiczno\u015bci\u0105 przez kontrolowane przez pa\u0144stwo \u015brodki przekazu by\u0142a niemo\u017cliwa, zarejestrowali\u015bmy prowokacyjny kawa\u0142ek \u201eMichael Jackson&#8221;. To by\u0142a pr\u00f3ba odpowiedzi na ogarniaj\u0105c\u0105 nas ju\u017c wtedy komercj\u0119, na wszechobecno\u015b\u0107 Michaela w mediach. Przez ironi\u0119, rodzaj sarkazmu, muzycznej satyry chcieli\u015bmy zakomunikowa\u0107 \u015bwiatu:<\/ol><p><em>Jeste\u015bmy, istniejemy, mamy zupe\u0142nie inny rodzaj widzenia muzyki i potrafimy gra\u0107 fantastycznie.<\/em><\/p><ol> Niestety, wtedy nie by\u0142o miejsca na postpunkow\u0105 estetyk\u0119 osadzon\u0105 w r&#8217;n&#8217;b-jazzowym feelingu\u2026<\/ol><\/blockquote>\n\n\n\n<figure class=\"wp-block-gallery columns-3 is-cropped wp-block-gallery-1 is-layout-flex wp-block-gallery-is-layout-flex\"><ul class=\"blocks-gallery-grid\"><li class=\"blocks-gallery-item\"><figure><img loading=\"lazy\" decoding=\"async\" width=\"500\" height=\"336\" src=\"https:\/\/pracownia52.pl\/www\/wp-content\/uploads\/2010\/06\/mateusz-pospieszalski-87-bl.jpg\" alt=\"\" data-id=\"832\" class=\"wp-image-832\" srcset=\"https:\/\/pracownia52.pl\/www\/wp-content\/uploads\/2010\/06\/mateusz-pospieszalski-87-bl.jpg?v=1627124292 500w, https:\/\/pracownia52.pl\/www\/wp-content\/uploads\/2010\/06\/mateusz-pospieszalski-87-bl-300x202.jpg?v=1627124292 300w\" sizes=\"auto, (max-width: 500px) 100vw, 500px\" \/><\/figure><\/li><li class=\"blocks-gallery-item\"><figure><img loading=\"lazy\" decoding=\"async\" width=\"500\" height=\"347\" src=\"https:\/\/pracownia52.pl\/www\/wp-content\/uploads\/2010\/06\/janina-wooboodoo-87.jpg\" alt=\"\" data-id=\"830\" class=\"wp-image-830\" srcset=\"https:\/\/pracownia52.pl\/www\/wp-content\/uploads\/2010\/06\/janina-wooboodoo-87.jpg?v=1627124292 500w, https:\/\/pracownia52.pl\/www\/wp-content\/uploads\/2010\/06\/janina-wooboodoo-87-300x208.jpg?v=1627124292 300w\" sizes=\"auto, (max-width: 500px) 100vw, 500px\" \/><\/figure><\/li><li class=\"blocks-gallery-item\"><figure><img loading=\"lazy\" decoding=\"async\" width=\"500\" height=\"347\" src=\"https:\/\/pracownia52.pl\/www\/wp-content\/uploads\/2010\/06\/marcin-posp-wooboodoo-87.jpg\" alt=\"\" data-id=\"831\" class=\"wp-image-831\" srcset=\"https:\/\/pracownia52.pl\/www\/wp-content\/uploads\/2010\/06\/marcin-posp-wooboodoo-87.jpg?v=1627124292 500w, https:\/\/pracownia52.pl\/www\/wp-content\/uploads\/2010\/06\/marcin-posp-wooboodoo-87-300x208.jpg?v=1627124292 300w\" sizes=\"auto, (max-width: 500px) 100vw, 500px\" \/><\/figure><\/li><li class=\"blocks-gallery-item\"><figure><img loading=\"lazy\" decoding=\"async\" width=\"1024\" height=\"680\" src=\"https:\/\/pracownia52.pl\/www\/wp-content\/uploads\/2019\/01\/1985-rawa-blues-voo-boo-doo-Wojc-Cesarz-128-1024x680.jpg\" alt=\"\" data-id=\"8859\" data-link=\"https:\/\/pracownia52.pl\/www\/?attachment_id=8859\" class=\"wp-image-8859\" srcset=\"https:\/\/pracownia52.pl\/www\/wp-content\/uploads\/2019\/01\/1985-rawa-blues-voo-boo-doo-Wojc-Cesarz-128-1024x680.jpg?v=1627123639 1024w, https:\/\/pracownia52.pl\/www\/wp-content\/uploads\/2019\/01\/1985-rawa-blues-voo-boo-doo-Wojc-Cesarz-128-300x199.jpg?v=1627123639 300w, https:\/\/pracownia52.pl\/www\/wp-content\/uploads\/2019\/01\/1985-rawa-blues-voo-boo-doo-Wojc-Cesarz-128-768x510.jpg?v=1627123639 768w, https:\/\/pracownia52.pl\/www\/wp-content\/uploads\/2019\/01\/1985-rawa-blues-voo-boo-doo-Wojc-Cesarz-128.jpg?v=1627123639 1200w\" sizes=\"auto, (max-width: 767px) 89vw, (max-width: 1000px) 54vw, (max-width: 1071px) 543px, 580px\" \/><figcaption class=\"blocks-gallery-item__caption\">cz\u0119\u015b\u0107 Voo Boo Doo + manager Wojciech Cesarz (\u201e<strong><a href=\"https:\/\/pracownia52.pl\/www\/?page_id=1553\">Rawa Blues<\/a><\/strong>\u201d, 1985 rok)<\/figcaption><\/figure><\/li><\/ul><\/figure>\n\n\n\n<figure class=\"wp-block-image\"><a href=\"https:\/\/pracownia52.pl\/www\/?attachment_id=6209\" rel=\"attachment wp-att-6209\"><img loading=\"lazy\" decoding=\"async\" width=\"900\" height=\"894\" src=\"https:\/\/pracownia52.pl\/www\/wp-content\/uploads\/2010\/06\/woo-boo-doo-1987-fot-mr-makowski-900pxl.jpg\" alt=\"\" class=\"wp-image-6209\" srcset=\"https:\/\/pracownia52.pl\/www\/wp-content\/uploads\/2010\/06\/woo-boo-doo-1987-fot-mr-makowski-900pxl.jpg?v=1627123764 900w, https:\/\/pracownia52.pl\/www\/wp-content\/uploads\/2010\/06\/woo-boo-doo-1987-fot-mr-makowski-900pxl-300x298.jpg?v=1627123764 300w, https:\/\/pracownia52.pl\/www\/wp-content\/uploads\/2010\/06\/woo-boo-doo-1987-fot-mr-makowski-900pxl-150x150.jpg?v=1627123764 150w, https:\/\/pracownia52.pl\/www\/wp-content\/uploads\/2010\/06\/woo-boo-doo-1987-fot-mr-makowski-900pxl-768x763.jpg?v=1627123764 768w, https:\/\/pracownia52.pl\/www\/wp-content\/uploads\/2010\/06\/woo-boo-doo-1987-fot-mr-makowski-900pxl-75x75.jpg?v=1627123764 75w\" sizes=\"auto, (max-width: 767px) 89vw, (max-width: 1000px) 54vw, (max-width: 1071px) 543px, 580px\" \/><\/a><\/figure>\n\n\n\n<figure class=\"wp-block-image\"><a href=\"https:\/\/pracownia52.pl\/www\/wp-content\/uploads\/2019\/03\/1985-woo-boo-doo-Sezam-fot-mr-makowski-3764.jpg\"><img loading=\"lazy\" decoding=\"async\" width=\"1024\" height=\"388\" src=\"https:\/\/pracownia52.pl\/www\/wp-content\/uploads\/2019\/03\/1985-woo-boo-doo-Sezam-fot-mr-makowski-3764-1024x388.jpg\" alt=\"\" class=\"wp-image-9208\" srcset=\"https:\/\/pracownia52.pl\/www\/wp-content\/uploads\/2019\/03\/1985-woo-boo-doo-Sezam-fot-mr-makowski-3764-1024x388.jpg?v=1627123614 1024w, https:\/\/pracownia52.pl\/www\/wp-content\/uploads\/2019\/03\/1985-woo-boo-doo-Sezam-fot-mr-makowski-3764-300x114.jpg?v=1627123614 300w, https:\/\/pracownia52.pl\/www\/wp-content\/uploads\/2019\/03\/1985-woo-boo-doo-Sezam-fot-mr-makowski-3764-768x291.jpg?v=1627123614 768w, https:\/\/pracownia52.pl\/www\/wp-content\/uploads\/2019\/03\/1985-woo-boo-doo-Sezam-fot-mr-makowski-3764-1536x582.jpg?v=1627123614 1536w, https:\/\/pracownia52.pl\/www\/wp-content\/uploads\/2019\/03\/1985-woo-boo-doo-Sezam-fot-mr-makowski-3764.jpg?v=1627123614 1800w\" sizes=\"auto, (max-width: 767px) 89vw, (max-width: 1000px) 54vw, (max-width: 1071px) 543px, 580px\" \/><\/a><figcaption>nieistniej\u0105ca ju\u017c grupa Woo Boo Doo przed nieistniej\u0105cym ju\u017c domem towarowym \u201eSezam\u201d w Warszawie, 1985 rok<\/figcaption><\/figure>\n\n\n\n<figure class=\"wp-block-image size-large\"><a href=\"https:\/\/pracownia52.pl\/www\/wp-content\/uploads\/2022\/01\/Magazyn-Muzyczny-nr-11-12-1985Woo-Boo-Doo-fot-mr-makowski-low.jpg\"><img loading=\"lazy\" decoding=\"async\" width=\"1024\" height=\"711\" src=\"https:\/\/pracownia52.pl\/www\/wp-content\/uploads\/2022\/01\/Magazyn-Muzyczny-nr-11-12-1985Woo-Boo-Doo-fot-mr-makowski-low-1024x711.jpg\" alt=\"\" class=\"wp-image-10057\" srcset=\"https:\/\/pracownia52.pl\/www\/wp-content\/uploads\/2022\/01\/Magazyn-Muzyczny-nr-11-12-1985Woo-Boo-Doo-fot-mr-makowski-low-1024x711.jpg 1024w, https:\/\/pracownia52.pl\/www\/wp-content\/uploads\/2022\/01\/Magazyn-Muzyczny-nr-11-12-1985Woo-Boo-Doo-fot-mr-makowski-low-300x208.jpg 300w, https:\/\/pracownia52.pl\/www\/wp-content\/uploads\/2022\/01\/Magazyn-Muzyczny-nr-11-12-1985Woo-Boo-Doo-fot-mr-makowski-low-768x533.jpg 768w, https:\/\/pracownia52.pl\/www\/wp-content\/uploads\/2022\/01\/Magazyn-Muzyczny-nr-11-12-1985Woo-Boo-Doo-fot-mr-makowski-low-1536x1067.jpg 1536w, https:\/\/pracownia52.pl\/www\/wp-content\/uploads\/2022\/01\/Magazyn-Muzyczny-nr-11-12-1985Woo-Boo-Doo-fot-mr-makowski-low.jpg 1800w\" sizes=\"auto, (max-width: 767px) 89vw, (max-width: 1000px) 54vw, (max-width: 1071px) 543px, 580px\" \/><\/a><figcaption>plakat w \u201e<strong><a href=\"https:\/\/pracownia52.pl\/www\/?page_id=461\" data-type=\"page\" data-id=\"461\">Magazynie Muzycznym<\/a><\/strong>\u201d, nr 11\/12\/1985<\/figcaption><\/figure>\n","protected":false},"excerpt":{"rendered":"<p>\u201eJa mam fijo\u0142a\u2026\u201d \u201emajkeld\u017cekson\u201d\u2026 Efemeryczna kapela \u2013 ale jaka fajna: i do dzi\u015b cz\u0119sto wspominana. Szkoda, \u017ce z samych indywidualist\u00f3w. I czasy ju\u017c nie by\u0142y na takie granie.mr m. Oto jak sam Jan Pospieszalski t\u0142umaczy pomys\u0142 nagrania piosenki: Kiedy okaza\u0142o si\u0119, \u017ce nasza pr\u00f3ba nawi\u0105zania jakiegokolwiek kontaktu z publiczno\u015bci\u0105 przez kontrolowane przez pa\u0144stwo \u015brodki przekazu &hellip; <\/p>\n<p class=\"link-more\"><a href=\"https:\/\/pracownia52.pl\/www\/?page_id=828\" class=\"more-link\">Czytaj dalej<span class=\"screen-reader-text\"> \u201eWoo Boo Doo\u201d<\/span><\/a><\/p>\n","protected":false},"author":1,"featured_media":9594,"parent":0,"menu_order":0,"comment_status":"closed","ping_status":"open","template":"","meta":{"footnotes":""},"class_list":["post-828","page","type-page","status-publish","has-post-thumbnail","hentry"],"_links":{"self":[{"href":"https:\/\/pracownia52.pl\/www\/index.php?rest_route=\/wp\/v2\/pages\/828","targetHints":{"allow":["GET"]}}],"collection":[{"href":"https:\/\/pracownia52.pl\/www\/index.php?rest_route=\/wp\/v2\/pages"}],"about":[{"href":"https:\/\/pracownia52.pl\/www\/index.php?rest_route=\/wp\/v2\/types\/page"}],"author":[{"embeddable":true,"href":"https:\/\/pracownia52.pl\/www\/index.php?rest_route=\/wp\/v2\/users\/1"}],"replies":[{"embeddable":true,"href":"https:\/\/pracownia52.pl\/www\/index.php?rest_route=%2Fwp%2Fv2%2Fcomments&post=828"}],"version-history":[{"count":21,"href":"https:\/\/pracownia52.pl\/www\/index.php?rest_route=\/wp\/v2\/pages\/828\/revisions"}],"predecessor-version":[{"id":10060,"href":"https:\/\/pracownia52.pl\/www\/index.php?rest_route=\/wp\/v2\/pages\/828\/revisions\/10060"}],"wp:featuredmedia":[{"embeddable":true,"href":"https:\/\/pracownia52.pl\/www\/index.php?rest_route=\/wp\/v2\/media\/9594"}],"wp:attachment":[{"href":"https:\/\/pracownia52.pl\/www\/index.php?rest_route=%2Fwp%2Fv2%2Fmedia&parent=828"}],"curies":[{"name":"wp","href":"https:\/\/api.w.org\/{rel}","templated":true}]}}