{"id":83,"date":"2010-06-11T07:07:51","date_gmt":"2010-06-11T07:07:51","guid":{"rendered":"http:\/\/pracownia52.pl\/www\/?page_id=83"},"modified":"2010-06-13T06:02:34","modified_gmt":"2010-06-13T06:02:34","slug":"auto-bazar","status":"publish","type":"page","link":"https:\/\/pracownia52.pl\/www\/?page_id=83","title":{"rendered":"Auto Bazar"},"content":{"rendered":"<p>dwie tzw. makiety-matki. kartka \u015bwi\u0105teczna.<br \/>\nbardzo popularny wtedy (pocz. lat 90.) tygodnik dla wymieniaj\u0105cych si\u0119 samochodami. spory nak\u0142ad, szybko zbywalny produkt. mia\u0142o by\u0107 kolorowo \u2013 i by\u0142o.<\/p>\n","protected":false},"excerpt":{"rendered":"<p>dwie tzw. makiety-matki. kartka \u015bwi\u0105teczna. bardzo popularny wtedy (pocz. lat 90.) tygodnik dla wymieniaj\u0105cych si\u0119 samochodami. spory nak\u0142ad, szybko zbywalny produkt. mia\u0142o by\u0107 kolorowo \u2013 i by\u0142o.<\/p>\n","protected":false},"author":1,"featured_media":0,"parent":0,"menu_order":3,"comment_status":"closed","ping_status":"open","template":"","meta":{"footnotes":""},"class_list":["post-83","page","type-page","status-publish","hentry"],"_links":{"self":[{"href":"https:\/\/pracownia52.pl\/www\/index.php?rest_route=\/wp\/v2\/pages\/83","targetHints":{"allow":["GET"]}}],"collection":[{"href":"https:\/\/pracownia52.pl\/www\/index.php?rest_route=\/wp\/v2\/pages"}],"about":[{"href":"https:\/\/pracownia52.pl\/www\/index.php?rest_route=\/wp\/v2\/types\/page"}],"author":[{"embeddable":true,"href":"https:\/\/pracownia52.pl\/www\/index.php?rest_route=\/wp\/v2\/users\/1"}],"replies":[{"embeddable":true,"href":"https:\/\/pracownia52.pl\/www\/index.php?rest_route=%2Fwp%2Fv2%2Fcomments&post=83"}],"version-history":[{"count":4,"href":"https:\/\/pracownia52.pl\/www\/index.php?rest_route=\/wp\/v2\/pages\/83\/revisions"}],"predecessor-version":[{"id":843,"href":"https:\/\/pracownia52.pl\/www\/index.php?rest_route=\/wp\/v2\/pages\/83\/revisions\/843"}],"wp:attachment":[{"href":"https:\/\/pracownia52.pl\/www\/index.php?rest_route=%2Fwp%2Fv2%2Fmedia&parent=83"}],"curies":[{"name":"wp","href":"https:\/\/api.w.org\/{rel}","templated":true}]}}