{"id":852,"date":"2010-06-13T06:08:42","date_gmt":"2010-06-13T06:08:42","guid":{"rendered":"http:\/\/pracownia52.pl\/www\/?page_id=852"},"modified":"2018-12-13T11:00:40","modified_gmt":"2018-12-13T11:00:40","slug":"walek-dzedzej","status":"publish","type":"page","link":"https:\/\/pracownia52.pl\/www\/?page_id=852","title":{"rendered":"Walek Dzedzej"},"content":{"rendered":"\n<p>kilka zdj\u0119\u0107 z koncertu w Poznaniu, 1978 r. \u2013 za to jedno z nich, wydrukowane w miesi\u0119czniku JAZZ, zrobi\u0142o <em>jak\u0105\u015btam<\/em> \u201ekarier\u0119\u201d na krajowych stronach punkowych. jakby by\u0142o jedynym zdj\u0119ciem Walka z kraju. no to tu: drugie.<\/p>\n\n\n\n<blockquote class=\"wp-block-quote is-style-large is-layout-flow wp-block-quote-is-layout-flow\"><p>\u201enie jestem ma\u0142y, nie jestem m\u0105dry, nie jestem g\u0142upi, nie jestem w ZMS-ie, nie jestem w KOR-ze, nie jestem w partii, nie jestem kurwa niczym\u201d<\/p><\/blockquote>\n\n\n\n<div class=\"wp-block-image\"><figure class=\"alignleft\"><img loading=\"lazy\" decoding=\"async\" width=\"211\" height=\"300\" src=\"http:\/\/pracownia52.pl\/www\/wp-content\/uploads\/2010\/06\/walekdzedzej1978mod02mn-211x300.jpg\" alt=\"\" class=\"wp-image-854\" srcset=\"https:\/\/pracownia52.pl\/www\/wp-content\/uploads\/2010\/06\/walekdzedzej1978mod02mn-211x300.jpg?v=1627124292 211w, https:\/\/pracownia52.pl\/www\/wp-content\/uploads\/2010\/06\/walekdzedzej1978mod02mn.jpg?v=1627124292 500w\" sizes=\"auto, (max-width: 211px) 100vw, 211px\" \/><\/figure><\/div>\n\n\n\n<div class=\"wp-block-image\"><figure class=\"alignleft\"><img loading=\"lazy\" decoding=\"async\" width=\"216\" height=\"300\" src=\"http:\/\/pracownia52.pl\/www\/wp-content\/uploads\/2010\/06\/walekdzedzej1978-01modmn-216x300.jpg\" alt=\"\" class=\"wp-image-855\" srcset=\"https:\/\/pracownia52.pl\/www\/wp-content\/uploads\/2010\/06\/walekdzedzej1978-01modmn-216x300.jpg?v=1627124291 216w, https:\/\/pracownia52.pl\/www\/wp-content\/uploads\/2010\/06\/walekdzedzej1978-01modmn.jpg?v=1627124291 500w\" sizes=\"auto, (max-width: 216px) 100vw, 216px\" \/><\/figure><\/div>\n\n\n\n<p>mr m.<br \/> <\/p>\n","protected":false},"excerpt":{"rendered":"<p>kilka zdj\u0119\u0107 z koncertu w Poznaniu, 1978 r. \u2013 za to jedno z nich, wydrukowane w miesi\u0119czniku JAZZ, zrobi\u0142o jak\u0105\u015btam \u201ekarier\u0119\u201d na krajowych stronach punkowych. jakby by\u0142o jedynym zdj\u0119ciem Walka z kraju. no to tu: drugie. \u201enie jestem ma\u0142y, nie jestem m\u0105dry, nie jestem g\u0142upi, nie jestem w ZMS-ie, nie jestem w KOR-ze, nie jestem &hellip; <\/p>\n<p class=\"link-more\"><a href=\"https:\/\/pracownia52.pl\/www\/?page_id=852\" class=\"more-link\">Czytaj dalej<span class=\"screen-reader-text\"> \u201eWalek Dzedzej\u201d<\/span><\/a><\/p>\n","protected":false},"author":1,"featured_media":0,"parent":0,"menu_order":0,"comment_status":"closed","ping_status":"open","template":"","meta":{"footnotes":""},"class_list":["post-852","page","type-page","status-publish","hentry"],"_links":{"self":[{"href":"https:\/\/pracownia52.pl\/www\/index.php?rest_route=\/wp\/v2\/pages\/852","targetHints":{"allow":["GET"]}}],"collection":[{"href":"https:\/\/pracownia52.pl\/www\/index.php?rest_route=\/wp\/v2\/pages"}],"about":[{"href":"https:\/\/pracownia52.pl\/www\/index.php?rest_route=\/wp\/v2\/types\/page"}],"author":[{"embeddable":true,"href":"https:\/\/pracownia52.pl\/www\/index.php?rest_route=\/wp\/v2\/users\/1"}],"replies":[{"embeddable":true,"href":"https:\/\/pracownia52.pl\/www\/index.php?rest_route=%2Fwp%2Fv2%2Fcomments&post=852"}],"version-history":[{"count":5,"href":"https:\/\/pracownia52.pl\/www\/index.php?rest_route=\/wp\/v2\/pages\/852\/revisions"}],"predecessor-version":[{"id":8055,"href":"https:\/\/pracownia52.pl\/www\/index.php?rest_route=\/wp\/v2\/pages\/852\/revisions\/8055"}],"wp:attachment":[{"href":"https:\/\/pracownia52.pl\/www\/index.php?rest_route=%2Fwp%2Fv2%2Fmedia&parent=852"}],"curies":[{"name":"wp","href":"https:\/\/api.w.org\/{rel}","templated":true}]}}