{"id":858,"date":"2010-06-13T06:12:11","date_gmt":"2010-06-13T06:12:11","guid":{"rendered":"http:\/\/pracownia52.pl\/www\/?page_id=858"},"modified":"2018-12-24T14:31:00","modified_gmt":"2018-12-24T14:31:00","slug":"waly-jagiellonskie-okolicznosciowo-rozrywkowy-syndykat","status":"publish","type":"page","link":"https:\/\/pracownia52.pl\/www\/?page_id=858","title":{"rendered":"Wa\u0142y Jagiello\u0144skie: okoliczno\u015bciowo-rozrywkowy syndykat"},"content":{"rendered":"\n<p>Dwie ok\u0142adki (LP\u2019s), r\u00f3\u017cnie: jedn\u0105 lubi\u0119, druga taka sobie. A te\u017c jaki\u015b tekst w miesi\u0119czniku \u201e<a href=\"https:\/\/pracownia52.pl\/www\/?page_id=343\"><strong>jazz<\/strong><\/a>\u201d; tu\u017c po ich debiucie w Krakowie. Jeden z pierwszych, ha! Zob. te\u017c: <a href=\"https:\/\/pracownia52.pl\/www\/?page_id=542\"><strong>piosenka studencka, poetycka \u2013 i temu podobne<\/strong><\/a><br \/> mr m.<br \/> <\/p>\n\n\n\n<ul class=\"wp-block-gallery columns-3 is-cropped wp-block-gallery-1 is-layout-flex wp-block-gallery-is-layout-flex\"><li class=\"blocks-gallery-item\"><figure><a href=\"https:\/\/pracownia52.pl\/www\/wp-content\/uploads\/2010\/06\/waly-jagiellonski-1979-low-1.jpg\"><img loading=\"lazy\" decoding=\"async\" width=\"800\" height=\"523\" src=\"https:\/\/pracownia52.pl\/www\/wp-content\/uploads\/2010\/06\/waly-jagiellonski-1979-low-1.jpg\" alt=\"\" data-id=\"861\" class=\"wp-image-861\" srcset=\"https:\/\/pracownia52.pl\/www\/wp-content\/uploads\/2010\/06\/waly-jagiellonski-1979-low-1.jpg?v=1627124291 800w, https:\/\/pracownia52.pl\/www\/wp-content\/uploads\/2010\/06\/waly-jagiellonski-1979-low-1-300x196.jpg?v=1627124291 300w, https:\/\/pracownia52.pl\/www\/wp-content\/uploads\/2010\/06\/waly-jagiellonski-1979-low-1-768x502.jpg?v=1627124291 768w\" sizes=\"auto, (max-width: 767px) 89vw, (max-width: 1000px) 54vw, (max-width: 1071px) 543px, 580px\" \/><\/a><\/figure><\/li><li class=\"blocks-gallery-item\"><figure><a href=\"https:\/\/pracownia52.pl\/www\/wp-content\/uploads\/2018\/11\/01-1985-Waly-Jagiellonskie-448-fot-mr-makowski.jpg\"><img loading=\"lazy\" decoding=\"async\" width=\"1200\" height=\"787\" src=\"https:\/\/pracownia52.pl\/www\/wp-content\/uploads\/2018\/11\/01-1985-Waly-Jagiellonskie-448-fot-mr-makowski.jpg\" alt=\"\" data-id=\"7975\" class=\"wp-image-7975\" srcset=\"https:\/\/pracownia52.pl\/www\/wp-content\/uploads\/2018\/11\/01-1985-Waly-Jagiellonskie-448-fot-mr-makowski.jpg?v=1627123678 1200w, https:\/\/pracownia52.pl\/www\/wp-content\/uploads\/2018\/11\/01-1985-Waly-Jagiellonskie-448-fot-mr-makowski-300x197.jpg?v=1627123678 300w, https:\/\/pracownia52.pl\/www\/wp-content\/uploads\/2018\/11\/01-1985-Waly-Jagiellonskie-448-fot-mr-makowski-1024x672.jpg?v=1627123678 1024w, https:\/\/pracownia52.pl\/www\/wp-content\/uploads\/2018\/11\/01-1985-Waly-Jagiellonskie-448-fot-mr-makowski-768x504.jpg?v=1627123678 768w\" sizes=\"auto, (max-width: 767px) 89vw, (max-width: 1000px) 54vw, (max-width: 1071px) 543px, 580px\" \/><\/a><\/figure><\/li><li class=\"blocks-gallery-item\"><figure><a href=\"https:\/\/pracownia52.pl\/www\/wp-content\/uploads\/2018\/10\/Rudy-07-1985-Waly-Jagiellonskie-444-fot-mr-makowski-low.jpg\"><img loading=\"lazy\" decoding=\"async\" width=\"793\" height=\"1200\" src=\"https:\/\/pracownia52.pl\/www\/wp-content\/uploads\/2018\/10\/Rudy-07-1985-Waly-Jagiellonskie-444-fot-mr-makowski-low.jpg\" alt=\"\" data-id=\"7872\" class=\"wp-image-7872\" srcset=\"https:\/\/pracownia52.pl\/www\/wp-content\/uploads\/2018\/10\/Rudy-07-1985-Waly-Jagiellonskie-444-fot-mr-makowski-low.jpg?v=1627123689 793w, https:\/\/pracownia52.pl\/www\/wp-content\/uploads\/2018\/10\/Rudy-07-1985-Waly-Jagiellonskie-444-fot-mr-makowski-low-198x300.jpg?v=1627123689 198w, https:\/\/pracownia52.pl\/www\/wp-content\/uploads\/2018\/10\/Rudy-07-1985-Waly-Jagiellonskie-444-fot-mr-makowski-low-677x1024.jpg?v=1627123689 677w, https:\/\/pracownia52.pl\/www\/wp-content\/uploads\/2018\/10\/Rudy-07-1985-Waly-Jagiellonskie-444-fot-mr-makowski-low-768x1162.jpg?v=1627123689 768w\" sizes=\"auto, (max-width: 767px) 89vw, (max-width: 1000px) 54vw, (max-width: 1071px) 543px, 580px\" \/><\/a><\/figure><\/li><li class=\"blocks-gallery-item\"><figure><a href=\"https:\/\/pracownia52.pl\/www\/wp-content\/uploads\/2010\/06\/waly-jagiellonskie.jpg\"><img loading=\"lazy\" decoding=\"async\" width=\"500\" height=\"500\" src=\"https:\/\/pracownia52.pl\/www\/wp-content\/uploads\/2010\/06\/waly-jagiellonskie.jpg\" alt=\"\" data-id=\"863\" class=\"wp-image-863\" srcset=\"https:\/\/pracownia52.pl\/www\/wp-content\/uploads\/2010\/06\/waly-jagiellonskie.jpg?v=1658214659 500w, https:\/\/pracownia52.pl\/www\/wp-content\/uploads\/2010\/06\/waly-jagiellonskie-300x300.jpg?v=1658214659 300w, https:\/\/pracownia52.pl\/www\/wp-content\/uploads\/2010\/06\/waly-jagiellonskie-150x150.jpg?v=1658214659 150w, https:\/\/pracownia52.pl\/www\/wp-content\/uploads\/2010\/06\/waly-jagiellonskie-75x75.jpg?v=1658214659 75w\" sizes=\"auto, (max-width: 500px) 100vw, 500px\" \/><\/a><\/figure><\/li><\/ul>\n","protected":false},"excerpt":{"rendered":"<p>Dwie ok\u0142adki (LP\u2019s), r\u00f3\u017cnie: jedn\u0105 lubi\u0119, druga taka sobie. A te\u017c jaki\u015b tekst w miesi\u0119czniku \u201ejazz\u201d; tu\u017c po ich debiucie w Krakowie. Jeden z pierwszych, ha! Zob. te\u017c: piosenka studencka, poetycka \u2013 i temu podobne mr m.<\/p>\n","protected":false},"author":1,"featured_media":863,"parent":0,"menu_order":0,"comment_status":"closed","ping_status":"open","template":"","meta":{"footnotes":""},"class_list":["post-858","page","type-page","status-publish","has-post-thumbnail","hentry"],"_links":{"self":[{"href":"https:\/\/pracownia52.pl\/www\/index.php?rest_route=\/wp\/v2\/pages\/858","targetHints":{"allow":["GET"]}}],"collection":[{"href":"https:\/\/pracownia52.pl\/www\/index.php?rest_route=\/wp\/v2\/pages"}],"about":[{"href":"https:\/\/pracownia52.pl\/www\/index.php?rest_route=\/wp\/v2\/types\/page"}],"author":[{"embeddable":true,"href":"https:\/\/pracownia52.pl\/www\/index.php?rest_route=\/wp\/v2\/users\/1"}],"replies":[{"embeddable":true,"href":"https:\/\/pracownia52.pl\/www\/index.php?rest_route=%2Fwp%2Fv2%2Fcomments&post=858"}],"version-history":[{"count":13,"href":"https:\/\/pracownia52.pl\/www\/index.php?rest_route=\/wp\/v2\/pages\/858\/revisions"}],"predecessor-version":[{"id":8351,"href":"https:\/\/pracownia52.pl\/www\/index.php?rest_route=\/wp\/v2\/pages\/858\/revisions\/8351"}],"wp:featuredmedia":[{"embeddable":true,"href":"https:\/\/pracownia52.pl\/www\/index.php?rest_route=\/wp\/v2\/media\/863"}],"wp:attachment":[{"href":"https:\/\/pracownia52.pl\/www\/index.php?rest_route=%2Fwp%2Fv2%2Fmedia&parent=858"}],"curies":[{"name":"wp","href":"https:\/\/api.w.org\/{rel}","templated":true}]}}