{"id":86,"date":"2010-06-11T07:11:03","date_gmt":"2010-06-11T07:11:03","guid":{"rendered":"http:\/\/pracownia52.pl\/www\/?page_id=86"},"modified":"2010-06-13T07:07:45","modified_gmt":"2010-06-13T07:07:45","slug":"bank-handlowy-w-warszawie-sa","status":"publish","type":"page","link":"https:\/\/pracownia52.pl\/www\/?page_id=86","title":{"rendered":"Bank Handlowy w Warszawie SA"},"content":{"rendered":"<p>d\u0142u\u017csza wsp\u00f3\u0142praca (od 1993 r. do 2000 r.)<br \/>\n\u2022 biuletyn dla klient\u00f3w;<br \/>\n\u2022 troch\u0119 innych druk\u00f3w \u2013 g\u0142\u00f3wnie dla banku ale te\u017c dla jego sp\u00f3\u0142ek-c\u00f3rek.<br \/>\n\u2022 logo dla Towarzystwa Emerytalnego DIAMENT. p\u00f3\u017cniej \u2013 wg innej makiety, jeszcze rok czy dwa \u2013 biuletyn dla <strong>Citibank-Handlowy<\/strong>. ale to ju\u017c nie by\u0142o to. przyszli nowi pracownicy: szybcy, energiczni, ambitni i <em>zgodni<\/em> \u2013 tacy jakich dzi\u015b trzeba.<br \/>\n(a w obrazku \u2013 projekt alternatywny logo TE DIAMENT; ten zatwierdzony by\u0142 kompromisem\u2026 ten lepszy.)<br \/>\n<img loading=\"lazy\" decoding=\"async\" src=\"http:\/\/pracownia52.pl\/www\/wp-content\/uploads\/2010\/06\/PTE-alternatywny-3.jpg\" alt=\"\" title=\"PTE-alternatywny-3\" width=\"456\" height=\"514\" class=\"alignnone size-full wp-image-88\" srcset=\"https:\/\/pracownia52.pl\/www\/wp-content\/uploads\/2010\/06\/PTE-alternatywny-3.jpg?v=1733905235 456w, https:\/\/pracownia52.pl\/www\/wp-content\/uploads\/2010\/06\/PTE-alternatywny-3-266x300.jpg?v=1733905235 266w\" sizes=\"auto, (max-width: 456px) 100vw, 456px\" \/><\/p>\n","protected":false},"excerpt":{"rendered":"<p>d\u0142u\u017csza wsp\u00f3\u0142praca (od 1993 r. do 2000 r.) \u2022 biuletyn dla klient\u00f3w; \u2022 troch\u0119 innych druk\u00f3w \u2013 g\u0142\u00f3wnie dla banku ale te\u017c dla jego sp\u00f3\u0142ek-c\u00f3rek. \u2022 logo dla Towarzystwa Emerytalnego DIAMENT. p\u00f3\u017cniej \u2013 wg innej makiety, jeszcze rok czy dwa \u2013 biuletyn dla Citibank-Handlowy. ale to ju\u017c nie by\u0142o to. przyszli nowi pracownicy: szybcy, energiczni, &hellip; <\/p>\n<p class=\"link-more\"><a href=\"https:\/\/pracownia52.pl\/www\/?page_id=86\" class=\"more-link\">Czytaj dalej<span class=\"screen-reader-text\"> \u201eBank Handlowy w Warszawie SA\u201d<\/span><\/a><\/p>\n","protected":false},"author":1,"featured_media":0,"parent":0,"menu_order":3,"comment_status":"closed","ping_status":"open","template":"","meta":{"footnotes":""},"class_list":["post-86","page","type-page","status-publish","hentry"],"_links":{"self":[{"href":"https:\/\/pracownia52.pl\/www\/index.php?rest_route=\/wp\/v2\/pages\/86","targetHints":{"allow":["GET"]}}],"collection":[{"href":"https:\/\/pracownia52.pl\/www\/index.php?rest_route=\/wp\/v2\/pages"}],"about":[{"href":"https:\/\/pracownia52.pl\/www\/index.php?rest_route=\/wp\/v2\/types\/page"}],"author":[{"embeddable":true,"href":"https:\/\/pracownia52.pl\/www\/index.php?rest_route=\/wp\/v2\/users\/1"}],"replies":[{"embeddable":true,"href":"https:\/\/pracownia52.pl\/www\/index.php?rest_route=%2Fwp%2Fv2%2Fcomments&post=86"}],"version-history":[{"count":6,"href":"https:\/\/pracownia52.pl\/www\/index.php?rest_route=\/wp\/v2\/pages\/86\/revisions"}],"predecessor-version":[{"id":982,"href":"https:\/\/pracownia52.pl\/www\/index.php?rest_route=\/wp\/v2\/pages\/86\/revisions\/982"}],"wp:attachment":[{"href":"https:\/\/pracownia52.pl\/www\/index.php?rest_route=%2Fwp%2Fv2%2Fmedia&parent=86"}],"curies":[{"name":"wp","href":"https:\/\/api.w.org\/{rel}","templated":true}]}}