{"id":9020,"date":"2019-02-11T17:48:20","date_gmt":"2019-02-11T17:48:20","guid":{"rendered":"https:\/\/pracownia52.pl\/www\/?page_id=9020"},"modified":"2019-02-11T17:48:55","modified_gmt":"2019-02-11T17:48:55","slug":"metal-battle-1988","status":"publish","type":"page","link":"https:\/\/pracownia52.pl\/www\/?page_id=9020","title":{"rendered":"Metal Battle (1988)"},"content":{"rendered":"\n<blockquote class=\"wp-block-quote is-layout-flow wp-block-quote-is-layout-flow\"><p>Formacje, kt\u00f3re przesz\u0142y i ten etap eliminacji, musia\u0142y jeszcze podda\u0107 si\u0119 presji du\u017cej sceny i ogromnej publiczno\u015bci, bo ostatni \u201eschodek\u201d ku metalmaniowemu wyst\u0119powi stanowi\u0142 wyst\u0119p w ramach przedsi\u0119wzi\u0119cia nazwanego \u201e<a href=\"https:\/\/www.metalmind.com.pl\/metalmania\/historia-festiwalu-cz_2.html\"><strong>Metal Battle<\/strong><\/a>\u201d (7 lutego 1988), wyst\u0119p w katowickim Spodku. (\u2026) Te swoiste eliminacje po\u0142\u0105czono z tras\u0105 koncertow\u0105 Nasty Savage, Exumer, Atomkraft i Wilczego Paj\u0105ka\u2026<\/p><\/blockquote>\n\n\n\n<p><\/p>\n","protected":false},"excerpt":{"rendered":"<p>Formacje, kt\u00f3re przesz\u0142y i ten etap eliminacji, musia\u0142y jeszcze podda\u0107 si\u0119 presji du\u017cej sceny i ogromnej publiczno\u015bci, bo ostatni \u201eschodek\u201d ku metalmaniowemu wyst\u0119powi stanowi\u0142 wyst\u0119p w ramach przedsi\u0119wzi\u0119cia nazwanego \u201eMetal Battle\u201d (7 lutego 1988), wyst\u0119p w katowickim Spodku. (\u2026) Te swoiste eliminacje po\u0142\u0105czono z tras\u0105 koncertow\u0105 Nasty Savage, Exumer, Atomkraft i Wilczego Paj\u0105ka\u2026<\/p>\n","protected":false},"author":1,"featured_media":9021,"parent":0,"menu_order":0,"comment_status":"closed","ping_status":"closed","template":"","meta":{"footnotes":""},"class_list":["post-9020","page","type-page","status-publish","has-post-thumbnail","hentry"],"_links":{"self":[{"href":"https:\/\/pracownia52.pl\/www\/index.php?rest_route=\/wp\/v2\/pages\/9020","targetHints":{"allow":["GET"]}}],"collection":[{"href":"https:\/\/pracownia52.pl\/www\/index.php?rest_route=\/wp\/v2\/pages"}],"about":[{"href":"https:\/\/pracownia52.pl\/www\/index.php?rest_route=\/wp\/v2\/types\/page"}],"author":[{"embeddable":true,"href":"https:\/\/pracownia52.pl\/www\/index.php?rest_route=\/wp\/v2\/users\/1"}],"replies":[{"embeddable":true,"href":"https:\/\/pracownia52.pl\/www\/index.php?rest_route=%2Fwp%2Fv2%2Fcomments&post=9020"}],"version-history":[{"count":2,"href":"https:\/\/pracownia52.pl\/www\/index.php?rest_route=\/wp\/v2\/pages\/9020\/revisions"}],"predecessor-version":[{"id":9023,"href":"https:\/\/pracownia52.pl\/www\/index.php?rest_route=\/wp\/v2\/pages\/9020\/revisions\/9023"}],"wp:featuredmedia":[{"embeddable":true,"href":"https:\/\/pracownia52.pl\/www\/index.php?rest_route=\/wp\/v2\/media\/9021"}],"wp:attachment":[{"href":"https:\/\/pracownia52.pl\/www\/index.php?rest_route=%2Fwp%2Fv2%2Fmedia&parent=9020"}],"curies":[{"name":"wp","href":"https:\/\/api.w.org\/{rel}","templated":true}]}}