{"id":9077,"date":"2019-02-19T16:06:34","date_gmt":"2019-02-19T16:06:34","guid":{"rendered":"https:\/\/pracownia52.pl\/www\/?page_id=9077"},"modified":"2019-02-19T16:06:34","modified_gmt":"2019-02-19T16:06:34","slug":"liliana-komorowska-glabczynska","status":"publish","type":"page","link":"https:\/\/pracownia52.pl\/www\/?page_id=9077","title":{"rendered":"Liliana Komorowska (G\u0142\u0105bczy\u0144ska)"},"content":{"rendered":"\n<p>\u2026jeszcze wtedy z <a href=\"https:\/\/pl.wikipedia.org\/wiki\/Liliana_Komorowska\"><strong>nazwiskiem panie\u0144skim<\/strong><\/a>. Ot, kilka prawie prywatnych zdj\u0119\u0107 (1979), kole\u017canka kolegi.<br \/>mr m.<\/p>\n","protected":false},"excerpt":{"rendered":"<p>\u2026jeszcze wtedy z nazwiskiem panie\u0144skim. Ot, kilka prawie prywatnych zdj\u0119\u0107 (1979), kole\u017canka kolegi.mr m.<\/p>\n","protected":false},"author":1,"featured_media":9079,"parent":0,"menu_order":3,"comment_status":"closed","ping_status":"closed","template":"","meta":{"footnotes":""},"class_list":["post-9077","page","type-page","status-publish","has-post-thumbnail","hentry"],"_links":{"self":[{"href":"https:\/\/pracownia52.pl\/www\/index.php?rest_route=\/wp\/v2\/pages\/9077","targetHints":{"allow":["GET"]}}],"collection":[{"href":"https:\/\/pracownia52.pl\/www\/index.php?rest_route=\/wp\/v2\/pages"}],"about":[{"href":"https:\/\/pracownia52.pl\/www\/index.php?rest_route=\/wp\/v2\/types\/page"}],"author":[{"embeddable":true,"href":"https:\/\/pracownia52.pl\/www\/index.php?rest_route=\/wp\/v2\/users\/1"}],"replies":[{"embeddable":true,"href":"https:\/\/pracownia52.pl\/www\/index.php?rest_route=%2Fwp%2Fv2%2Fcomments&post=9077"}],"version-history":[{"count":2,"href":"https:\/\/pracownia52.pl\/www\/index.php?rest_route=\/wp\/v2\/pages\/9077\/revisions"}],"predecessor-version":[{"id":9080,"href":"https:\/\/pracownia52.pl\/www\/index.php?rest_route=\/wp\/v2\/pages\/9077\/revisions\/9080"}],"wp:featuredmedia":[{"embeddable":true,"href":"https:\/\/pracownia52.pl\/www\/index.php?rest_route=\/wp\/v2\/media\/9079"}],"wp:attachment":[{"href":"https:\/\/pracownia52.pl\/www\/index.php?rest_route=%2Fwp%2Fv2%2Fmedia&parent=9077"}],"curies":[{"name":"wp","href":"https:\/\/api.w.org\/{rel}","templated":true}]}}