{"id":9156,"date":"2019-02-25T12:27:19","date_gmt":"2019-02-25T12:27:19","guid":{"rendered":"https:\/\/pracownia52.pl\/www\/?page_id=9156"},"modified":"2019-02-25T12:32:05","modified_gmt":"2019-02-25T12:32:05","slug":"mr-zoob","status":"publish","type":"page","link":"https:\/\/pracownia52.pl\/www\/?page_id=9156","title":{"rendered":"Mr Zoob"},"content":{"rendered":"\n<p>Ledwie kilka zdj\u0119\u0107, Wroc\u0142aw, festiwal OMPP (org. przez ZMS), 1984 rok, tu\u017c przed s\u0142ynn\u0105 trasa w Finlandii. (Pani na zdj\u0119ciu nie znam.)<br \/>R\u00f3wnie\u017c ze dwie klatki <strong><a href=\"https:\/\/pracownia52.pl\/www\/?page_id=232\">z Jarocina<\/a><\/strong>, gdzie zagrali, o czym ma\u0142o kto pami\u0119ta.<br \/>mr m.<\/p>\n","protected":false},"excerpt":{"rendered":"<p>Ledwie kilka zdj\u0119\u0107, Wroc\u0142aw, festiwal OMPP (org. przez ZMS), 1984 rok, tu\u017c przed s\u0142ynn\u0105 trasa w Finlandii. (Pani na zdj\u0119ciu nie znam.)R\u00f3wnie\u017c ze dwie klatki z Jarocina, gdzie zagrali, o czym ma\u0142o kto pami\u0119ta.mr m.<\/p>\n","protected":false},"author":1,"featured_media":9157,"parent":0,"menu_order":0,"comment_status":"closed","ping_status":"closed","template":"","meta":{"footnotes":""},"class_list":["post-9156","page","type-page","status-publish","has-post-thumbnail","hentry"],"_links":{"self":[{"href":"https:\/\/pracownia52.pl\/www\/index.php?rest_route=\/wp\/v2\/pages\/9156","targetHints":{"allow":["GET"]}}],"collection":[{"href":"https:\/\/pracownia52.pl\/www\/index.php?rest_route=\/wp\/v2\/pages"}],"about":[{"href":"https:\/\/pracownia52.pl\/www\/index.php?rest_route=\/wp\/v2\/types\/page"}],"author":[{"embeddable":true,"href":"https:\/\/pracownia52.pl\/www\/index.php?rest_route=\/wp\/v2\/users\/1"}],"replies":[{"embeddable":true,"href":"https:\/\/pracownia52.pl\/www\/index.php?rest_route=%2Fwp%2Fv2%2Fcomments&post=9156"}],"version-history":[{"count":2,"href":"https:\/\/pracownia52.pl\/www\/index.php?rest_route=\/wp\/v2\/pages\/9156\/revisions"}],"predecessor-version":[{"id":9159,"href":"https:\/\/pracownia52.pl\/www\/index.php?rest_route=\/wp\/v2\/pages\/9156\/revisions\/9159"}],"wp:featuredmedia":[{"embeddable":true,"href":"https:\/\/pracownia52.pl\/www\/index.php?rest_route=\/wp\/v2\/media\/9157"}],"wp:attachment":[{"href":"https:\/\/pracownia52.pl\/www\/index.php?rest_route=%2Fwp%2Fv2%2Fmedia&parent=9156"}],"curies":[{"name":"wp","href":"https:\/\/api.w.org\/{rel}","templated":true}]}}