{"id":9193,"date":"2019-02-27T08:10:08","date_gmt":"2019-02-27T08:10:08","guid":{"rendered":"https:\/\/pracownia52.pl\/www\/?page_id=9193"},"modified":"2019-02-27T08:10:08","modified_gmt":"2019-02-27T08:10:08","slug":"studencki-festiwal-piosenki-krakow","status":"publish","type":"page","link":"https:\/\/pracownia52.pl\/www\/?page_id=9193","title":{"rendered":"Studencki festiwal piosenki (Krak\u00f3w)"},"content":{"rendered":"\n<p>G\u0142\u00f3wnie druga po\u0142owa lat 70. plus co\u015btam w latach 80. Troch\u0119 <a href=\"https:\/\/pracownia52.pl\/www\/?page_id=542\"><strong>tego ju\u017c da\u0142em<\/strong><\/a>, ale skanuj\u0119 stare negatywy i znajduj\u0119 ciekawostki \u2013 jak ten Jacek Kaczmarski (1978) na przyk\u0142ad, dobry negatyw, to chyba <a href=\"https:\/\/pracownia52.pl\/www\/?page_id=9169\"><strong>Rolleiflex<\/strong><\/a> by\u0142 redakcyjny, nie pami\u0119ta\u0142em ju\u017c prawie, \u017ce robi\u0142em i 6&#215;6 zdj\u0119cia :\u2013).<br \/>mr m.<\/p>\n","protected":false},"excerpt":{"rendered":"<p>G\u0142\u00f3wnie druga po\u0142owa lat 70. plus co\u015btam w latach 80. Troch\u0119 tego ju\u017c da\u0142em, ale skanuj\u0119 stare negatywy i znajduj\u0119 ciekawostki \u2013 jak ten Jacek Kaczmarski (1978) na przyk\u0142ad, dobry negatyw, to chyba Rolleiflex by\u0142 redakcyjny, nie pami\u0119ta\u0142em ju\u017c prawie, \u017ce robi\u0142em i 6&#215;6 zdj\u0119cia :\u2013).mr m.<\/p>\n","protected":false},"author":1,"featured_media":9197,"parent":0,"menu_order":0,"comment_status":"closed","ping_status":"closed","template":"","meta":{"footnotes":""},"class_list":["post-9193","page","type-page","status-publish","has-post-thumbnail","hentry"],"_links":{"self":[{"href":"https:\/\/pracownia52.pl\/www\/index.php?rest_route=\/wp\/v2\/pages\/9193","targetHints":{"allow":["GET"]}}],"collection":[{"href":"https:\/\/pracownia52.pl\/www\/index.php?rest_route=\/wp\/v2\/pages"}],"about":[{"href":"https:\/\/pracownia52.pl\/www\/index.php?rest_route=\/wp\/v2\/types\/page"}],"author":[{"embeddable":true,"href":"https:\/\/pracownia52.pl\/www\/index.php?rest_route=\/wp\/v2\/users\/1"}],"replies":[{"embeddable":true,"href":"https:\/\/pracownia52.pl\/www\/index.php?rest_route=%2Fwp%2Fv2%2Fcomments&post=9193"}],"version-history":[{"count":4,"href":"https:\/\/pracownia52.pl\/www\/index.php?rest_route=\/wp\/v2\/pages\/9193\/revisions"}],"predecessor-version":[{"id":9198,"href":"https:\/\/pracownia52.pl\/www\/index.php?rest_route=\/wp\/v2\/pages\/9193\/revisions\/9198"}],"wp:featuredmedia":[{"embeddable":true,"href":"https:\/\/pracownia52.pl\/www\/index.php?rest_route=\/wp\/v2\/media\/9197"}],"wp:attachment":[{"href":"https:\/\/pracownia52.pl\/www\/index.php?rest_route=%2Fwp%2Fv2%2Fmedia&parent=9193"}],"curies":[{"name":"wp","href":"https:\/\/api.w.org\/{rel}","templated":true}]}}