{"id":9273,"date":"2019-03-13T14:05:13","date_gmt":"2019-03-13T14:05:13","guid":{"rendered":"https:\/\/pracownia52.pl\/www\/?page_id=9273"},"modified":"2019-03-13T14:05:57","modified_gmt":"2019-03-13T14:05:57","slug":"laboratorium-grupa","status":"publish","type":"page","link":"https:\/\/pracownia52.pl\/www\/?page_id=9273","title":{"rendered":"Laboratorium (grupa)"},"content":{"rendered":"\n<p>Kilka incydentalnych <a href=\"https:\/\/pl.wikipedia.org\/wiki\/Laboratorium_(zesp\u00f3\u0142_muzyczny)\"><strong>zdj\u0119\u0107<\/strong><\/a>, jak to wy\u017cej: <a href=\"https:\/\/pl.wikipedia.org\/wiki\/Janusz_Grzywacz\"><strong>Janusz Grzywacz<\/strong><\/a> \u2013 z Krakowa (1978), impreza z okazji 20.lecia klubu <strong><a href=\"https:\/\/pl.wikipedia.org\/wiki\/Laboratorium_(zesp\u00f3\u0142_muzyczny)\">Jaszczury<\/a><\/strong>, znana te\u017c <strong><a href=\"https:\/\/pracownia52.pl\/www\/?page_id=9129\">sk\u0105din\u0105d<\/a><\/strong>..<br \/>mr m.<\/p>\n","protected":false},"excerpt":{"rendered":"<p>Kilka incydentalnych zdj\u0119\u0107, jak to wy\u017cej: Janusz Grzywacz \u2013 z Krakowa (1978), impreza z okazji 20.lecia klubu Jaszczury, znana te\u017c sk\u0105din\u0105d..mr m.<\/p>\n","protected":false},"author":1,"featured_media":9276,"parent":0,"menu_order":0,"comment_status":"closed","ping_status":"closed","template":"","meta":{"footnotes":""},"class_list":["post-9273","page","type-page","status-publish","has-post-thumbnail","hentry"],"_links":{"self":[{"href":"https:\/\/pracownia52.pl\/www\/index.php?rest_route=\/wp\/v2\/pages\/9273","targetHints":{"allow":["GET"]}}],"collection":[{"href":"https:\/\/pracownia52.pl\/www\/index.php?rest_route=\/wp\/v2\/pages"}],"about":[{"href":"https:\/\/pracownia52.pl\/www\/index.php?rest_route=\/wp\/v2\/types\/page"}],"author":[{"embeddable":true,"href":"https:\/\/pracownia52.pl\/www\/index.php?rest_route=\/wp\/v2\/users\/1"}],"replies":[{"embeddable":true,"href":"https:\/\/pracownia52.pl\/www\/index.php?rest_route=%2Fwp%2Fv2%2Fcomments&post=9273"}],"version-history":[{"count":3,"href":"https:\/\/pracownia52.pl\/www\/index.php?rest_route=\/wp\/v2\/pages\/9273\/revisions"}],"predecessor-version":[{"id":9277,"href":"https:\/\/pracownia52.pl\/www\/index.php?rest_route=\/wp\/v2\/pages\/9273\/revisions\/9277"}],"wp:featuredmedia":[{"embeddable":true,"href":"https:\/\/pracownia52.pl\/www\/index.php?rest_route=\/wp\/v2\/media\/9276"}],"wp:attachment":[{"href":"https:\/\/pracownia52.pl\/www\/index.php?rest_route=%2Fwp%2Fv2%2Fmedia&parent=9273"}],"curies":[{"name":"wp","href":"https:\/\/api.w.org\/{rel}","templated":true}]}}