{"id":9409,"date":"2019-05-21T15:41:28","date_gmt":"2019-05-21T15:41:28","guid":{"rendered":"https:\/\/pracownia52.pl\/www\/?page_id=9409"},"modified":"2019-05-21T15:43:56","modified_gmt":"2019-05-21T15:43:56","slug":"grazyna-auguscik","status":"publish","type":"page","link":"https:\/\/pracownia52.pl\/www\/?page_id=9409","title":{"rendered":"Gra\u017cyna Augu\u015bcik"},"content":{"rendered":"\n<p>Jakie\u015b pojedyncze zdj\u0119cia z r\u00f3\u017cnych koncert\u00f3w (Olsztyn 1983, <a href=\"https:\/\/pracownia52.pl\/www\/?page_id=8910\"><strong>\u0141\u00f3d\u017a<\/strong><\/a> 1984\u2026)<br \/>mr m.<\/p>\n\n\n\n<ul class=\"wp-block-gallery columns-2 is-cropped wp-block-gallery-1 is-layout-flex wp-block-gallery-is-layout-flex\"><li class=\"blocks-gallery-item\"><figure><a href=\"https:\/\/pracownia52.pl\/www\/wp-content\/uploads\/2019\/05\/grazyna-auguscik-0lsztyn-1984-2-low-scena-1.jpg\"><img loading=\"lazy\" decoding=\"async\" width=\"800\" height=\"533\" src=\"https:\/\/pracownia52.pl\/www\/wp-content\/uploads\/2019\/05\/grazyna-auguscik-0lsztyn-1984-2-low-scena-1.jpg\" alt=\"\" data-id=\"9410\" data-link=\"https:\/\/pracownia52.pl\/www\/?attachment_id=9410\" class=\"wp-image-9410\" srcset=\"https:\/\/pracownia52.pl\/www\/wp-content\/uploads\/2019\/05\/grazyna-auguscik-0lsztyn-1984-2-low-scena-1.jpg?v=1627123598 800w, https:\/\/pracownia52.pl\/www\/wp-content\/uploads\/2019\/05\/grazyna-auguscik-0lsztyn-1984-2-low-scena-1-300x200.jpg?v=1627123598 300w, https:\/\/pracownia52.pl\/www\/wp-content\/uploads\/2019\/05\/grazyna-auguscik-0lsztyn-1984-2-low-scena-1-768x512.jpg?v=1627123598 768w\" sizes=\"auto, (max-width: 767px) 89vw, (max-width: 1000px) 54vw, (max-width: 1071px) 543px, 580px\" \/><\/a><\/figure><\/li><li class=\"blocks-gallery-item\"><figure><a href=\"https:\/\/pracownia52.pl\/www\/wp-content\/uploads\/2019\/05\/grazyna-auguscik-rawa-dzem-blues-1985-504-mod-oo1-Low.jpg\"><img loading=\"lazy\" decoding=\"async\" width=\"535\" height=\"800\" src=\"https:\/\/pracownia52.pl\/www\/wp-content\/uploads\/2019\/05\/grazyna-auguscik-rawa-dzem-blues-1985-504-mod-oo1-Low.jpg\" alt=\"\" data-id=\"9411\" data-link=\"https:\/\/pracownia52.pl\/www\/?attachment_id=9411\" class=\"wp-image-9411\" srcset=\"https:\/\/pracownia52.pl\/www\/wp-content\/uploads\/2019\/05\/grazyna-auguscik-rawa-dzem-blues-1985-504-mod-oo1-Low.jpg?v=1627123598 535w, https:\/\/pracownia52.pl\/www\/wp-content\/uploads\/2019\/05\/grazyna-auguscik-rawa-dzem-blues-1985-504-mod-oo1-Low-201x300.jpg?v=1627123598 201w\" sizes=\"auto, (max-width: 535px) 100vw, 535px\" \/><\/a><\/figure><\/li><\/ul>\n","protected":false},"excerpt":{"rendered":"<p>Jakie\u015b pojedyncze zdj\u0119cia z r\u00f3\u017cnych koncert\u00f3w (Olsztyn 1983, \u0141\u00f3d\u017a 1984\u2026)mr m.<\/p>\n","protected":false},"author":1,"featured_media":0,"parent":0,"menu_order":0,"comment_status":"closed","ping_status":"closed","template":"","meta":{"footnotes":""},"class_list":["post-9409","page","type-page","status-publish","hentry"],"_links":{"self":[{"href":"https:\/\/pracownia52.pl\/www\/index.php?rest_route=\/wp\/v2\/pages\/9409","targetHints":{"allow":["GET"]}}],"collection":[{"href":"https:\/\/pracownia52.pl\/www\/index.php?rest_route=\/wp\/v2\/pages"}],"about":[{"href":"https:\/\/pracownia52.pl\/www\/index.php?rest_route=\/wp\/v2\/types\/page"}],"author":[{"embeddable":true,"href":"https:\/\/pracownia52.pl\/www\/index.php?rest_route=\/wp\/v2\/users\/1"}],"replies":[{"embeddable":true,"href":"https:\/\/pracownia52.pl\/www\/index.php?rest_route=%2Fwp%2Fv2%2Fcomments&post=9409"}],"version-history":[{"count":2,"href":"https:\/\/pracownia52.pl\/www\/index.php?rest_route=\/wp\/v2\/pages\/9409\/revisions"}],"predecessor-version":[{"id":9413,"href":"https:\/\/pracownia52.pl\/www\/index.php?rest_route=\/wp\/v2\/pages\/9409\/revisions\/9413"}],"wp:attachment":[{"href":"https:\/\/pracownia52.pl\/www\/index.php?rest_route=%2Fwp%2Fv2%2Fmedia&parent=9409"}],"curies":[{"name":"wp","href":"https:\/\/api.w.org\/{rel}","templated":true}]}}