{"id":9566,"date":"2019-07-20T14:37:54","date_gmt":"2019-07-20T14:37:54","guid":{"rendered":"https:\/\/pracownia52.pl\/www\/?page_id=9566"},"modified":"2019-07-20T14:39:19","modified_gmt":"2019-07-20T14:39:19","slug":"gayga","status":"publish","type":"page","link":"https:\/\/pracownia52.pl\/www\/?page_id=9566","title":{"rendered":"Gayga"},"content":{"rendered":"\n<p>D\u0142u\u017csza opowie\u015b\u0107. No to mo\u017ce fragment z \u201e<strong><a href=\"http:\/\/obok.info\/?page_id=35\">Obok<\/a><\/strong>\u2026\u201d<\/p>\n\n\n\n<blockquote class=\"wp-block-quote is-layout-flow wp-block-quote-is-layout-flow\"><p>Marcin Jacobson: <em>W\u0142adza nie mog\u0142a nie zareagowa\u0107 na oddolny ruch (\u201eMuzyki M\u0142odej Generacji\u201d) i szybko zastosowa\u0142a antidotum, kt\u00f3rym mia\u0142a by\u0107 muzyka disco oraz do\u015b\u0107 profesjonalnie wypreparowane  gwiazdy (Iza Trojanowska), kt\u00f3re czasami  przybiera\u0142y karykaturaln\u0105 posta\u0107 (Gayga)\u2026<\/em> (\u201eMachina\u201d 2008 r.) <br \/><br \/>mrm: \u2013 Napisa\u0142em co\u015b kiedy\u015b w blogu, o Gaydze i zdj\u0119ciach, kt\u00f3re jej robi\u0142em: (\u2026) <em>zdj\u0119\u0107 na ok\u0142adk\u0119 \u201eMagazynu Muzycznego\u201d \u2013 wykonane na \u201epolecenie s\u0142u\u017cbowe\u201d red. naczelnego Mariana Butryma (ZMS-owskie \u201eRazem\u201d oraz, od 1982 r. dawny nasz \u201eJazz\u201d, przerobiony na \u201eMM\u201d). a bo (podobno, sugerowa\u0142 kto\u015b w redakcji \u2013 MB? kto\u015b inny? nie pami\u0119tam\u2026) \u2013 jaki\u015b jej wuj \u2013 by\u0142 cz\u0142onkiem WRON czy PRON\u2026 Portretowana m\u00f3wi, \u017ce to nieprawda. Ale red. Marian w takich sytuacjach bywa\u0142 \u201enadgorliwy\u201d raczej\u2026<\/em> <br \/>Dosta\u0142em najpierw sms-a od Bernarda So\u0142tysika (tw\u00f3rca Pro Contry, kompozytor Gaygi): <br \/>(\u2026) <em>w co mnie Pan wci\u0105ga co jest grane co mnie i ludzi obchodz\u0105 wasze wewn\u0119trzne stosunki w gazecie<\/em> (\u2026) <em>m\u00f3g\u0142 Pan odm\u00f3wi\u0107 ludzie wtedy si\u0119 okre\u015blali Gayga nie ba\u0142a si\u0119 wyst\u0105pi\u0107 na rzecz Solidarno\u015bci w telewizji ameryka\u0144skiej <\/em>(\u2026) <br \/>a p\u00f3\u017aniej zacz\u0119\u0142a si\u0119 dyskusja (\u2026) d\u0142uga, przykra, ja\u0142owa. <\/p><cite>mr makowski (i inni) \u201e<strong><a href=\"http:\/\/obok.info\/?page_id=35\">Obok albo ile procent babilonu?<\/a><\/strong>\u201d str.  383-385<\/cite><\/blockquote>\n\n\n\n<p>A reszta \u2013 w ksi\u0105\u017cce, niewiele, bo ca\u0142a ta \u201esprawa\u201d\u2026 Ale zdj\u0119cia zrobi\u0142em, jednak.<br \/>mr m.<br \/><\/p>\n","protected":false},"excerpt":{"rendered":"<p>D\u0142u\u017csza opowie\u015b\u0107. No to mo\u017ce fragment z \u201eObok\u2026\u201d Marcin Jacobson: W\u0142adza nie mog\u0142a nie zareagowa\u0107 na oddolny ruch (\u201eMuzyki M\u0142odej Generacji\u201d) i szybko zastosowa\u0142a antidotum, kt\u00f3rym mia\u0142a by\u0107 muzyka disco oraz do\u015b\u0107 profesjonalnie wypreparowane gwiazdy (Iza Trojanowska), kt\u00f3re czasami przybiera\u0142y karykaturaln\u0105 posta\u0107 (Gayga)\u2026 (\u201eMachina\u201d 2008 r.) mrm: \u2013 Napisa\u0142em co\u015b kiedy\u015b w blogu, o Gaydze &hellip; <\/p>\n<p class=\"link-more\"><a href=\"https:\/\/pracownia52.pl\/www\/?page_id=9566\" class=\"more-link\">Czytaj dalej<span class=\"screen-reader-text\"> \u201eGayga\u201d<\/span><\/a><\/p>\n","protected":false},"author":1,"featured_media":9571,"parent":0,"menu_order":0,"comment_status":"closed","ping_status":"closed","template":"","meta":{"footnotes":""},"class_list":["post-9566","page","type-page","status-publish","has-post-thumbnail","hentry"],"_links":{"self":[{"href":"https:\/\/pracownia52.pl\/www\/index.php?rest_route=\/wp\/v2\/pages\/9566","targetHints":{"allow":["GET"]}}],"collection":[{"href":"https:\/\/pracownia52.pl\/www\/index.php?rest_route=\/wp\/v2\/pages"}],"about":[{"href":"https:\/\/pracownia52.pl\/www\/index.php?rest_route=\/wp\/v2\/types\/page"}],"author":[{"embeddable":true,"href":"https:\/\/pracownia52.pl\/www\/index.php?rest_route=\/wp\/v2\/users\/1"}],"replies":[{"embeddable":true,"href":"https:\/\/pracownia52.pl\/www\/index.php?rest_route=%2Fwp%2Fv2%2Fcomments&post=9566"}],"version-history":[{"count":5,"href":"https:\/\/pracownia52.pl\/www\/index.php?rest_route=\/wp\/v2\/pages\/9566\/revisions"}],"predecessor-version":[{"id":9572,"href":"https:\/\/pracownia52.pl\/www\/index.php?rest_route=\/wp\/v2\/pages\/9566\/revisions\/9572"}],"wp:featuredmedia":[{"embeddable":true,"href":"https:\/\/pracownia52.pl\/www\/index.php?rest_route=\/wp\/v2\/media\/9571"}],"wp:attachment":[{"href":"https:\/\/pracownia52.pl\/www\/index.php?rest_route=%2Fwp%2Fv2%2Fmedia&parent=9566"}],"curies":[{"name":"wp","href":"https:\/\/api.w.org\/{rel}","templated":true}]}}