{"id":9678,"date":"2020-02-17T11:01:24","date_gmt":"2020-02-17T11:01:24","guid":{"rendered":"https:\/\/pracownia52.pl\/www\/?page_id=9678"},"modified":"2020-03-15T07:27:18","modified_gmt":"2020-03-15T07:27:18","slug":"abstrakcje","status":"publish","type":"page","link":"https:\/\/pracownia52.pl\/www\/?page_id=9678","title":{"rendered":"abstrakcje"},"content":{"rendered":"\n<figure class=\"wp-block-gallery columns-3 is-cropped wp-block-gallery-1 is-layout-flex wp-block-gallery-is-layout-flex\"><ul class=\"blocks-gallery-grid\"><li class=\"blocks-gallery-item\"><figure><a href=\"https:\/\/pracownia52.pl\/www\/wp-content\/uploads\/2020\/02\/abstrakcyjna-2012-04-624x468-1.jpg\"><img loading=\"lazy\" decoding=\"async\" width=\"624\" height=\"468\" src=\"https:\/\/pracownia52.pl\/www\/wp-content\/uploads\/2020\/02\/abstrakcyjna-2012-04-624x468-1.jpg\" alt=\"\" data-id=\"9689\" data-link=\"https:\/\/pracownia52.pl\/www\/?attachment_id=9689\" class=\"wp-image-9689\" srcset=\"https:\/\/pracownia52.pl\/www\/wp-content\/uploads\/2020\/02\/abstrakcyjna-2012-04-624x468-1.jpg?v=1627123562 624w, https:\/\/pracownia52.pl\/www\/wp-content\/uploads\/2020\/02\/abstrakcyjna-2012-04-624x468-1-300x225.jpg?v=1627123562 300w\" sizes=\"auto, (max-width: 624px) 100vw, 624px\" \/><\/a><\/figure><\/li><li class=\"blocks-gallery-item\"><figure><a href=\"https:\/\/pracownia52.pl\/www\/wp-content\/uploads\/2020\/02\/IMG_1173-1024x768.jpg\"><img loading=\"lazy\" decoding=\"async\" width=\"1024\" height=\"768\" src=\"https:\/\/pracownia52.pl\/www\/wp-content\/uploads\/2020\/02\/IMG_1173-1024x768.jpg\" alt=\"\" data-id=\"9681\" data-link=\"https:\/\/pracownia52.pl\/www\/?attachment_id=9681\" class=\"wp-image-9681\" srcset=\"https:\/\/pracownia52.pl\/www\/wp-content\/uploads\/2020\/02\/IMG_1173-1024x768.jpg?v=1627123563 1024w, https:\/\/pracownia52.pl\/www\/wp-content\/uploads\/2020\/02\/IMG_1173-300x225.jpg?v=1627123563 300w, https:\/\/pracownia52.pl\/www\/wp-content\/uploads\/2020\/02\/IMG_1173-768x576.jpg?v=1627123563 768w, https:\/\/pracownia52.pl\/www\/wp-content\/uploads\/2020\/02\/IMG_1173.jpg?v=1627123563 1200w\" sizes=\"auto, (max-width: 767px) 89vw, (max-width: 1000px) 54vw, (max-width: 1071px) 543px, 580px\" \/><\/a><\/figure><\/li><li class=\"blocks-gallery-item\"><figure><a href=\"https:\/\/pracownia52.pl\/www\/wp-content\/uploads\/2020\/02\/IMG_1171-1024x768.jpg\"><img loading=\"lazy\" decoding=\"async\" width=\"1024\" height=\"768\" src=\"https:\/\/pracownia52.pl\/www\/wp-content\/uploads\/2020\/02\/IMG_1171-1024x768.jpg\" alt=\"\" data-id=\"9680\" data-link=\"https:\/\/pracownia52.pl\/www\/?attachment_id=9680\" class=\"wp-image-9680\" srcset=\"https:\/\/pracownia52.pl\/www\/wp-content\/uploads\/2020\/02\/IMG_1171-1024x768.jpg?v=1627123563 1024w, https:\/\/pracownia52.pl\/www\/wp-content\/uploads\/2020\/02\/IMG_1171-300x225.jpg?v=1627123563 300w, https:\/\/pracownia52.pl\/www\/wp-content\/uploads\/2020\/02\/IMG_1171-768x576.jpg?v=1627123563 768w, https:\/\/pracownia52.pl\/www\/wp-content\/uploads\/2020\/02\/IMG_1171.jpg?v=1627123563 1200w\" sizes=\"auto, (max-width: 767px) 89vw, (max-width: 1000px) 54vw, (max-width: 1071px) 543px, 580px\" \/><\/a><\/figure><\/li><li class=\"blocks-gallery-item\"><figure><a href=\"https:\/\/pracownia52.pl\/www\/wp-content\/uploads\/2020\/02\/mur-cmentarza-kaukaskiego-w-warszawie-fot-mr-makowski-2019-0856-1024x768.jpg\"><img loading=\"lazy\" decoding=\"async\" width=\"1024\" height=\"768\" src=\"https:\/\/pracownia52.pl\/www\/wp-content\/uploads\/2020\/02\/mur-cmentarza-kaukaskiego-w-warszawie-fot-mr-makowski-2019-0856-1024x768.jpg\" alt=\"\" data-id=\"9682\" data-link=\"https:\/\/pracownia52.pl\/www\/?attachment_id=9682\" class=\"wp-image-9682\" srcset=\"https:\/\/pracownia52.pl\/www\/wp-content\/uploads\/2020\/02\/mur-cmentarza-kaukaskiego-w-warszawie-fot-mr-makowski-2019-0856-1024x768.jpg?v=1627123563 1024w, https:\/\/pracownia52.pl\/www\/wp-content\/uploads\/2020\/02\/mur-cmentarza-kaukaskiego-w-warszawie-fot-mr-makowski-2019-0856-300x225.jpg?v=1627123563 300w, https:\/\/pracownia52.pl\/www\/wp-content\/uploads\/2020\/02\/mur-cmentarza-kaukaskiego-w-warszawie-fot-mr-makowski-2019-0856-768x576.jpg?v=1627123563 768w, https:\/\/pracownia52.pl\/www\/wp-content\/uploads\/2020\/02\/mur-cmentarza-kaukaskiego-w-warszawie-fot-mr-makowski-2019-0856.jpg?v=1627123563 1200w\" sizes=\"auto, (max-width: 767px) 89vw, (max-width: 1000px) 54vw, (max-width: 1071px) 543px, 580px\" \/><\/a><\/figure><\/li><li class=\"blocks-gallery-item\"><figure><a href=\"https:\/\/pracownia52.pl\/www\/wp-content\/uploads\/2020\/02\/sowa-3225-740x555-1.jpg\"><img loading=\"lazy\" decoding=\"async\" width=\"740\" height=\"555\" src=\"https:\/\/pracownia52.pl\/www\/wp-content\/uploads\/2020\/02\/sowa-3225-740x555-1.jpg\" alt=\"\" data-id=\"9687\" data-link=\"https:\/\/pracownia52.pl\/www\/?attachment_id=9687\" class=\"wp-image-9687\" srcset=\"https:\/\/pracownia52.pl\/www\/wp-content\/uploads\/2020\/02\/sowa-3225-740x555-1.jpg?v=1627123563 740w, https:\/\/pracownia52.pl\/www\/wp-content\/uploads\/2020\/02\/sowa-3225-740x555-1-300x225.jpg?v=1627123563 300w\" sizes=\"auto, (max-width: 706px) 89vw, (max-width: 767px) 82vw, 740px\" \/><\/a><\/figure><\/li><li class=\"blocks-gallery-item\"><figure><a href=\"https:\/\/pracownia52.pl\/www\/wp-content\/uploads\/2020\/02\/abstrakcja-geometryczna-2014-02.jpg\"><img loading=\"lazy\" decoding=\"async\" width=\"900\" height=\"675\" src=\"https:\/\/pracownia52.pl\/www\/wp-content\/uploads\/2020\/02\/abstrakcja-geometryczna-2014-02.jpg\" alt=\"\" data-id=\"9691\" data-link=\"https:\/\/pracownia52.pl\/www\/?attachment_id=9691\" class=\"wp-image-9691\" srcset=\"https:\/\/pracownia52.pl\/www\/wp-content\/uploads\/2020\/02\/abstrakcja-geometryczna-2014-02.jpg?v=1627123562 900w, https:\/\/pracownia52.pl\/www\/wp-content\/uploads\/2020\/02\/abstrakcja-geometryczna-2014-02-300x225.jpg?v=1627123562 300w, https:\/\/pracownia52.pl\/www\/wp-content\/uploads\/2020\/02\/abstrakcja-geometryczna-2014-02-768x576.jpg?v=1627123562 768w\" sizes=\"auto, (max-width: 767px) 89vw, (max-width: 1000px) 54vw, (max-width: 1071px) 543px, 580px\" \/><\/a><\/figure><\/li><li class=\"blocks-gallery-item\"><figure><a href=\"https:\/\/pracownia52.pl\/www\/wp-content\/uploads\/2020\/02\/malarstwo-abstrakcyjno-socrealistyczne-001.jpg\"><img loading=\"lazy\" decoding=\"async\" width=\"800\" height=\"600\" src=\"https:\/\/pracownia52.pl\/www\/wp-content\/uploads\/2020\/02\/malarstwo-abstrakcyjno-socrealistyczne-001.jpg\" alt=\"\" data-id=\"9692\" data-link=\"https:\/\/pracownia52.pl\/www\/?attachment_id=9692\" class=\"wp-image-9692\" srcset=\"https:\/\/pracownia52.pl\/www\/wp-content\/uploads\/2020\/02\/malarstwo-abstrakcyjno-socrealistyczne-001.jpg?v=1627123562 800w, https:\/\/pracownia52.pl\/www\/wp-content\/uploads\/2020\/02\/malarstwo-abstrakcyjno-socrealistyczne-001-300x225.jpg?v=1627123562 300w, https:\/\/pracownia52.pl\/www\/wp-content\/uploads\/2020\/02\/malarstwo-abstrakcyjno-socrealistyczne-001-768x576.jpg?v=1627123562 768w\" sizes=\"auto, (max-width: 767px) 89vw, (max-width: 1000px) 54vw, (max-width: 1071px) 543px, 580px\" \/><\/a><\/figure><\/li><li class=\"blocks-gallery-item\"><figure><a href=\"https:\/\/pracownia52.pl\/www\/wp-content\/uploads\/2020\/03\/abstrakcja-warszawa-2019-fot-mr-makowski-0743-low-res.jpg?v=1584257221\"><img loading=\"lazy\" decoding=\"async\" width=\"1024\" height=\"768\" src=\"https:\/\/pracownia52.pl\/www\/wp-content\/uploads\/2020\/03\/abstrakcja-warszawa-2019-fot-mr-makowski-0743-low-res-1024x768.jpg?v=1584257221\" alt=\"\" data-id=\"9701\" data-full-url=\"https:\/\/pracownia52.pl\/www\/wp-content\/uploads\/2020\/03\/abstrakcja-warszawa-2019-fot-mr-makowski-0743-low-res.jpg?v=1584257221\" data-link=\"https:\/\/pracownia52.pl\/www\/?attachment_id=9701\" class=\"wp-image-9701\" srcset=\"https:\/\/pracownia52.pl\/www\/wp-content\/uploads\/2020\/03\/abstrakcja-warszawa-2019-fot-mr-makowski-0743-low-res-1024x768.jpg?v=1627123561 1024w, https:\/\/pracownia52.pl\/www\/wp-content\/uploads\/2020\/03\/abstrakcja-warszawa-2019-fot-mr-makowski-0743-low-res-300x225.jpg?v=1627123561 300w, https:\/\/pracownia52.pl\/www\/wp-content\/uploads\/2020\/03\/abstrakcja-warszawa-2019-fot-mr-makowski-0743-low-res-768x576.jpg?v=1627123561 768w, https:\/\/pracownia52.pl\/www\/wp-content\/uploads\/2020\/03\/abstrakcja-warszawa-2019-fot-mr-makowski-0743-low-res.jpg?v=1627123561 1200w\" sizes=\"auto, (max-width: 767px) 89vw, (max-width: 1000px) 54vw, (max-width: 1071px) 543px, 580px\" \/><\/a><\/figure><\/li><\/ul><\/figure>\n\n\n\n<p>Rzeczywisto\u015b\u0107 bez ingerencji. <strong><a href=\"https:\/\/ooops.pl\/?p=33647\">Zawsze<\/a><\/strong> <strong><a href=\"https:\/\/ooops.pl\/?p=31923\">lubi\u0142em<\/a><\/strong>.<br \/>mr m.<\/p>\n","protected":false},"excerpt":{"rendered":"<p>Rzeczywisto\u015b\u0107 bez ingerencji. Zawsze lubi\u0142em.mr m.<\/p>\n","protected":false},"author":1,"featured_media":9682,"parent":0,"menu_order":3,"comment_status":"closed","ping_status":"closed","template":"","meta":{"footnotes":""},"class_list":["post-9678","page","type-page","status-publish","has-post-thumbnail","hentry"],"_links":{"self":[{"href":"https:\/\/pracownia52.pl\/www\/index.php?rest_route=\/wp\/v2\/pages\/9678","targetHints":{"allow":["GET"]}}],"collection":[{"href":"https:\/\/pracownia52.pl\/www\/index.php?rest_route=\/wp\/v2\/pages"}],"about":[{"href":"https:\/\/pracownia52.pl\/www\/index.php?rest_route=\/wp\/v2\/types\/page"}],"author":[{"embeddable":true,"href":"https:\/\/pracownia52.pl\/www\/index.php?rest_route=\/wp\/v2\/users\/1"}],"replies":[{"embeddable":true,"href":"https:\/\/pracownia52.pl\/www\/index.php?rest_route=%2Fwp%2Fv2%2Fcomments&post=9678"}],"version-history":[{"count":10,"href":"https:\/\/pracownia52.pl\/www\/index.php?rest_route=\/wp\/v2\/pages\/9678\/revisions"}],"predecessor-version":[{"id":9702,"href":"https:\/\/pracownia52.pl\/www\/index.php?rest_route=\/wp\/v2\/pages\/9678\/revisions\/9702"}],"wp:featuredmedia":[{"embeddable":true,"href":"https:\/\/pracownia52.pl\/www\/index.php?rest_route=\/wp\/v2\/media\/9682"}],"wp:attachment":[{"href":"https:\/\/pracownia52.pl\/www\/index.php?rest_route=%2Fwp%2Fv2%2Fmedia&parent=9678"}],"curies":[{"name":"wp","href":"https:\/\/api.w.org\/{rel}","templated":true}]}}