{"id":9721,"date":"2020-08-08T09:47:37","date_gmt":"2020-08-08T09:47:37","guid":{"rendered":"https:\/\/pracownia52.pl\/www\/?page_id=9721"},"modified":"2020-08-08T10:19:25","modified_gmt":"2020-08-08T10:19:25","slug":"berlin-west-1987-david-bowie-genesis-eurythmics","status":"publish","type":"page","link":"https:\/\/pracownia52.pl\/www\/?page_id=9721","title":{"rendered":"Berlin West (1987): David Bowie, Genesis, Eurythmics\u2026"},"content":{"rendered":"\n<p>Szeroko <strong><a href=\"https:\/\/en.wikipedia.org\/wiki\/Rock_music_and_the_fall_of_communism\">opisywany<\/a><\/strong> koncert, r\u00f3wnie\u017c <strong><a href=\"https:\/\/www.kpbs.org\/news\/2010\/jul\/21\/how-beatles-rocked-kremlin\/\">w filmach<\/a><\/strong>, (to jeden i <strong><a href=\"https:\/\/www.imdb.com\/title\/tt4287080\/fullcredits?ref_=tt_cl_sm#cast\">drugi<\/a><\/strong>), nazywaj\u0105cych si\u0119 dokumentalnymi. Zwykle jednak opisywany <strong><a href=\"https:\/\/ooops.pl\/?p=36387\">nieprawdziwie<\/a><\/strong> \u2013 ale dzi\u015b modna jest teza, i\u017c to <em>rock obali\u0142<\/em>\u2026 No, c\u00f3\u017c: by\u0142em tam i <strong><a href=\"https:\/\/pracownia52.pl\/www\/?page_id=3721\">tam<\/a><\/strong>, mam zdj\u0119cia \u2013 ale kogo obchodzi, jak by\u0142o.<br \/>mr m.<\/p>\n\n\n\n<figure class=\"wp-block-gallery columns-3 is-cropped wp-block-gallery-1 is-layout-flex wp-block-gallery-is-layout-flex\"><ul class=\"blocks-gallery-grid\"><li class=\"blocks-gallery-item\"><figure><a href=\"https:\/\/pracownia52.pl\/www\/wp-content\/uploads\/2020\/08\/1987-berlin-Davis-Bowie-Genesis-New-Model-Army-fot-mr-makowki-low-res-959-1024x705.jpg?v=1596879875\"><img loading=\"lazy\" decoding=\"async\" width=\"1024\" height=\"705\" src=\"https:\/\/pracownia52.pl\/www\/wp-content\/uploads\/2020\/08\/1987-berlin-Davis-Bowie-Genesis-New-Model-Army-fot-mr-makowki-low-res-959-1024x705.jpg?v=1596879875\" alt=\"\" data-id=\"9725\" data-link=\"https:\/\/pracownia52.pl\/www\/?attachment_id=9725\" class=\"wp-image-9725\" srcset=\"https:\/\/pracownia52.pl\/www\/wp-content\/uploads\/2020\/08\/1987-berlin-Davis-Bowie-Genesis-New-Model-Army-fot-mr-makowki-low-res-959-1024x705.jpg?v=1627123560 1024w, https:\/\/pracownia52.pl\/www\/wp-content\/uploads\/2020\/08\/1987-berlin-Davis-Bowie-Genesis-New-Model-Army-fot-mr-makowki-low-res-959-300x207.jpg?v=1627123560 300w, https:\/\/pracownia52.pl\/www\/wp-content\/uploads\/2020\/08\/1987-berlin-Davis-Bowie-Genesis-New-Model-Army-fot-mr-makowki-low-res-959-768x529.jpg?v=1627123560 768w, https:\/\/pracownia52.pl\/www\/wp-content\/uploads\/2020\/08\/1987-berlin-Davis-Bowie-Genesis-New-Model-Army-fot-mr-makowki-low-res-959.jpg?v=1627123560 1200w\" sizes=\"auto, (max-width: 767px) 89vw, (max-width: 1000px) 54vw, (max-width: 1071px) 543px, 580px\" \/><\/a><\/figure><\/li><li class=\"blocks-gallery-item\"><figure><a href=\"https:\/\/pracownia52.pl\/www\/wp-content\/uploads\/2020\/08\/1987-berlin-Davis-Bowie-Genesis-New-Model-Army-fot-mr-makowki-low-res-957-1024x686.jpg?v=1596879871\"><img loading=\"lazy\" decoding=\"async\" width=\"1024\" height=\"686\" src=\"https:\/\/pracownia52.pl\/www\/wp-content\/uploads\/2020\/08\/1987-berlin-Davis-Bowie-Genesis-New-Model-Army-fot-mr-makowki-low-res-957-1024x686.jpg?v=1596879871\" alt=\"\" data-id=\"9723\" data-link=\"https:\/\/pracownia52.pl\/www\/?attachment_id=9723\" class=\"wp-image-9723\" srcset=\"https:\/\/pracownia52.pl\/www\/wp-content\/uploads\/2020\/08\/1987-berlin-Davis-Bowie-Genesis-New-Model-Army-fot-mr-makowki-low-res-957-1024x686.jpg?v=1627123560 1024w, https:\/\/pracownia52.pl\/www\/wp-content\/uploads\/2020\/08\/1987-berlin-Davis-Bowie-Genesis-New-Model-Army-fot-mr-makowki-low-res-957-300x201.jpg?v=1627123560 300w, https:\/\/pracownia52.pl\/www\/wp-content\/uploads\/2020\/08\/1987-berlin-Davis-Bowie-Genesis-New-Model-Army-fot-mr-makowki-low-res-957-768x515.jpg?v=1627123560 768w, https:\/\/pracownia52.pl\/www\/wp-content\/uploads\/2020\/08\/1987-berlin-Davis-Bowie-Genesis-New-Model-Army-fot-mr-makowki-low-res-957.jpg?v=1627123560 1200w\" sizes=\"auto, (max-width: 767px) 89vw, (max-width: 1000px) 54vw, (max-width: 1071px) 543px, 580px\" \/><\/a><\/figure><\/li><li class=\"blocks-gallery-item\"><figure><a href=\"https:\/\/pracownia52.pl\/www\/wp-content\/uploads\/2020\/08\/1987-Bowie-berlin-fot-mr-makowski-fragment-low-903.jpg?v=1596881903\"><img loading=\"lazy\" decoding=\"async\" width=\"974\" height=\"1024\" src=\"https:\/\/pracownia52.pl\/www\/wp-content\/uploads\/2020\/08\/1987-Bowie-berlin-fot-mr-makowski-fragment-low-903-974x1024.jpg?v=1596881903\" alt=\"\" data-id=\"9730\" data-full-url=\"https:\/\/pracownia52.pl\/www\/wp-content\/uploads\/2020\/08\/1987-Bowie-berlin-fot-mr-makowski-fragment-low-903.jpg?v=1596881903\" data-link=\"https:\/\/pracownia52.pl\/www\/?attachment_id=9730\" class=\"wp-image-9730\" srcset=\"https:\/\/pracownia52.pl\/www\/wp-content\/uploads\/2020\/08\/1987-Bowie-berlin-fot-mr-makowski-fragment-low-903-974x1024.jpg?v=1627123559 974w, https:\/\/pracownia52.pl\/www\/wp-content\/uploads\/2020\/08\/1987-Bowie-berlin-fot-mr-makowski-fragment-low-903-285x300.jpg?v=1627123559 285w, https:\/\/pracownia52.pl\/www\/wp-content\/uploads\/2020\/08\/1987-Bowie-berlin-fot-mr-makowski-fragment-low-903-768x807.jpg?v=1627123559 768w, https:\/\/pracownia52.pl\/www\/wp-content\/uploads\/2020\/08\/1987-Bowie-berlin-fot-mr-makowski-fragment-low-903.jpg?v=1627123559 1200w\" sizes=\"auto, (max-width: 767px) 89vw, (max-width: 1000px) 54vw, (max-width: 1071px) 543px, 580px\" \/><\/a><\/figure><\/li><li class=\"blocks-gallery-item\"><figure><a href=\"https:\/\/pracownia52.pl\/www\/wp-content\/uploads\/2020\/08\/1987-Bowie-berlin-fot-mr-makowski-low-res-902.jpg?v=1596881905\"><img loading=\"lazy\" decoding=\"async\" width=\"1024\" height=\"693\" src=\"https:\/\/pracownia52.pl\/www\/wp-content\/uploads\/2020\/08\/1987-Bowie-berlin-fot-mr-makowski-low-res-902-1024x693.jpg?v=1596881905\" alt=\"\" data-id=\"9731\" data-full-url=\"https:\/\/pracownia52.pl\/www\/wp-content\/uploads\/2020\/08\/1987-Bowie-berlin-fot-mr-makowski-low-res-902.jpg?v=1596881905\" data-link=\"https:\/\/pracownia52.pl\/www\/?attachment_id=9731\" class=\"wp-image-9731\" srcset=\"https:\/\/pracownia52.pl\/www\/wp-content\/uploads\/2020\/08\/1987-Bowie-berlin-fot-mr-makowski-low-res-902-1024x693.jpg?v=1627123559 1024w, https:\/\/pracownia52.pl\/www\/wp-content\/uploads\/2020\/08\/1987-Bowie-berlin-fot-mr-makowski-low-res-902-300x203.jpg?v=1627123559 300w, https:\/\/pracownia52.pl\/www\/wp-content\/uploads\/2020\/08\/1987-Bowie-berlin-fot-mr-makowski-low-res-902-768x520.jpg?v=1627123559 768w, https:\/\/pracownia52.pl\/www\/wp-content\/uploads\/2020\/08\/1987-Bowie-berlin-fot-mr-makowski-low-res-902.jpg?v=1627123559 1200w\" sizes=\"auto, (max-width: 767px) 89vw, (max-width: 1000px) 54vw, (max-width: 1071px) 543px, 580px\" \/><\/a><\/figure><\/li><\/ul><\/figure>\n","protected":false},"excerpt":{"rendered":"<p>Szeroko opisywany koncert, r\u00f3wnie\u017c w filmach, (to jeden i drugi), nazywaj\u0105cych si\u0119 dokumentalnymi. Zwykle jednak opisywany nieprawdziwie \u2013 ale dzi\u015b modna jest teza, i\u017c to rock obali\u0142\u2026 No, c\u00f3\u017c: by\u0142em tam i tam, mam zdj\u0119cia \u2013 ale kogo obchodzi, jak by\u0142o.mr m.<\/p>\n","protected":false},"author":1,"featured_media":9724,"parent":0,"menu_order":0,"comment_status":"closed","ping_status":"closed","template":"","meta":{"footnotes":""},"class_list":["post-9721","page","type-page","status-publish","has-post-thumbnail","hentry"],"_links":{"self":[{"href":"https:\/\/pracownia52.pl\/www\/index.php?rest_route=\/wp\/v2\/pages\/9721","targetHints":{"allow":["GET"]}}],"collection":[{"href":"https:\/\/pracownia52.pl\/www\/index.php?rest_route=\/wp\/v2\/pages"}],"about":[{"href":"https:\/\/pracownia52.pl\/www\/index.php?rest_route=\/wp\/v2\/types\/page"}],"author":[{"embeddable":true,"href":"https:\/\/pracownia52.pl\/www\/index.php?rest_route=\/wp\/v2\/users\/1"}],"replies":[{"embeddable":true,"href":"https:\/\/pracownia52.pl\/www\/index.php?rest_route=%2Fwp%2Fv2%2Fcomments&post=9721"}],"version-history":[{"count":7,"href":"https:\/\/pracownia52.pl\/www\/index.php?rest_route=\/wp\/v2\/pages\/9721\/revisions"}],"predecessor-version":[{"id":9733,"href":"https:\/\/pracownia52.pl\/www\/index.php?rest_route=\/wp\/v2\/pages\/9721\/revisions\/9733"}],"wp:featuredmedia":[{"embeddable":true,"href":"https:\/\/pracownia52.pl\/www\/index.php?rest_route=\/wp\/v2\/media\/9724"}],"wp:attachment":[{"href":"https:\/\/pracownia52.pl\/www\/index.php?rest_route=%2Fwp%2Fv2%2Fmedia&parent=9721"}],"curies":[{"name":"wp","href":"https:\/\/api.w.org\/{rel}","templated":true}]}}