{"id":9804,"date":"2021-04-13T15:29:03","date_gmt":"2021-04-13T15:29:03","guid":{"rendered":"https:\/\/pracownia52.pl\/www\/?page_id=9804"},"modified":"2021-04-13T15:29:04","modified_gmt":"2021-04-13T15:29:04","slug":"wahehe","status":"publish","type":"page","link":"https:\/\/pracownia52.pl\/www\/?page_id=9804","title":{"rendered":"Wahehe"},"content":{"rendered":"\n<p>\u2026czyli inne zdj\u0119cie, ni\u017c to, kt\u00f3re jest w \u201e<strong><a href=\"https:\/\/pracownia52.pl\/www\/?page_id=568\" data-type=\"page\" data-id=\"568\">poza kontrol\u0105<\/a><\/strong>\u201d; to pojawi\u0142o si\u0119 <strong><a href=\"http:\/\/stilon-c60.blogspot.com\/2009\/12\/wahehe-matowe-oko.html\" data-type=\"URL\" data-id=\"http:\/\/stilon-c60.blogspot.com\/2009\/12\/wahehe-matowe-oko.html\">na CD<\/a><\/strong>, ju\u017c w naszych czasach. Oto moja ulubiona fotografia: brudna, <strong><a href=\"https:\/\/pracownia52.pl\/www\/?page_id=2595\" data-type=\"page\" data-id=\"2595\">porysowana<\/a><\/strong>, niedowo\u0142ana\u2026<br \/>mr m.<\/p>\n","protected":false},"excerpt":{"rendered":"<p>\u2026czyli inne zdj\u0119cie, ni\u017c to, kt\u00f3re jest w \u201epoza kontrol\u0105\u201d; to pojawi\u0142o si\u0119 na CD, ju\u017c w naszych czasach. Oto moja ulubiona fotografia: brudna, porysowana, niedowo\u0142ana\u2026mr m.<\/p>\n","protected":false},"author":1,"featured_media":9806,"parent":0,"menu_order":0,"comment_status":"closed","ping_status":"closed","template":"","meta":{"footnotes":""},"class_list":["post-9804","page","type-page","status-publish","has-post-thumbnail","hentry"],"_links":{"self":[{"href":"https:\/\/pracownia52.pl\/www\/index.php?rest_route=\/wp\/v2\/pages\/9804","targetHints":{"allow":["GET"]}}],"collection":[{"href":"https:\/\/pracownia52.pl\/www\/index.php?rest_route=\/wp\/v2\/pages"}],"about":[{"href":"https:\/\/pracownia52.pl\/www\/index.php?rest_route=\/wp\/v2\/types\/page"}],"author":[{"embeddable":true,"href":"https:\/\/pracownia52.pl\/www\/index.php?rest_route=\/wp\/v2\/users\/1"}],"replies":[{"embeddable":true,"href":"https:\/\/pracownia52.pl\/www\/index.php?rest_route=%2Fwp%2Fv2%2Fcomments&post=9804"}],"version-history":[{"count":3,"href":"https:\/\/pracownia52.pl\/www\/index.php?rest_route=\/wp\/v2\/pages\/9804\/revisions"}],"predecessor-version":[{"id":9808,"href":"https:\/\/pracownia52.pl\/www\/index.php?rest_route=\/wp\/v2\/pages\/9804\/revisions\/9808"}],"wp:featuredmedia":[{"embeddable":true,"href":"https:\/\/pracownia52.pl\/www\/index.php?rest_route=\/wp\/v2\/media\/9806"}],"wp:attachment":[{"href":"https:\/\/pracownia52.pl\/www\/index.php?rest_route=%2Fwp%2Fv2%2Fmedia&parent=9804"}],"curies":[{"name":"wp","href":"https:\/\/api.w.org\/{rel}","templated":true}]}}