{"id":9975,"date":"2021-11-19T10:49:20","date_gmt":"2021-11-19T10:49:20","guid":{"rendered":"https:\/\/pracownia52.pl\/www\/?page_id=9975"},"modified":"2021-11-19T10:49:20","modified_gmt":"2021-11-19T10:49:20","slug":"andrzej-urny","status":"publish","type":"page","link":"https:\/\/pracownia52.pl\/www\/?page_id=9975","title":{"rendered":"Andrzej Urny"},"content":{"rendered":"\n<p>Jeszcze z\u00a0<strong><a href=\"https:\/\/pracownia52.pl\/www\/?page_id=416\">Krzaka<\/a><\/strong>, by\u0142 wtedy <strong><a href=\"https:\/\/ooops.pl\/?p=36905\" data-type=\"URL\" data-id=\"https:\/\/ooops.pl\/?p=36905\">m\u0142odym ch\u0142opakiem<\/a><\/strong>\u2026 P\u00f3\u017aniej ten\u00a0<strong><a href=\"https:\/\/pracownia52.pl\/www\/?page_id=2586\">Perfect<\/a><\/strong>: raczej przelotnie. Wi\u0119cej Andrzeja w czasach\u00a0<strong><a href=\"https:\/\/pracownia52.pl\/www\/?page_id=828\">Woo Boo Doo<\/a><\/strong>\u00a0i\u00a0<strong><a href=\"https:\/\/pracownia52.pl\/www\/?page_id=874\">Young Power<\/a><\/strong>. Zmar\u0142 w 2021.<br \/>mr m.<\/p>\n","protected":false},"excerpt":{"rendered":"<p>Jeszcze z\u00a0Krzaka, by\u0142 wtedy m\u0142odym ch\u0142opakiem\u2026 P\u00f3\u017aniej ten\u00a0Perfect: raczej przelotnie. Wi\u0119cej Andrzeja w czasach\u00a0Woo Boo Doo\u00a0i\u00a0Young Power. Zmar\u0142 w 2021.mr m.<\/p>\n","protected":false},"author":1,"featured_media":9977,"parent":0,"menu_order":0,"comment_status":"closed","ping_status":"closed","template":"","meta":{"footnotes":""},"class_list":["post-9975","page","type-page","status-publish","has-post-thumbnail","hentry"],"_links":{"self":[{"href":"https:\/\/pracownia52.pl\/www\/index.php?rest_route=\/wp\/v2\/pages\/9975","targetHints":{"allow":["GET"]}}],"collection":[{"href":"https:\/\/pracownia52.pl\/www\/index.php?rest_route=\/wp\/v2\/pages"}],"about":[{"href":"https:\/\/pracownia52.pl\/www\/index.php?rest_route=\/wp\/v2\/types\/page"}],"author":[{"embeddable":true,"href":"https:\/\/pracownia52.pl\/www\/index.php?rest_route=\/wp\/v2\/users\/1"}],"replies":[{"embeddable":true,"href":"https:\/\/pracownia52.pl\/www\/index.php?rest_route=%2Fwp%2Fv2%2Fcomments&post=9975"}],"version-history":[{"count":2,"href":"https:\/\/pracownia52.pl\/www\/index.php?rest_route=\/wp\/v2\/pages\/9975\/revisions"}],"predecessor-version":[{"id":9978,"href":"https:\/\/pracownia52.pl\/www\/index.php?rest_route=\/wp\/v2\/pages\/9975\/revisions\/9978"}],"wp:featuredmedia":[{"embeddable":true,"href":"https:\/\/pracownia52.pl\/www\/index.php?rest_route=\/wp\/v2\/media\/9977"}],"wp:attachment":[{"href":"https:\/\/pracownia52.pl\/www\/index.php?rest_route=%2Fwp%2Fv2%2Fmedia&parent=9975"}],"curies":[{"name":"wp","href":"https:\/\/api.w.org\/{rel}","templated":true}]}}